{"id":745796,"date":"2025-08-28T02:28:04","date_gmt":"2025-08-27T23:28:04","guid":{"rendered":"https:\/\/roveyayinevi.com.tr\/index.php\/urun\/kara-kam-ciltli\/"},"modified":"2026-04-16T02:58:21","modified_gmt":"2026-04-15T23:58:21","slug":"kara-kam-ciltli","status":"publish","type":"product","link":"https:\/\/roveyayinevi.com.tr\/index.php\/urun\/kara-kam-ciltli\/","title":{"rendered":"Kara Kam (Ciltli)"},"content":{"rendered":"<p>\u0130lk defa 1971 y\u0131l\u0131nda, Ankara\u2019da \u201csar\u0131 kara\u201d bir g\u00fcz gecesinde \u201cBican Agay\u201d\u0131n zihnine d\u00fc\u015fen ve \u00e7\u0131kmak, \u0131\u015f\u0131k g\u00f6rmek i\u00e7in onu \u00e7ok zorlayan Kara Kam\u2019\u0131n \u015fiirleri, y\u0131llar boyunca kendisini g\u00f6r\u00fcn\u00fcr k\u0131lacak ge\u00e7itler arayarak g\u00f6lgelerde dola\u015ft\u0131, ara ara birka\u00e7 d\u00fc\u015fsel yoklamayla birka\u00e7 k\u0131tal\u0131k s\u00f6zler etti. Pek \u00e7ok y\u00fckseli\u015f ve geli\u015f gidi\u015fi takiben 90\u2019l\u0131 y\u0131llar boyunca sesini par\u00e7a par\u00e7a duyurdu ve 2003 y\u0131l\u0131ndaki son sesleni\u015flerinden on yedi y\u0131l sonra tamamland\u0131\u011f\u0131nda, evrenin ve insan\u0131n yarat\u0131l\u0131\u015f\u0131ndan Ergenekon\u2019dan \u00e7\u0131k\u0131\u015fa dek hik\u00e2yemizi dillendiren 3631 dizelik muazzam bir T\u00fcrk destan\u0131 h\u00e2linde an\u0131tla\u015ft\u0131.  Ahmet Bican Ercilasun\u2019un k\u0131rk y\u0131ll\u0131k edebiyat ve dil verimi olarak bize ula\u015fan Kara Kam\u2019\u0131n T\u00fcrk Bitigi, kaynak olarak mill\u00ee destan\u0131m\u0131z\u0131n k\u00f6k ve dallar\u0131ndan beslenen bir dil uzlu\u011fuyla kurgulanm\u0131\u015f \u00e7a\u011fda\u015f bir eserdir. Destan, Orhun An\u0131tlar\u0131ndan y\u00fcz elli y\u0131l \u00f6ncesinin dilinin T\u00fcrk\u00e7e k\u00f6kenli s\u00f6z varl\u0131\u011f\u0131n\u0131n K\u00f6kt\u00fcrk d\u00f6nemi metin, ses ve bi\u00e7im bilgisine g\u00f6re d\u00fczenlenmi\u015f \u00f6zg\u00fcn bir dillendirili\u015fi ve bu \u00f6zg\u00fcn metnin \u00f6l\u00e7\u00fcnl\u00fc T\u00fcrkiye T\u00fcrk\u00e7esine birtak\u0131m yeni yarat\u0131mlarla aktar\u0131l\u0131\u015f\u0131ndan olu\u015fmaktad\u0131r.<\/p>\n","protected":false},"excerpt":{"rendered":"<p>\u0130lk defa 1971 y\u0131l\u0131nda, Ankara\u2019da \u201csar\u0131 kara\u201d bir g\u00fcz gecesinde \u201cBican Agay\u201d\u0131n zihnine d\u00fc\u015fen ve \u00e7\u0131kmak, \u0131\u015f\u0131k g\u00f6rmek i\u00e7in onu \u00e7ok zorlayan Kara Kam\u2019\u0131n \u015fiirleri, y\u0131llar<span class=\"excerpt-hellip\"> [\u2026]<\/span><\/p>\n","protected":false},"featured_media":0,"template":"","meta":{"_monsterinsights_skip_tracking":false,"_monsterinsights_sitenote_active":false,"_monsterinsights_sitenote_note":"","_monsterinsights_sitenote_category":0},"product_brand":[],"product_cat":[12718,12858],"product_tag":[],"class_list":{"0":"post-745796","1":"product","2":"type-product","3":"status-publish","5":"product_cat-din","6":"product_cat-mitolojiler","7":"pa_cilt-ciltli","8":"pa_tur-kitap","9":"pa_yayinevi-otuken-nesriyat","10":"pa_yazar-ahmet-bican-ercilasun","12":"first","13":"instock","14":"sale","15":"shipping-taxable","16":"purchasable","17":"product-type-simple"},"_links":{"self":[{"href":"https:\/\/roveyayinevi.com.tr\/index.php\/wp-json\/wp\/v2\/product\/745796","targetHints":{"allow":["GET"]}}],"collection":[{"href":"https:\/\/roveyayinevi.com.tr\/index.php\/wp-json\/wp\/v2\/product"}],"about":[{"href":"https:\/\/roveyayinevi.com.tr\/index.php\/wp-json\/wp\/v2\/types\/product"}],"wp:attachment":[{"href":"https:\/\/roveyayinevi.com.tr\/index.php\/wp-json\/wp\/v2\/media?parent=745796"}],"wp:term":[{"taxonomy":"product_brand","embeddable":true,"href":"https:\/\/roveyayinevi.com.tr\/index.php\/wp-json\/wp\/v2\/product_brand?post=745796"},{"taxonomy":"product_cat","embeddable":true,"href":"https:\/\/roveyayinevi.com.tr\/index.php\/wp-json\/wp\/v2\/product_cat?post=745796"},{"taxonomy":"product_tag","embeddable":true,"href":"https:\/\/roveyayinevi.com.tr\/index.php\/wp-json\/wp\/v2\/product_tag?post=745796"}],"curies":[{"name":"wp","href":"https:\/\/api.w.org\/{rel}","templated":true}]}}