{"id":745795,"date":"2025-08-28T02:28:03","date_gmt":"2025-08-27T23:28:03","guid":{"rendered":"https:\/\/roveyayinevi.com.tr\/index.php\/urun\/nasil-koydum-ama-seni-insan-yerine\/"},"modified":"2026-04-16T02:58:21","modified_gmt":"2026-04-15T23:58:21","slug":"nasil-koydum-ama-seni-insan-yerine","status":"publish","type":"product","link":"https:\/\/roveyayinevi.com.tr\/index.php\/urun\/nasil-koydum-ama-seni-insan-yerine\/","title":{"rendered":"Nas\u0131l Koydum Ama Seni \u0130nsan Yerine!"},"content":{"rendered":"<p>Her hik\u00e2ye, \u201cG\u00fcvendim,\u201d diye ba\u015flar, \u201cT\u00fckendim,\u201d diye biter. \u201cSevgi\u201d harcan\u0131r \u00e7o\u011fu zaman ve en sonunda, \u201cNefret ettim!\u201d dersin. Ard\u0131ndan \u201cKe\u015fkeler\u201d ve \u201cAcabalar\u201d sarar benli\u011fini\u2026 O sorular hi\u00e7 bitmez; baz\u0131lar\u0131n\u0131n da cevab\u0131 yoktur. E\u015fyalar toplan\u0131r, an\u0131lar \u00e7\u00f6pe at\u0131l\u0131r. Bir zamanlar \u00f6lesiye g\u00fcvendi\u011fin insana tiksinerek bakars\u0131n. D\u00fcnya ba\u015f\u0131na y\u0131k\u0131lm\u0131\u015f, hayallerin enkaz alt\u0131nda kalm\u0131\u015ft\u0131r. Bildi\u011fin t\u00fcm k\u00fcf\u00fcrleri sayars\u0131n ve hayat, maskesini \u00e7\u0131kar\u0131p t\u00fcm ger\u00e7ekli\u011fiyle seni selamlar.   \u0130\u015fte o zaman geriye tek c\u00fcmle kal\u0131r&#8230; \u201cO de\u011fil de nas\u0131l koydum ama seni insan yerine!\u201d   <\/p>\n","protected":false},"excerpt":{"rendered":"<p>Her hik\u00e2ye, \u201cG\u00fcvendim,\u201d diye ba\u015flar, \u201cT\u00fckendim,\u201d diye biter. \u201cSevgi\u201d harcan\u0131r \u00e7o\u011fu zaman ve en sonunda, \u201cNefret ettim!\u201d dersin. Ard\u0131ndan \u201cKe\u015fkeler\u201d ve \u201cAcabalar\u201d sarar benli\u011fini\u2026 O sorular<span class=\"excerpt-hellip\"> [\u2026]<\/span><\/p>\n","protected":false},"featured_media":0,"template":"","meta":{"_monsterinsights_skip_tracking":false,"_monsterinsights_sitenote_active":false,"_monsterinsights_sitenote_note":"","_monsterinsights_sitenote_category":0},"product_brand":[],"product_cat":[12291,12711],"product_tag":[],"class_list":{"0":"post-745795","1":"product","2":"type-product","3":"status-publish","5":"product_cat-edebiyat","6":"product_cat-roman-oyku","7":"pa_cilt-ciltsiz","8":"pa_tur-kitap","9":"pa_yayinevi-indigo-kitap","10":"pa_yazar-tuba-ezici","12":"first","13":"instock","14":"sale","15":"shipping-taxable","16":"purchasable","17":"product-type-simple"},"_links":{"self":[{"href":"https:\/\/roveyayinevi.com.tr\/index.php\/wp-json\/wp\/v2\/product\/745795","targetHints":{"allow":["GET"]}}],"collection":[{"href":"https:\/\/roveyayinevi.com.tr\/index.php\/wp-json\/wp\/v2\/product"}],"about":[{"href":"https:\/\/roveyayinevi.com.tr\/index.php\/wp-json\/wp\/v2\/types\/product"}],"wp:attachment":[{"href":"https:\/\/roveyayinevi.com.tr\/index.php\/wp-json\/wp\/v2\/media?parent=745795"}],"wp:term":[{"taxonomy":"product_brand","embeddable":true,"href":"https:\/\/roveyayinevi.com.tr\/index.php\/wp-json\/wp\/v2\/product_brand?post=745795"},{"taxonomy":"product_cat","embeddable":true,"href":"https:\/\/roveyayinevi.com.tr\/index.php\/wp-json\/wp\/v2\/product_cat?post=745795"},{"taxonomy":"product_tag","embeddable":true,"href":"https:\/\/roveyayinevi.com.tr\/index.php\/wp-json\/wp\/v2\/product_tag?post=745795"}],"curies":[{"name":"wp","href":"https:\/\/api.w.org\/{rel}","templated":true}]}}