{"id":745791,"date":"2025-08-28T02:27:58","date_gmt":"2025-08-27T23:27:58","guid":{"rendered":"https:\/\/roveyayinevi.com.tr\/index.php\/urun\/2023-sherlock-homes-kitap-ajanda\/"},"modified":"2026-04-16T02:58:21","modified_gmt":"2026-04-15T23:58:21","slug":"2023-sherlock-homes-kitap-ajanda","status":"publish","type":"product","link":"https:\/\/roveyayinevi.com.tr\/index.php\/urun\/2023-sherlock-homes-kitap-ajanda\/","title":{"rendered":"2023 Sherlock Homes Kitap Ajanda"},"content":{"rendered":"<p>Sherlock Holmes, d\u00fcnya edebiyat\u0131n\u0131n en tan\u0131nan ba\u015fkahramanlar\u0131ndan biridir. Bir d\u00fc\u015f\u00fcn\u00fcn, Anglosakson k\u00fclt\u00fcr\u00fcnden gelen neredeyse her \u015feyi yoz burjuva edebiyat\u0131 olarak niteleyen Sovyetler Birli\u011fi\u2019nde TV uyarlamalar\u0131 yap\u0131lacak denli seviliyordu. Holmes\u2019u sevmeyen tek ki\u015fi yazar\u0131d\u0131r denebilir. Arthur Conan Doyle ile Sherlock Holmes aras\u0131nda, edebiyat tarihinde az rastlan\u0131r bir ili\u015fki vard\u0131r: Kahraman\u0131 her okuyucu tan\u0131rken, yazar geride kalm\u0131\u015f, neredeyse kendi yaratt\u0131\u011f\u0131 kahraman\u0131n a\u011f\u0131rl\u0131\u011f\u0131 alt\u0131nda ezilmi\u015ftir. Belki bu nedenle, garantili gelir kap\u0131s\u0131n\u0131 kapatma u\u011fruna kendi kahraman\u0131n\u0131 \u00f6ld\u00fcrmeyi g\u00f6ze alan bir yazard\u0131r Doyle. Cem Yay\u0131nevi\u2019nin geleneksel ajandas\u0131, bu y\u0131l d\u00fcnyan\u0131n en \u00fcnl\u00fc dedektifi Sherlock Holmes \u00fczerine kuruldu. Yay\u0131nevimiz, Arthur Conan Doyle\u2019un yazd\u0131\u011f\u0131 \u00f6zg\u00fcn kanonu, yay\u0131nland\u0131\u011f\u0131 bi\u00e7imiyle okuyucuya sunman\u0131n yan\u0131nda, bu ajandayla da Sherlock Holmes\u2019a bir selam g\u00f6nderiyor. T\u00fcm polisiye k\u00fclt\u00fcr\u00fcne bi\u00e7im veren bu naml\u0131 dedektif, can dostu ve vakan\u00fcvisi Dr. Watson ile birlikte, daha nice ku\u015fa\u011fa keyif vermek \u00fczere her daim haz\u0131r. <\/p>\n","protected":false},"excerpt":{"rendered":"<p>Sherlock Holmes, d\u00fcnya edebiyat\u0131n\u0131n en tan\u0131nan ba\u015fkahramanlar\u0131ndan biridir. Bir d\u00fc\u015f\u00fcn\u00fcn, Anglosakson k\u00fclt\u00fcr\u00fcnden gelen neredeyse her \u015feyi yoz burjuva edebiyat\u0131 olarak niteleyen Sovyetler Birli\u011fi\u2019nde TV uyarlamalar\u0131 yap\u0131lacak<span class=\"excerpt-hellip\"> [\u2026]<\/span><\/p>\n","protected":false},"featured_media":0,"template":"","meta":{"_monsterinsights_skip_tracking":false,"_monsterinsights_sitenote_active":false,"_monsterinsights_sitenote_note":"","_monsterinsights_sitenote_category":0},"product_brand":[],"product_cat":[28265,15563],"product_tag":[],"class_list":{"0":"post-745791","1":"product","2":"type-product","3":"status-publish","5":"product_cat-diger-hobi","6":"product_cat-hobi","7":"pa_cilt-ciltsiz","8":"pa_tur-kitap","9":"pa_yayinevi-cem-yayinevi","10":"pa_yazar-sir-arthur-conan-doyle","12":"first","13":"instock","14":"sale","15":"shipping-taxable","16":"purchasable","17":"product-type-simple"},"_links":{"self":[{"href":"https:\/\/roveyayinevi.com.tr\/index.php\/wp-json\/wp\/v2\/product\/745791","targetHints":{"allow":["GET"]}}],"collection":[{"href":"https:\/\/roveyayinevi.com.tr\/index.php\/wp-json\/wp\/v2\/product"}],"about":[{"href":"https:\/\/roveyayinevi.com.tr\/index.php\/wp-json\/wp\/v2\/types\/product"}],"wp:attachment":[{"href":"https:\/\/roveyayinevi.com.tr\/index.php\/wp-json\/wp\/v2\/media?parent=745791"}],"wp:term":[{"taxonomy":"product_brand","embeddable":true,"href":"https:\/\/roveyayinevi.com.tr\/index.php\/wp-json\/wp\/v2\/product_brand?post=745791"},{"taxonomy":"product_cat","embeddable":true,"href":"https:\/\/roveyayinevi.com.tr\/index.php\/wp-json\/wp\/v2\/product_cat?post=745791"},{"taxonomy":"product_tag","embeddable":true,"href":"https:\/\/roveyayinevi.com.tr\/index.php\/wp-json\/wp\/v2\/product_tag?post=745791"}],"curies":[{"name":"wp","href":"https:\/\/api.w.org\/{rel}","templated":true}]}}