{"id":745790,"date":"2025-08-28T02:27:57","date_gmt":"2025-08-27T23:27:57","guid":{"rendered":"https:\/\/roveyayinevi.com.tr\/index.php\/urun\/kaptan-hatterasin-yolculuklari-ve-maceralari\/"},"modified":"2026-04-06T03:10:50","modified_gmt":"2026-04-06T00:10:50","slug":"kaptan-hatterasin-yolculuklari-ve-maceralari","status":"publish","type":"product","link":"https:\/\/roveyayinevi.com.tr\/index.php\/urun\/kaptan-hatterasin-yolculuklari-ve-maceralari\/","title":{"rendered":"Kaptan Hatteras&#8217;\u0131n Yolculuklar\u0131 ve Maceralar\u0131"},"content":{"rendered":"<p>Liverpool tersanelerinde gizemli bir gemi in\u015fa edilmektedir. G\u00fczergah\u0131, hatta ger\u00e7ek kaptan\u0131n bile kim oldu\u011funu bilmeyen m\u00fcrettebat heyecan ve endi\u015feyle denize a\u00e7\u0131lacaklar\u0131 g\u00fcn\u00fc bekler. O g\u00fcn sonunda geldi\u011findeyse bilinmezlik i\u00e7inde u\u00e7suz bucaks\u0131z denize yelken a\u00e7arlar. Forward  isimli gemi nereye gidecek? Ger\u00e7ek kaptan kim ve neden kendini gizliyor? Birlikte yola \u00e7\u0131kt\u0131\u011f\u0131n\u0131z yolda\u015flar\u0131n\u0131za en k\u00f6t\u00fc anlarda ger\u00e7ekten ne kadar g\u00fcvenebilirsiniz? Peki, her \u015feye ra\u011fmen Forward bilinmeyen amac\u0131n\u0131 ba\u015farabilecek mi?<\/p>\n","protected":false},"excerpt":{"rendered":"<p>Liverpool tersanelerinde gizemli bir gemi in\u015fa edilmektedir. G\u00fczergah\u0131, hatta ger\u00e7ek kaptan\u0131n bile kim oldu\u011funu bilmeyen m\u00fcrettebat heyecan ve endi\u015feyle denize a\u00e7\u0131lacaklar\u0131 g\u00fcn\u00fc bekler. O g\u00fcn sonunda<span class=\"excerpt-hellip\"> [\u2026]<\/span><\/p>\n","protected":false},"featured_media":0,"template":"","meta":{"_monsterinsights_skip_tracking":false,"_monsterinsights_sitenote_active":false,"_monsterinsights_sitenote_note":"","_monsterinsights_sitenote_category":0},"product_brand":[],"product_cat":[12291,12711],"product_tag":[],"class_list":{"0":"post-745790","1":"product","2":"type-product","3":"status-publish","5":"product_cat-edebiyat","6":"product_cat-roman-oyku","7":"pa_cilt-ciltsiz","8":"pa_tur-kitap","9":"pa_yayinevi-alfa-yayinlari","10":"pa_yazar-jules-verne","12":"first","13":"instock","14":"sale","15":"shipping-taxable","16":"purchasable","17":"product-type-simple"},"_links":{"self":[{"href":"https:\/\/roveyayinevi.com.tr\/index.php\/wp-json\/wp\/v2\/product\/745790","targetHints":{"allow":["GET"]}}],"collection":[{"href":"https:\/\/roveyayinevi.com.tr\/index.php\/wp-json\/wp\/v2\/product"}],"about":[{"href":"https:\/\/roveyayinevi.com.tr\/index.php\/wp-json\/wp\/v2\/types\/product"}],"wp:attachment":[{"href":"https:\/\/roveyayinevi.com.tr\/index.php\/wp-json\/wp\/v2\/media?parent=745790"}],"wp:term":[{"taxonomy":"product_brand","embeddable":true,"href":"https:\/\/roveyayinevi.com.tr\/index.php\/wp-json\/wp\/v2\/product_brand?post=745790"},{"taxonomy":"product_cat","embeddable":true,"href":"https:\/\/roveyayinevi.com.tr\/index.php\/wp-json\/wp\/v2\/product_cat?post=745790"},{"taxonomy":"product_tag","embeddable":true,"href":"https:\/\/roveyayinevi.com.tr\/index.php\/wp-json\/wp\/v2\/product_tag?post=745790"}],"curies":[{"name":"wp","href":"https:\/\/api.w.org\/{rel}","templated":true}]}}