{"id":745789,"date":"2025-08-28T02:27:55","date_gmt":"2025-08-27T23:27:55","guid":{"rendered":"https:\/\/roveyayinevi.com.tr\/index.php\/urun\/mimoza\/"},"modified":"2026-04-16T02:58:21","modified_gmt":"2026-04-15T23:58:21","slug":"mimoza","status":"publish","type":"product","link":"https:\/\/roveyayinevi.com.tr\/index.php\/urun\/mimoza\/","title":{"rendered":"Mimoza"},"content":{"rendered":"<p>Bir gece k\u0131z\u0131n ruhu ans\u0131z\u0131n kanatlan\u0131verdi.   \u201cEtraf\u0131mdaki t\u00fcm \u0131\u015f\u0131\u011f\u0131 alsalar da elimden, g\u00f6zlerime bak ve alamayacaklar\u0131 tek \u0131\u015f\u0131\u011fa tan\u0131kl\u0131k et.&#8221;   Leyla Mimoza Sungur lisedeyken yanl\u0131\u015f bir insana g\u00fcvenerek, hayat\u0131n\u0131 alt\u00fcst eden bir durumla kar\u015f\u0131 kar\u015f\u0131ya gelir. Ya\u015fanan olaylar sonras\u0131nda i\u00e7ine kapan\u0131p \u00f6z\u00fcnde oldu\u011fu ki\u015fiyi saklamaya ba\u015flar.   Beklenmedik bir anda gelen anonim bir mesaj ona umut verir ancak Leyla\u2019y\u0131 sars\u0131p kendine getiren bu mucize asl\u0131nda hi\u00e7 istemeyece\u011fi s\u0131rlar\u0131n ortas\u0131na d\u00fc\u015fmesine sebep olur. Mesaj at\u0131p destek olan ki\u015finin kim oldu\u011fu ve bunu neden yapt\u0131\u011f\u0131yla aralanan s\u0131r perdesi devam\u0131nda bir\u00e7ok sakl\u0131 meseleyi g\u00fcn y\u00fcz\u00fcne \u00e7\u0131kar\u0131r. T\u00fcm bunlar Mimoza\u2019y\u0131 ge\u00e7mi\u015fe g\u00f6t\u00fcr\u00fcrken kar\u015f\u0131s\u0131na hi\u00e7 beklemedi\u011fi biri \u00e7\u0131kar ve onu yeralt\u0131 d\u00fcnyas\u0131n\u0131n derinliklerine s\u00fcr\u00fckler. A\u015fk, \u00f6fke, intikam ve keder dolu olaylar\u0131n i\u00e7inde Mimoza, bu kez kendini yeniden kaybetmemeye ve bunun i\u00e7in m\u00fccadele etmeye kararl\u0131d\u0131r. Ancak bir se\u00e7im yapmas\u0131 gerekir: A\u015fk m\u0131, ya\u015fam m\u0131 <\/p>\n","protected":false},"excerpt":{"rendered":"<p>Bir gece k\u0131z\u0131n ruhu ans\u0131z\u0131n kanatlan\u0131verdi. \u201cEtraf\u0131mdaki t\u00fcm \u0131\u015f\u0131\u011f\u0131 alsalar da elimden, g\u00f6zlerime bak ve alamayacaklar\u0131 tek \u0131\u015f\u0131\u011fa tan\u0131kl\u0131k et.&#8221; Leyla Mimoza Sungur lisedeyken yanl\u0131\u015f bir<span class=\"excerpt-hellip\"> [\u2026]<\/span><\/p>\n","protected":false},"featured_media":0,"template":"","meta":{"_monsterinsights_skip_tracking":false,"_monsterinsights_sitenote_active":false,"_monsterinsights_sitenote_note":"","_monsterinsights_sitenote_category":0},"product_brand":[],"product_cat":[12291,12711],"product_tag":[],"class_list":{"0":"post-745789","1":"product","2":"type-product","3":"status-publish","5":"product_cat-edebiyat","6":"product_cat-roman-oyku","7":"pa_cilt-ciltsiz","8":"pa_tur-kitap","9":"pa_yayinevi-indigo-kitap","10":"pa_yazar-isilsu-gultekin","12":"first","13":"instock","14":"sale","15":"shipping-taxable","16":"purchasable","17":"product-type-simple"},"_links":{"self":[{"href":"https:\/\/roveyayinevi.com.tr\/index.php\/wp-json\/wp\/v2\/product\/745789","targetHints":{"allow":["GET"]}}],"collection":[{"href":"https:\/\/roveyayinevi.com.tr\/index.php\/wp-json\/wp\/v2\/product"}],"about":[{"href":"https:\/\/roveyayinevi.com.tr\/index.php\/wp-json\/wp\/v2\/types\/product"}],"wp:attachment":[{"href":"https:\/\/roveyayinevi.com.tr\/index.php\/wp-json\/wp\/v2\/media?parent=745789"}],"wp:term":[{"taxonomy":"product_brand","embeddable":true,"href":"https:\/\/roveyayinevi.com.tr\/index.php\/wp-json\/wp\/v2\/product_brand?post=745789"},{"taxonomy":"product_cat","embeddable":true,"href":"https:\/\/roveyayinevi.com.tr\/index.php\/wp-json\/wp\/v2\/product_cat?post=745789"},{"taxonomy":"product_tag","embeddable":true,"href":"https:\/\/roveyayinevi.com.tr\/index.php\/wp-json\/wp\/v2\/product_tag?post=745789"}],"curies":[{"name":"wp","href":"https:\/\/api.w.org\/{rel}","templated":true}]}}