{"id":745786,"date":"2025-08-28T02:27:50","date_gmt":"2025-08-27T23:27:50","guid":{"rendered":"https:\/\/roveyayinevi.com.tr\/index.php\/urun\/lanetin-tarihi-ciltli\/"},"modified":"2026-04-16T02:58:21","modified_gmt":"2026-04-15T23:58:21","slug":"lanetin-tarihi-ciltli","status":"publish","type":"product","link":"https:\/\/roveyayinevi.com.tr\/index.php\/urun\/lanetin-tarihi-ciltli\/","title":{"rendered":"Lanetin Tarihi (Ciltli)"},"content":{"rendered":"<p>\u201cYasaklanan bilgiler az\u0131nl\u0131\u011f\u0131n do\u011frusu, \u00e7o\u011funlu\u011fun yalan\u0131, bir kral\u0131n ise s\u0131rr\u0131d\u0131r.\u201d   Sirius \u0130mparatorlu\u011fu K\u00fct\u00fcphanesi\u2019nin yasakl\u0131 kitaplar b\u00f6l\u00fcm\u00fcnde yer alan Lanetin Tarihi, y\u0131ld\u0131zlar\u0131n lanetinin g\u00f6r\u00fcld\u00fc\u011f\u00fc ilk zamanlardan bu yana ya\u015fananlar\u0131 anlatan bir tarih kitab\u0131d\u0131r. Magnus Owen taraf\u0131ndan kaleme al\u0131nan bu eser, y\u00fcz y\u0131l \u00f6nce ba\u015flayan laneti t\u00fcm ger\u00e7ekli\u011fiyle g\u00f6zler \u00f6n\u00fcne sermektedir. Owen, ya\u015fananlar\u0131 g\u00f6rg\u00fc tan\u0131klar\u0131n\u0131n deneyimleri, yap\u0131lan ara\u015ft\u0131rmalar ve toplad\u0131\u011f\u0131 kan\u0131tlarla zenginle\u015ftirirken Y\u0131ld\u0131zlar\u0131n Sava\u015f\u0131, katliamlar ve kehanetler gibi konulara da \u0131\u015f\u0131k tutmu\u015ftur. Tarihin tozlu sayfalar\u0131n\u0131 t\u00fcm \u00e7\u0131plakl\u0131\u011f\u0131yla aralayan bu \u00f6nemli kitap, di\u011fer kadim b\u00fcy\u00fcc\u00fclerin eserleriyle desteklenerek ger\u00e7ekleri ortaya koymaktad\u0131r. \u201cY\u0131llard\u0131r gizlice konu\u015fulan ger\u00e7ekleri t\u00fcm hatlar\u0131yla anlatan Lanetin Tarihi, harikulade bir kitap. Owen, okuyucuya her duyguyu ya\u015fatmay\u0131 ba\u015far\u0131yor.\u201d &#8211; Abaris Quinn, Katliamlar\u0131n Arka Y\u00fcz\u00fc kitab\u0131n\u0131n yazar\u0131   \u201cYorgun ve yoksul bir halk\u0131 zekice fikirlerle, g\u00fc\u00e7l\u00fc s\u00f6zlerle ya da ger\u00e7ek i\u015flerle kand\u0131rmak m\u00fcmk\u00fcn de\u011fildir. \u0130nsanlara istediklerini verirseniz bir s\u00fcre sonra daha fazlas\u0131n\u0131 talep ederler. Bu y\u00fczden Rigel Sirius en b\u00fcy\u00fck kozunu oynad\u0131 ve isyan\u0131 durdurabilecek en g\u00fc\u00e7l\u00fc kart\u0131n\u0131 masaya koydu: \u0130nan\u00e7.\u201d <\/p>\n","protected":false},"excerpt":{"rendered":"<p>\u201cYasaklanan bilgiler az\u0131nl\u0131\u011f\u0131n do\u011frusu, \u00e7o\u011funlu\u011fun yalan\u0131, bir kral\u0131n ise s\u0131rr\u0131d\u0131r.\u201d Sirius \u0130mparatorlu\u011fu K\u00fct\u00fcphanesi\u2019nin yasakl\u0131 kitaplar b\u00f6l\u00fcm\u00fcnde yer alan Lanetin Tarihi, y\u0131ld\u0131zlar\u0131n lanetinin g\u00f6r\u00fcld\u00fc\u011f\u00fc ilk zamanlardan bu<span class=\"excerpt-hellip\"> [\u2026]<\/span><\/p>\n","protected":false},"featured_media":0,"template":"","meta":{"_monsterinsights_skip_tracking":false,"_monsterinsights_sitenote_active":false,"_monsterinsights_sitenote_note":"","_monsterinsights_sitenote_category":0},"product_brand":[],"product_cat":[12291,12711],"product_tag":[],"class_list":{"0":"post-745786","1":"product","2":"type-product","3":"status-publish","5":"product_cat-edebiyat","6":"product_cat-roman-oyku","7":"pa_cilt-ciltli","8":"pa_tur-kitap","9":"pa_yayinevi-indigo-kitap","10":"pa_yazar-sena-nur-isik","12":"first","13":"instock","14":"sale","15":"shipping-taxable","16":"purchasable","17":"product-type-simple"},"_links":{"self":[{"href":"https:\/\/roveyayinevi.com.tr\/index.php\/wp-json\/wp\/v2\/product\/745786","targetHints":{"allow":["GET"]}}],"collection":[{"href":"https:\/\/roveyayinevi.com.tr\/index.php\/wp-json\/wp\/v2\/product"}],"about":[{"href":"https:\/\/roveyayinevi.com.tr\/index.php\/wp-json\/wp\/v2\/types\/product"}],"wp:attachment":[{"href":"https:\/\/roveyayinevi.com.tr\/index.php\/wp-json\/wp\/v2\/media?parent=745786"}],"wp:term":[{"taxonomy":"product_brand","embeddable":true,"href":"https:\/\/roveyayinevi.com.tr\/index.php\/wp-json\/wp\/v2\/product_brand?post=745786"},{"taxonomy":"product_cat","embeddable":true,"href":"https:\/\/roveyayinevi.com.tr\/index.php\/wp-json\/wp\/v2\/product_cat?post=745786"},{"taxonomy":"product_tag","embeddable":true,"href":"https:\/\/roveyayinevi.com.tr\/index.php\/wp-json\/wp\/v2\/product_tag?post=745786"}],"curies":[{"name":"wp","href":"https:\/\/api.w.org\/{rel}","templated":true}]}}