{"id":745777,"date":"2025-08-28T02:27:37","date_gmt":"2025-08-27T23:27:37","guid":{"rendered":"https:\/\/roveyayinevi.com.tr\/index.php\/urun\/daire-7\/"},"modified":"2026-04-05T03:02:42","modified_gmt":"2026-04-05T00:02:42","slug":"daire-7","status":"publish","type":"product","link":"https:\/\/roveyayinevi.com.tr\/index.php\/urun\/daire-7\/","title":{"rendered":"Daire 7"},"content":{"rendered":"<p>\u201cSanki ge\u00e7mi\u015fimi bir s\u0131rt \u00e7antas\u0131 gibi hep yan\u0131mda ta\u015f\u0131yordum. Y\u00fcr\u00fcrken, otururken, g\u00fclerken, ko\u015farken, konu\u015furken, yerken, i\u00e7erken, sar\u0131l\u0131rken, e\u011flenirken o hep oradayd\u0131; s\u0131rt\u0131mda. Biz s\u0131rt\u0131nda \u00e7antalarla ya\u015fayanlar\u0131z. \u0130\u00e7i bizi ac\u0131tan an\u0131larla, k\u0131ran bilgeliklerle ve mahveden tecr\u00fcbelerle dolu s\u0131rt \u00e7antalar\u0131m\u0131z hep s\u0131rt\u0131m\u0131zda. Baz\u0131lar\u0131m\u0131z\u0131n y\u00fck\u00fc daha a\u011f\u0131r, baz\u0131lar\u0131m\u0131z\u0131n y\u00fck\u00fc daha hafif ama hi\u00e7birimiz tamamen \u00f6zg\u00fcr de\u011filiz; \u00e7antalar\u0131 bir kenara b\u0131rakamad\u0131\u011f\u0131m\u0131z s\u00fcrece&#8230;\u201d   Mine ve Efe\u2019nin No. 26\u2019yla ba\u015flayan hik\u00e2yeleri Daire 7\u2019yle devam ediyor. Kardelen Sokak, No. 26, Daire 7 hik\u00e2yelerinin ba\u015flad\u0131\u011f\u0131 adresti. Mine\u2019nin ac\u0131lar\u0131 ve umutlar\u0131 Daire 7\u2019nin d\u00f6rt duvar\u0131 aras\u0131nda dola\u015f\u0131rken, birlikte yazacaklar\u0131 yeni hik\u00e2ye onlar\u0131n milad\u0131 m\u0131 olacak yoksa bu d\u00f6rt duvar\u0131n aras\u0131ndaki her bir hat\u0131ra yollar\u0131na engel mi \u00e7\u0131karacak?   Daire 7\u2019ye ho\u015f geldiniz. Burada misafir de\u011fil, ev sahibisiniz&#8230; <\/p>\n","protected":false},"excerpt":{"rendered":"<p>\u201cSanki ge\u00e7mi\u015fimi bir s\u0131rt \u00e7antas\u0131 gibi hep yan\u0131mda ta\u015f\u0131yordum. Y\u00fcr\u00fcrken, otururken, g\u00fclerken, ko\u015farken, konu\u015furken, yerken, i\u00e7erken, sar\u0131l\u0131rken, e\u011flenirken o hep oradayd\u0131; s\u0131rt\u0131mda. Biz s\u0131rt\u0131nda \u00e7antalarla ya\u015fayanlar\u0131z.<span class=\"excerpt-hellip\"> [\u2026]<\/span><\/p>\n","protected":false},"featured_media":0,"template":"","meta":{"_monsterinsights_skip_tracking":false,"_monsterinsights_sitenote_active":false,"_monsterinsights_sitenote_note":"","_monsterinsights_sitenote_category":0},"product_brand":[],"product_cat":[12291,12711],"product_tag":[],"class_list":{"0":"post-745777","1":"product","2":"type-product","3":"status-publish","5":"product_cat-edebiyat","6":"product_cat-roman-oyku","7":"pa_cilt-ciltsiz","8":"pa_tur-kitap","9":"pa_yayinevi-indigo-kitap","10":"pa_yazar-beyza-alkoc","12":"first","13":"instock","14":"sale","15":"shipping-taxable","16":"purchasable","17":"product-type-simple"},"_links":{"self":[{"href":"https:\/\/roveyayinevi.com.tr\/index.php\/wp-json\/wp\/v2\/product\/745777","targetHints":{"allow":["GET"]}}],"collection":[{"href":"https:\/\/roveyayinevi.com.tr\/index.php\/wp-json\/wp\/v2\/product"}],"about":[{"href":"https:\/\/roveyayinevi.com.tr\/index.php\/wp-json\/wp\/v2\/types\/product"}],"wp:attachment":[{"href":"https:\/\/roveyayinevi.com.tr\/index.php\/wp-json\/wp\/v2\/media?parent=745777"}],"wp:term":[{"taxonomy":"product_brand","embeddable":true,"href":"https:\/\/roveyayinevi.com.tr\/index.php\/wp-json\/wp\/v2\/product_brand?post=745777"},{"taxonomy":"product_cat","embeddable":true,"href":"https:\/\/roveyayinevi.com.tr\/index.php\/wp-json\/wp\/v2\/product_cat?post=745777"},{"taxonomy":"product_tag","embeddable":true,"href":"https:\/\/roveyayinevi.com.tr\/index.php\/wp-json\/wp\/v2\/product_tag?post=745777"}],"curies":[{"name":"wp","href":"https:\/\/api.w.org\/{rel}","templated":true}]}}