{"id":745776,"date":"2025-08-28T02:27:36","date_gmt":"2025-08-27T23:27:36","guid":{"rendered":"https:\/\/roveyayinevi.com.tr\/index.php\/urun\/yaraticilik-2\/"},"modified":"2026-04-16T02:58:21","modified_gmt":"2026-04-15T23:58:21","slug":"yaraticilik-2","status":"publish","type":"product","link":"https:\/\/roveyayinevi.com.tr\/index.php\/urun\/yaraticilik-2\/","title":{"rendered":"Yarat\u0131c\u0131l\u0131k"},"content":{"rendered":"<p>Yarat\u0131c\u0131l\u0131k bir meslek de\u011fil bir u\u011fra\u015ft\u0131r. D\u00fcnyay\u0131 ke\u015ffeder, alg\u0131lar ve tan\u0131mlar. Bizi kendimize a\u00e7\u0131klar ve e\u011flendirir.   Peki yarat\u0131c\u0131l\u0131\u011f\u0131 esinleyen ve s\u00fcrd\u00fcren nedir? D\u00fcnyan\u0131n en b\u00fcy\u00fck reklam yarat\u0131c\u0131lar\u0131ndan John Hegarty,  yarat\u0131c\u0131l\u0131\u011fa ve yarat\u0131c\u0131 s\u00fcrece dair 50 esprili, parlak ve k\u0131\u015fk\u0131rt\u0131c\u0131 bak\u0131\u015f a\u00e7\u0131s\u0131n\u0131 bu kitapta sunuyor.   Hepimiz yarat\u0131c\u0131y\u0131z. Fakat sadece pek az\u0131m\u0131z ya\u015fam\u0131n\u0131 yarat\u0131c\u0131l\u0131ktan kazanabilecek denli \u015fansl\u0131. Siz de bu \u015fansl\u0131 az\u0131nl\u0131\u011f\u0131n i\u00e7inde yer almak ister misiniz? <\/p>\n","protected":false},"excerpt":{"rendered":"<p>Yarat\u0131c\u0131l\u0131k bir meslek de\u011fil bir u\u011fra\u015ft\u0131r. D\u00fcnyay\u0131 ke\u015ffeder, alg\u0131lar ve tan\u0131mlar. Bizi kendimize a\u00e7\u0131klar ve e\u011flendirir. Peki yarat\u0131c\u0131l\u0131\u011f\u0131 esinleyen ve s\u00fcrd\u00fcren nedir? D\u00fcnyan\u0131n en b\u00fcy\u00fck reklam<span class=\"excerpt-hellip\"> [\u2026]<\/span><\/p>\n","protected":false},"featured_media":0,"template":"","meta":{"_monsterinsights_skip_tracking":false,"_monsterinsights_sitenote_active":false,"_monsterinsights_sitenote_note":"","_monsterinsights_sitenote_category":0},"product_brand":[],"product_cat":[13043,17647],"product_tag":[],"class_list":{"0":"post-745776","1":"product","2":"type-product","3":"status-publish","5":"product_cat-ekonomi","6":"product_cat-is-dunyasi","7":"pa_cilt-ciltsiz","8":"pa_tur-kitap","9":"pa_yayinevi-mediacat-kitaplari","10":"pa_yazar-john-hegarty","12":"first","13":"instock","14":"sale","15":"shipping-taxable","16":"purchasable","17":"product-type-simple"},"_links":{"self":[{"href":"https:\/\/roveyayinevi.com.tr\/index.php\/wp-json\/wp\/v2\/product\/745776","targetHints":{"allow":["GET"]}}],"collection":[{"href":"https:\/\/roveyayinevi.com.tr\/index.php\/wp-json\/wp\/v2\/product"}],"about":[{"href":"https:\/\/roveyayinevi.com.tr\/index.php\/wp-json\/wp\/v2\/types\/product"}],"wp:attachment":[{"href":"https:\/\/roveyayinevi.com.tr\/index.php\/wp-json\/wp\/v2\/media?parent=745776"}],"wp:term":[{"taxonomy":"product_brand","embeddable":true,"href":"https:\/\/roveyayinevi.com.tr\/index.php\/wp-json\/wp\/v2\/product_brand?post=745776"},{"taxonomy":"product_cat","embeddable":true,"href":"https:\/\/roveyayinevi.com.tr\/index.php\/wp-json\/wp\/v2\/product_cat?post=745776"},{"taxonomy":"product_tag","embeddable":true,"href":"https:\/\/roveyayinevi.com.tr\/index.php\/wp-json\/wp\/v2\/product_tag?post=745776"}],"curies":[{"name":"wp","href":"https:\/\/api.w.org\/{rel}","templated":true}]}}