{"id":745773,"date":"2025-08-28T02:27:32","date_gmt":"2025-08-27T23:27:32","guid":{"rendered":"https:\/\/roveyayinevi.com.tr\/index.php\/urun\/darbeci-mi-kahraman-mi\/"},"modified":"2026-04-16T02:58:21","modified_gmt":"2026-04-15T23:58:21","slug":"darbeci-mi-kahraman-mi","status":"publish","type":"product","link":"https:\/\/roveyayinevi.com.tr\/index.php\/urun\/darbeci-mi-kahraman-mi\/","title":{"rendered":"Darbeci Mi? Kahraman M\u0131?"},"content":{"rendered":"<p>Biri, Atat\u00fcrk ilke ve ink\u0131l\u00e2plar\u0131yla laik T\u00fcrkiye Cumhuriyeti\u2019nin ve T\u00fcrk yurdunun koruyuculu\u011funu yapan, Anayasa ve yasalara itaati g\u00f6rev kabul eden kahramanlar oca\u011f\u0131 T\u00fcrk Silahl\u0131 Kuvvetleri\u2019ne 41 y\u0131l \u015ferefiyle hizmet eden general\u2026        Di\u011feri, yaz\u0131l\u0131 ve g\u00f6rsel bas\u0131n\u0131n en \u00fcst noktalar\u0131nda \u00e7al\u0131\u015ft\u0131ktan sonra Ba\u015fbakanl\u0131k\u2019ta ald\u0131\u011f\u0131 g\u00f6revlerini ba\u015far\u0131yla y\u00fcr\u00fcten bir gazeteci.         \u0130kisi de, 28 \u015eubat S\u00fcreci\u2019ni ya\u015fayan ve o s\u00fcrecin politika sahnesindeki kahramanlar\u0131n\u0131 \u00e7ok yak\u0131ndan bilenlerden\u2026         \u00c7evik Bir ve Mehmet Bican bu s\u00f6yle\u015fiyi; 1997-1998 y\u0131llar\u0131nda Genelkurmay Ba\u015fkanl\u0131\u011f\u0131\u2019n\u0131n Komuta Kademesi\u2019nde g\u00f6revli komutanlar\u0131n ger\u00e7ek d\u0131\u015f\u0131 iddialar ve yalan beyanlarla su\u00e7lanmas\u0131, haks\u0131z yere zindanlara at\u0131larak yok edilmeye \u00e7al\u0131\u015f\u0131lmas\u0131 olay\u0131ndaki ger\u00e7ekleri, o g\u00fcnleri unutanlara, ge\u00e7mi\u015fi hat\u0131rlay\u0131p bug\u00fcn\u00fc yeniden de\u011ferlendirmeleri amac\u0131yla ger\u00e7ekle\u015ftirmi\u015flerdir.   \u0130yi okumalar diliyoruz. <\/p>\n","protected":false},"excerpt":{"rendered":"<p>Biri, Atat\u00fcrk ilke ve ink\u0131l\u00e2plar\u0131yla laik T\u00fcrkiye Cumhuriyeti\u2019nin ve T\u00fcrk yurdunun koruyuculu\u011funu yapan, Anayasa ve yasalara itaati g\u00f6rev kabul eden kahramanlar oca\u011f\u0131 T\u00fcrk Silahl\u0131 Kuvvetleri\u2019ne 41<span class=\"excerpt-hellip\"> [\u2026]<\/span><\/p>\n","protected":false},"featured_media":0,"template":"","meta":{"_monsterinsights_skip_tracking":false,"_monsterinsights_sitenote_active":false,"_monsterinsights_sitenote_note":"","_monsterinsights_sitenote_category":0},"product_brand":[],"product_cat":[12291,30969],"product_tag":[],"class_list":{"0":"post-745773","1":"product","2":"type-product","3":"status-publish","5":"product_cat-edebiyat","6":"product_cat-soylesi-edebiyat","7":"pa_cilt-ciltsiz","8":"pa_tur-kitap","9":"pa_yayinevi-galeati-yayincilik","10":"pa_yazar-mehmet-bican","12":"first","13":"instock","14":"sale","15":"shipping-taxable","16":"purchasable","17":"product-type-simple"},"_links":{"self":[{"href":"https:\/\/roveyayinevi.com.tr\/index.php\/wp-json\/wp\/v2\/product\/745773","targetHints":{"allow":["GET"]}}],"collection":[{"href":"https:\/\/roveyayinevi.com.tr\/index.php\/wp-json\/wp\/v2\/product"}],"about":[{"href":"https:\/\/roveyayinevi.com.tr\/index.php\/wp-json\/wp\/v2\/types\/product"}],"wp:attachment":[{"href":"https:\/\/roveyayinevi.com.tr\/index.php\/wp-json\/wp\/v2\/media?parent=745773"}],"wp:term":[{"taxonomy":"product_brand","embeddable":true,"href":"https:\/\/roveyayinevi.com.tr\/index.php\/wp-json\/wp\/v2\/product_brand?post=745773"},{"taxonomy":"product_cat","embeddable":true,"href":"https:\/\/roveyayinevi.com.tr\/index.php\/wp-json\/wp\/v2\/product_cat?post=745773"},{"taxonomy":"product_tag","embeddable":true,"href":"https:\/\/roveyayinevi.com.tr\/index.php\/wp-json\/wp\/v2\/product_tag?post=745773"}],"curies":[{"name":"wp","href":"https:\/\/api.w.org\/{rel}","templated":true}]}}