{"id":745772,"date":"2025-08-28T02:27:31","date_gmt":"2025-08-27T23:27:31","guid":{"rendered":"https:\/\/roveyayinevi.com.tr\/index.php\/urun\/turkce-ogretimi-2\/"},"modified":"2026-04-16T02:58:21","modified_gmt":"2026-04-15T23:58:21","slug":"turkce-ogretimi-2","status":"publish","type":"product","link":"https:\/\/roveyayinevi.com.tr\/index.php\/urun\/turkce-ogretimi-2\/","title":{"rendered":"T\u00fcrk\u00e7e \u00d6\u011fretimi"},"content":{"rendered":"<p>T\u00fcrk\u00e7e \u00f6\u011fretiminin temel amac\u0131; anlama becerilerinin geli\u015ftirilmesi, anlat\u0131m becerilerinin kazand\u0131r\u0131lmas\u0131, ki\u015fisel aktif ve pasif s\u00f6z varl\u0131\u011f\u0131n\u0131n zenginle\u015ftirilmesi, dil bilgisi kurallar\u0131n\u0131n metin ba\u011flam\u0131nda sezdirilerek \u00f6\u011frenilmesinin sa\u011flanmas\u0131 ve \u00f6\u011frencilerin T\u00fcrk\u00e7e sevgisi ile dil bilincini kazanmalar\u0131 i\u00e7in uygun ko\u015fullar\u0131n haz\u0131rlanmas\u0131d\u0131r. Bu ama\u00e7lar\u0131n ger\u00e7ekle\u015febilmesinde ise \u00f6\u011frencilerin T\u00fcrk\u00e7e \u00f6\u011frenmeye ili\u015fkin tutum, motivasyon ve kayg\u0131 gibi duyu\u015fsal \u00f6zellikleri etkili oldu\u011fu gibi bu s\u00fcre\u00e7te \u00f6\u011frencilere sunulacak \u00f6\u011frenme f\u0131rsatlar\u0131n\u0131n kalitesi ve bu s\u00fcreci y\u00fcr\u00fctecek olan T\u00fcrk\u00e7e \u00f6\u011fretmenlerinin \u00e7a\u011fda\u015f \u00f6\u011frenme anlay\u0131\u015f\u0131n\u0131 donanma kapasiteleri de belirleyici olacakt\u0131r. <\/p>\n","protected":false},"excerpt":{"rendered":"<p>T\u00fcrk\u00e7e \u00f6\u011fretiminin temel amac\u0131; anlama becerilerinin geli\u015ftirilmesi, anlat\u0131m becerilerinin kazand\u0131r\u0131lmas\u0131, ki\u015fisel aktif ve pasif s\u00f6z varl\u0131\u011f\u0131n\u0131n zenginle\u015ftirilmesi, dil bilgisi kurallar\u0131n\u0131n metin ba\u011flam\u0131nda sezdirilerek \u00f6\u011frenilmesinin sa\u011flanmas\u0131 ve<span class=\"excerpt-hellip\"> [\u2026]<\/span><\/p>\n","protected":false},"featured_media":0,"template":"","meta":{"_monsterinsights_skip_tracking":false,"_monsterinsights_sitenote_active":false,"_monsterinsights_sitenote_note":"","_monsterinsights_sitenote_category":0},"product_brand":[],"product_cat":[14597,12566,32356],"product_tag":[],"class_list":{"0":"post-745772","1":"product","2":"type-product","3":"status-publish","5":"product_cat-dil-ogrenimi","6":"product_cat-egitim","7":"product_cat-turkce","8":"pa_cilt-ciltsiz","9":"pa_tur-kitap","10":"pa_yayinevi-ani-yayincilik","11":"pa_yazar-kolektif","13":"first","14":"instock","15":"sale","16":"shipping-taxable","17":"purchasable","18":"product-type-simple"},"_links":{"self":[{"href":"https:\/\/roveyayinevi.com.tr\/index.php\/wp-json\/wp\/v2\/product\/745772","targetHints":{"allow":["GET"]}}],"collection":[{"href":"https:\/\/roveyayinevi.com.tr\/index.php\/wp-json\/wp\/v2\/product"}],"about":[{"href":"https:\/\/roveyayinevi.com.tr\/index.php\/wp-json\/wp\/v2\/types\/product"}],"wp:attachment":[{"href":"https:\/\/roveyayinevi.com.tr\/index.php\/wp-json\/wp\/v2\/media?parent=745772"}],"wp:term":[{"taxonomy":"product_brand","embeddable":true,"href":"https:\/\/roveyayinevi.com.tr\/index.php\/wp-json\/wp\/v2\/product_brand?post=745772"},{"taxonomy":"product_cat","embeddable":true,"href":"https:\/\/roveyayinevi.com.tr\/index.php\/wp-json\/wp\/v2\/product_cat?post=745772"},{"taxonomy":"product_tag","embeddable":true,"href":"https:\/\/roveyayinevi.com.tr\/index.php\/wp-json\/wp\/v2\/product_tag?post=745772"}],"curies":[{"name":"wp","href":"https:\/\/api.w.org\/{rel}","templated":true}]}}