{"id":745770,"date":"2025-08-28T02:27:29","date_gmt":"2025-08-27T23:27:29","guid":{"rendered":"https:\/\/roveyayinevi.com.tr\/index.php\/urun\/iktidarin-golgesi-ve-roman\/"},"modified":"2026-04-16T02:58:21","modified_gmt":"2026-04-15T23:58:21","slug":"iktidarin-golgesi-ve-roman","status":"publish","type":"product","link":"https:\/\/roveyayinevi.com.tr\/index.php\/urun\/iktidarin-golgesi-ve-roman\/","title":{"rendered":"\u0130ktidar\u0131n G\u00f6lgesi ve Roman"},"content":{"rendered":"<p>Edebiyat ortam\u0131na olduk\u00e7a ge\u00e7 gelen roman, her ge\u00e7en g\u00fcn iktidar\u0131n\u0131 g\u00fc\u00e7lendirerek edebiyat\u0131n merkezine yerle\u015fti. \u00d6yle ki bug\u00fcn\u00fcn edebiyat d\u00fcnyas\u0131 \u2018roman\u2019 ekseninde d\u00f6n\u00fcyor dense yeridir. Masal, destan ve hik\u00e2ye gibi kadim t\u00fcrlerden kendi hanesine ekledikleriyle tan\u0131mlanamaz ve tart\u0131\u015f\u0131lamaz yap\u0131s\u0131yla roman, \u00f6l\u00e7\u00fcye vurulamaz g\u00fcc\u00fcn\u00fc g\u00fcn ge\u00e7tik\u00e7e art\u0131r\u0131yor. Edeb\u00ee iktidar\u0131n\u0131n benzeri bi\u00e7imde, anlatan\u0131n s\u00f6z\u00fcyle de\u011fi\u015fip \u00e7o\u011falan kadim t\u00fcrlere kar\u015f\u0131l\u0131k, yaz\u0131yla sabitlenip de\u011fi\u015fmeyen bir metin olarak roman, okurunu \u00e7o\u011faltan yap\u0131s\u0131yla da edebiyat\u0131n g\u00fcndemindedir. Dikkat ediniz, yaz\u0131l\u0131 metni de\u011fi\u015fmemi\u015fken okuruna g\u00f6re de\u011fi\u015fip ba\u015fkala\u015fan, onlar\u0131n her biri i\u00e7in yaz\u0131lm\u0131\u015f hissi uyand\u0131ran ne \u00e7ok roman vard\u0131r. <\/p>\n","protected":false},"excerpt":{"rendered":"<p>Edebiyat ortam\u0131na olduk\u00e7a ge\u00e7 gelen roman, her ge\u00e7en g\u00fcn iktidar\u0131n\u0131 g\u00fc\u00e7lendirerek edebiyat\u0131n merkezine yerle\u015fti. \u00d6yle ki bug\u00fcn\u00fcn edebiyat d\u00fcnyas\u0131 \u2018roman\u2019 ekseninde d\u00f6n\u00fcyor dense yeridir. Masal, destan<span class=\"excerpt-hellip\"> [\u2026]<\/span><\/p>\n","protected":false},"featured_media":0,"template":"","meta":{"_monsterinsights_skip_tracking":false,"_monsterinsights_sitenote_active":false,"_monsterinsights_sitenote_note":"","_monsterinsights_sitenote_category":0},"product_brand":[],"product_cat":[20225,12291],"product_tag":[],"class_list":{"0":"post-745770","1":"product","2":"type-product","3":"status-publish","5":"product_cat-dil-bilim","6":"product_cat-edebiyat","7":"pa_cilt-ciltsiz","8":"pa_tur-kitap","9":"pa_yayinevi-ani-yayincilik","10":"pa_yazar-kolektif","12":"first","13":"instock","14":"sale","15":"shipping-taxable","16":"purchasable","17":"product-type-simple"},"_links":{"self":[{"href":"https:\/\/roveyayinevi.com.tr\/index.php\/wp-json\/wp\/v2\/product\/745770","targetHints":{"allow":["GET"]}}],"collection":[{"href":"https:\/\/roveyayinevi.com.tr\/index.php\/wp-json\/wp\/v2\/product"}],"about":[{"href":"https:\/\/roveyayinevi.com.tr\/index.php\/wp-json\/wp\/v2\/types\/product"}],"wp:attachment":[{"href":"https:\/\/roveyayinevi.com.tr\/index.php\/wp-json\/wp\/v2\/media?parent=745770"}],"wp:term":[{"taxonomy":"product_brand","embeddable":true,"href":"https:\/\/roveyayinevi.com.tr\/index.php\/wp-json\/wp\/v2\/product_brand?post=745770"},{"taxonomy":"product_cat","embeddable":true,"href":"https:\/\/roveyayinevi.com.tr\/index.php\/wp-json\/wp\/v2\/product_cat?post=745770"},{"taxonomy":"product_tag","embeddable":true,"href":"https:\/\/roveyayinevi.com.tr\/index.php\/wp-json\/wp\/v2\/product_tag?post=745770"}],"curies":[{"name":"wp","href":"https:\/\/api.w.org\/{rel}","templated":true}]}}