{"id":745769,"date":"2025-08-28T02:27:28","date_gmt":"2025-08-27T23:27:28","guid":{"rendered":"https:\/\/roveyayinevi.com.tr\/index.php\/urun\/disipliner-okuryazarliklar\/"},"modified":"2026-04-16T02:58:21","modified_gmt":"2026-04-15T23:58:21","slug":"disipliner-okuryazarliklar","status":"publish","type":"product","link":"https:\/\/roveyayinevi.com.tr\/index.php\/urun\/disipliner-okuryazarliklar\/","title":{"rendered":"Disipliner Okuryazarl\u0131klar"},"content":{"rendered":"<p>\u0130nsan, g\u00f6zlerini d\u00fcnyaya a\u00e7t\u0131\u011f\u0131 andan itibaren \u00f6\u011frenmeye ba\u015flamaktad\u0131r ve bunu hayat\u0131n\u0131n sonuna kadar formel veya informel bir \u015fekilde devam ettirmektedir. \u00d6\u011frenmeler ilk\u00f6\u011fretimle birlikte akademik bir \u015fekil al\u0131r, her yeni akademik \u00f6\u011frenme a\u015famas\u0131nda bireyden, ald\u0131\u011f\u0131 akademik e\u011fitime ba\u011fl\u0131 olarak farkl\u0131 yeterliklere sahip olmas\u0131 beklenir. Akademik e\u011fitimde y\u00fcksek\u00f6\u011fretim, birey i\u00e7in formel olarak al\u0131nan en \u00fcst d\u00fczey e\u011fitimdir ve y\u00fcksek\u00f6\u011fretimde disiplin olarak ifade edilen \u00e7al\u0131\u015fma alanlar\u0131 belirginle\u015fmi\u015ftir. \u00dczerinde ara\u015ft\u0131rma yap\u0131lan ve \u00f6\u011fretim faaliyeti ger\u00e7ekle\u015ftirilen her bilgi dal\u0131, disiplini yani \u00e7al\u0131\u015fma alan\u0131n\u0131 ifade eder. De\u011fi\u015fen okuryazarl\u0131k kavram\u0131ndan yola \u00e7\u0131k\u0131larak haz\u0131rlanan bu kitapta, \u00e7al\u0131\u015fma alanlar\u0131 yani disiplinlere g\u00f6re okuryazarl\u0131klar \u00fczerinde durulmu\u015ftur. Y\u00fcksek\u00f6\u011fretimde ara\u015ft\u0131rma yap\u0131lan ve \u00f6\u011fretim faaliyetleri ger\u00e7ekle\u015ftirilen disiplinler ve bu disiplinler ile ilgili okuryazarl\u0131klar kitab\u0131n konusunu olu\u015fturmaktad\u0131r. Her disiplin birbirinden ba\u011f\u0131ms\u0131z gibi g\u00f6r\u00fcnse de farkl\u0131 alanlarda okuryazarl\u0131k becerisine veya fark\u0131ndal\u0131\u011fa sahip olman\u0131n ki\u015fiye kataca\u011f\u0131 de\u011fer ortadad\u0131r. Bu kitap, i\u00e7erisinde yer alan disiplinler ile ilgili ara\u015ft\u0131rma yapan veya e\u011fitim alan bireylerin yan\u0131nda, farkl\u0131 disiplinler hakk\u0131nda bilgi sahibi olmak isteyen bireyler i\u00e7in bir ba\u015fvuru kayna\u011f\u0131 olacakt\u0131r. <\/p>\n","protected":false},"excerpt":{"rendered":"<p>\u0130nsan, g\u00f6zlerini d\u00fcnyaya a\u00e7t\u0131\u011f\u0131 andan itibaren \u00f6\u011frenmeye ba\u015flamaktad\u0131r ve bunu hayat\u0131n\u0131n sonuna kadar formel veya informel bir \u015fekilde devam ettirmektedir. \u00d6\u011frenmeler ilk\u00f6\u011fretimle birlikte akademik bir \u015fekil<span class=\"excerpt-hellip\"> [\u2026]<\/span><\/p>\n","protected":false},"featured_media":0,"template":"","meta":{"_monsterinsights_skip_tracking":false,"_monsterinsights_sitenote_active":false,"_monsterinsights_sitenote_note":"","_monsterinsights_sitenote_category":0},"product_brand":[],"product_cat":[12573,12566],"product_tag":[],"class_list":{"0":"post-745769","1":"product","2":"type-product","3":"status-publish","5":"product_cat-akademik-kitaplar","6":"product_cat-egitim","7":"pa_cilt-ciltsiz","8":"pa_tur-kitap","9":"pa_yayinevi-ani-yayincilik","10":"pa_yazar-kolektif","12":"first","13":"instock","14":"sale","15":"shipping-taxable","16":"purchasable","17":"product-type-simple"},"_links":{"self":[{"href":"https:\/\/roveyayinevi.com.tr\/index.php\/wp-json\/wp\/v2\/product\/745769","targetHints":{"allow":["GET"]}}],"collection":[{"href":"https:\/\/roveyayinevi.com.tr\/index.php\/wp-json\/wp\/v2\/product"}],"about":[{"href":"https:\/\/roveyayinevi.com.tr\/index.php\/wp-json\/wp\/v2\/types\/product"}],"wp:attachment":[{"href":"https:\/\/roveyayinevi.com.tr\/index.php\/wp-json\/wp\/v2\/media?parent=745769"}],"wp:term":[{"taxonomy":"product_brand","embeddable":true,"href":"https:\/\/roveyayinevi.com.tr\/index.php\/wp-json\/wp\/v2\/product_brand?post=745769"},{"taxonomy":"product_cat","embeddable":true,"href":"https:\/\/roveyayinevi.com.tr\/index.php\/wp-json\/wp\/v2\/product_cat?post=745769"},{"taxonomy":"product_tag","embeddable":true,"href":"https:\/\/roveyayinevi.com.tr\/index.php\/wp-json\/wp\/v2\/product_tag?post=745769"}],"curies":[{"name":"wp","href":"https:\/\/api.w.org\/{rel}","templated":true}]}}