{"id":745764,"date":"2025-08-28T02:27:19","date_gmt":"2025-08-27T23:27:19","guid":{"rendered":"https:\/\/roveyayinevi.com.tr\/index.php\/urun\/mausoleion\/"},"modified":"2026-04-16T02:58:21","modified_gmt":"2026-04-15T23:58:21","slug":"mausoleion","status":"publish","type":"product","link":"https:\/\/roveyayinevi.com.tr\/index.php\/urun\/mausoleion\/","title":{"rendered":"Mausoleion"},"content":{"rendered":"<p>A\u015fk\u0131n Mabedi\u2026 Antik Halikarnassos\u2019ta b\u00fcy\u00fck bir a\u015fk ya\u015fand\u0131. Artemisia ile Mausolos\u2019un a\u015fk\u0131\u2026 Antik d\u00fcnyan\u0131n 7 harikas\u0131ndan biri olan MAUSOLE\u0130ON bu \u00f6l\u00fcms\u00fcz a\u015fk ile b\u00fct\u00fcnle\u015fti\u2026 Bug\u00fcn milyonlarca insan\u0131n hem Bodrum\u2019da hem \u0130ngiltere British Museum\u2019da ziyaret etti\u011fi bu an\u0131t mezarda h\u00e2l\u00e2 o b\u00fcy\u00fck tarihi a\u015fk\u0131n, ac\u0131n\u0131n, sadakat ve fedak\u00e2rl\u0131\u011f\u0131n izlerine rastlayabilirsiniz. Bu antik kentin dokusunda Mausolos\u2019un Artemisia\u2019ya duydu\u011fu b\u00fcy\u00fck a\u015fk\u0131n par\u0131lt\u0131s\u0131 var; ya\u015fanan tarihte ac\u0131n\u0131n, fedak\u00e2rl\u0131\u011f\u0131n bedeli var. An\u0131t mezar\u0131n temelinde sanat\u0131n erdemi, sanat\u00e7\u0131n\u0131n onuru ve \u015ferefi var. Bu hik\u00e2yede an\u0131t mabedin yap\u0131l\u0131\u015f\u0131n\u0131, bir aile gelene\u011fi olarak ba\u015flayan evlili\u011fin nas\u0131l b\u00fcy\u00fck ve \u00f6l\u00fcms\u00fcz bir a\u015fka d\u00f6n\u00fc\u015ft\u00fc\u011f\u00fcn\u00fc okuyabilirsiniz.                                                                                                                                                        Ahmet ARAS   <\/p>\n","protected":false},"excerpt":{"rendered":"<p>A\u015fk\u0131n Mabedi\u2026 Antik Halikarnassos\u2019ta b\u00fcy\u00fck bir a\u015fk ya\u015fand\u0131. Artemisia ile Mausolos\u2019un a\u015fk\u0131\u2026 Antik d\u00fcnyan\u0131n 7 harikas\u0131ndan biri olan MAUSOLE\u0130ON bu \u00f6l\u00fcms\u00fcz a\u015fk ile b\u00fct\u00fcnle\u015fti\u2026 Bug\u00fcn milyonlarca<span class=\"excerpt-hellip\"> [\u2026]<\/span><\/p>\n","protected":false},"featured_media":0,"template":"","meta":{"_monsterinsights_skip_tracking":false,"_monsterinsights_sitenote_active":false,"_monsterinsights_sitenote_note":"","_monsterinsights_sitenote_category":0},"product_brand":[],"product_cat":[12291,12711],"product_tag":[],"class_list":{"0":"post-745764","1":"product","2":"type-product","3":"status-publish","5":"product_cat-edebiyat","6":"product_cat-roman-oyku","7":"pa_cilt-ciltsiz","8":"pa_tur-kitap","9":"pa_yayinevi-favori-yayinlari","10":"pa_yazar-remzi-kazmaz","12":"first","13":"instock","14":"sale","15":"shipping-taxable","16":"purchasable","17":"product-type-simple"},"_links":{"self":[{"href":"https:\/\/roveyayinevi.com.tr\/index.php\/wp-json\/wp\/v2\/product\/745764","targetHints":{"allow":["GET"]}}],"collection":[{"href":"https:\/\/roveyayinevi.com.tr\/index.php\/wp-json\/wp\/v2\/product"}],"about":[{"href":"https:\/\/roveyayinevi.com.tr\/index.php\/wp-json\/wp\/v2\/types\/product"}],"wp:attachment":[{"href":"https:\/\/roveyayinevi.com.tr\/index.php\/wp-json\/wp\/v2\/media?parent=745764"}],"wp:term":[{"taxonomy":"product_brand","embeddable":true,"href":"https:\/\/roveyayinevi.com.tr\/index.php\/wp-json\/wp\/v2\/product_brand?post=745764"},{"taxonomy":"product_cat","embeddable":true,"href":"https:\/\/roveyayinevi.com.tr\/index.php\/wp-json\/wp\/v2\/product_cat?post=745764"},{"taxonomy":"product_tag","embeddable":true,"href":"https:\/\/roveyayinevi.com.tr\/index.php\/wp-json\/wp\/v2\/product_tag?post=745764"}],"curies":[{"name":"wp","href":"https:\/\/api.w.org\/{rel}","templated":true}]}}