{"id":745763,"date":"2025-08-28T02:27:18","date_gmt":"2025-08-27T23:27:18","guid":{"rendered":"https:\/\/roveyayinevi.com.tr\/index.php\/urun\/kirlenmeseydi-kalpler\/"},"modified":"2026-04-16T02:58:20","modified_gmt":"2026-04-15T23:58:20","slug":"kirlenmeseydi-kalpler","status":"publish","type":"product","link":"https:\/\/roveyayinevi.com.tr\/index.php\/urun\/kirlenmeseydi-kalpler\/","title":{"rendered":"Kirlenmeseydi Kalpler"},"content":{"rendered":"<p>Hayat\u0131n \u00f6zeti bu i\u015fte: Bir \u00f6m\u00fcr de\u011fer verdiklerine yararl\u0131 olmaya \u00c7al\u0131\u015f\u0131rs\u0131n! Sevdiklerin hep iyi olsunlar diye hayatla Yar\u0131\u015f\u0131rs\u0131n! S\u0131rf \u00fcz\u00fclmesinler diye b\u00fct\u00fcn zorluklara Al\u0131\u015f\u0131rs\u0131n! Bazen de tahamm\u00fcl edemediklerine Katlan\u0131rs\u0131n! Ama senin bilip bilmeden bir tek yanl\u0131\u015f\u0131n olursa Bir anda g\u00f6zlerde Karar\u0131rs\u0131n! Senin toz kondurmad\u0131klar\u0131n taraf\u0131ndan \u00e7amura At\u0131l\u0131rs\u0131n! Art\u0131k senin i\u00e7in k\u00f6t\u00fc derler Anlars\u0131n ki Yan\u0131lm\u0131\u015fs\u0131n! Ve bir kez daha insanlar\u0131n adaletsizli\u011fine \u015ea\u015f\u0131r\u0131rs\u0131n! <\/p>\n","protected":false},"excerpt":{"rendered":"<p>Hayat\u0131n \u00f6zeti bu i\u015fte: Bir \u00f6m\u00fcr de\u011fer verdiklerine yararl\u0131 olmaya \u00c7al\u0131\u015f\u0131rs\u0131n! Sevdiklerin hep iyi olsunlar diye hayatla Yar\u0131\u015f\u0131rs\u0131n! S\u0131rf \u00fcz\u00fclmesinler diye b\u00fct\u00fcn zorluklara Al\u0131\u015f\u0131rs\u0131n! Bazen de<span class=\"excerpt-hellip\"> [\u2026]<\/span><\/p>\n","protected":false},"featured_media":0,"template":"","meta":{"_monsterinsights_skip_tracking":false,"_monsterinsights_sitenote_active":false,"_monsterinsights_sitenote_note":"","_monsterinsights_sitenote_category":0},"product_brand":[],"product_cat":[12291,12509],"product_tag":[],"class_list":{"0":"post-745763","1":"product","2":"type-product","3":"status-publish","5":"product_cat-edebiyat","6":"product_cat-siir","7":"pa_cilt-ciltsiz","8":"pa_tur-kitap","9":"pa_yayinevi-favori-yayinlari","10":"pa_yazar-sedat-demir","12":"first","13":"instock","14":"sale","15":"shipping-taxable","16":"purchasable","17":"product-type-simple"},"_links":{"self":[{"href":"https:\/\/roveyayinevi.com.tr\/index.php\/wp-json\/wp\/v2\/product\/745763","targetHints":{"allow":["GET"]}}],"collection":[{"href":"https:\/\/roveyayinevi.com.tr\/index.php\/wp-json\/wp\/v2\/product"}],"about":[{"href":"https:\/\/roveyayinevi.com.tr\/index.php\/wp-json\/wp\/v2\/types\/product"}],"wp:attachment":[{"href":"https:\/\/roveyayinevi.com.tr\/index.php\/wp-json\/wp\/v2\/media?parent=745763"}],"wp:term":[{"taxonomy":"product_brand","embeddable":true,"href":"https:\/\/roveyayinevi.com.tr\/index.php\/wp-json\/wp\/v2\/product_brand?post=745763"},{"taxonomy":"product_cat","embeddable":true,"href":"https:\/\/roveyayinevi.com.tr\/index.php\/wp-json\/wp\/v2\/product_cat?post=745763"},{"taxonomy":"product_tag","embeddable":true,"href":"https:\/\/roveyayinevi.com.tr\/index.php\/wp-json\/wp\/v2\/product_tag?post=745763"}],"curies":[{"name":"wp","href":"https:\/\/api.w.org\/{rel}","templated":true}]}}