{"id":745762,"date":"2025-08-28T02:27:17","date_gmt":"2025-08-27T23:27:17","guid":{"rendered":"https:\/\/roveyayinevi.com.tr\/index.php\/urun\/homo-komunus-sosyal-insan-2\/"},"modified":"2026-04-16T02:58:20","modified_gmt":"2026-04-15T23:58:20","slug":"homo-komunus-sosyal-insan-2","status":"publish","type":"product","link":"https:\/\/roveyayinevi.com.tr\/index.php\/urun\/homo-komunus-sosyal-insan-2\/","title":{"rendered":"Homo Kom\u00fcnus (Sosyal \u0130nsan) -2"},"content":{"rendered":"<p>Bu kitaba; 1919 Alman Devriminin ba\u015far\u0131s\u0131zl\u0131\u011f\u0131n\u0131, Yunanistan devriminin nas\u0131l g\u00fcm\u00fc\u015f tepside emperyalistlere hediye edildi\u011fini ve Sovyetler Birli\u011fi\u2019nin neden y\u0131k\u0131ld\u0131\u011f\u0131n\u0131, Marx\u2019\u0131n \u00fcnl\u00fc \u00fcretici g\u00fc\u00e7ler ve \u00fcretim ili\u015fkileri tezini analiz ederek giri\u015f yapt\u0131m. Ve devam\u0131nda Marx, Engels ve Lenin\u2019in, ya\u015fad\u0131klar\u0131 d\u00f6nemlerdeki \u00f6nemli geli\u015fmeleri ve de Stalin\u2019in y\u00f6netim bi\u00e7imini de\u011fi\u015fik tan\u0131klar arac\u0131l\u0131\u011f\u0131yla ele al\u0131p size aktard\u0131m. Tespitime g\u00f6re; \u00fc\u00e7 \u00fclkedeki sa\u011f kom\u00fcnistlerin bir\u00e7ok \u00f6zellikleri, \u00e7arp\u0131c\u0131 oranda benzerlik g\u00f6steriyor. Bu da sa\u011f kom\u00fcnizmin geli\u015fip serpilmesi i\u00e7in gerekli ko\u015fullar\u0131n her yerde olgunla\u015fm\u0131\u015f oldu\u011funu ve bu sapman\u0131n Stalin iktidar\u0131yla birlikte zirve yapt\u0131\u011f\u0131n\u0131 Lenin, Mao, Castro ve Che\u2019nin anlat\u0131mlar\u0131 da g\u00f6stermektedir.      Bu olgular\u0131n nas\u0131l geli\u015fip ortaya \u00e7\u0131kt\u0131\u011f\u0131n\u0131, ko\u015fullar\u0131m\u0131n olumsuzlu\u011funa ra\u011fmen ortaya koymaya \u00e7al\u0131\u015ft\u0131m. \u00d6n\u00fcm\u00fczdeki devrimci ku\u015faklar\u0131n bu konuyu daha derinlemesine ele alaca\u011f\u0131n\u0131 umut ediyorum. \u00c7\u00fcnk\u00fc emperyalizmin ola\u011fan\u00fcst\u00fc organize oldu\u011fu ve kendi geleceklerini, \u00e7\u0131kard\u0131klar\u0131 dersler \u0131\u015f\u0131\u011f\u0131nda garantiye almak i\u00e7in her t\u00fcrl\u00fc takti\u011fi (i\u011fren\u00e7lik-a\u015fa\u011f\u0131l\u0131k-uzla\u015fma- katliam, alg\u0131 y\u00f6netme-i\u015fkence-g\u00fcler y\u00fcz-gayri insani y\u00f6ntemler vb.) uygulad\u0131klar\u0131 bir d\u00f6nemden ge\u00e7iyoruz. Ezenlerin, s\u00f6m\u00fcrenlerin yani k\u00f6t\u00fclerin, bu derece \u00f6rg\u00fctl\u00fc ve bilin\u00e7li oldu\u011fu bir \u00e7a\u011fda, ezilenler a\u00e7\u0131s\u0131ndan durum, i\u00e7ler ac\u0131s\u0131. Bu \u00f6yk\u00fcde, kendine kom\u00fcnist diyenlerin, mevcut sisteme nas\u0131l destek verdiklerini g\u00f6receksiniz, hem de burunlar\u0131ndan k\u0131l ald\u0131rmaks\u0131z\u0131n! Sa\u011f kom\u00fcnizm, asl\u0131nda devrimci saflarda g\u00f6r\u00fc- n\u00fcp, d\u00fc\u015fman\u0131 taklit etmekten ba\u015fka bir \u015fey de\u011fildir.      Sosyalizm ad\u0131na felaketleri ya\u015fatan, onunla ilgili umutlar\u0131 s\u00f6nd\u00fcren hastal\u0131\u011f\u0131n kayna\u011f\u0131na gitmek sizce de \u00f6nemli de\u011fil mi? <\/p>\n","protected":false},"excerpt":{"rendered":"<p>Bu kitaba; 1919 Alman Devriminin ba\u015far\u0131s\u0131zl\u0131\u011f\u0131n\u0131, Yunanistan devriminin nas\u0131l g\u00fcm\u00fc\u015f tepside emperyalistlere hediye edildi\u011fini ve Sovyetler Birli\u011fi\u2019nin neden y\u0131k\u0131ld\u0131\u011f\u0131n\u0131, Marx\u2019\u0131n \u00fcnl\u00fc \u00fcretici g\u00fc\u00e7ler ve \u00fcretim ili\u015fkileri<span class=\"excerpt-hellip\"> [\u2026]<\/span><\/p>\n","protected":false},"featured_media":0,"template":"","meta":{"_monsterinsights_skip_tracking":false,"_monsterinsights_sitenote_active":false,"_monsterinsights_sitenote_note":"","_monsterinsights_sitenote_category":0},"product_brand":[],"product_cat":[13590,12337],"product_tag":[],"class_list":{"0":"post-745762","1":"product","2":"type-product","3":"status-publish","5":"product_cat-arastirma-inceleme-politika-siyaset","6":"product_cat-politika-siyaset","7":"pa_cilt-ciltsiz","8":"pa_tur-kitap","9":"pa_yayinevi-favori-yayinlari","10":"pa_yazar-selcuk-sahin-polat","12":"first","13":"instock","14":"sale","15":"shipping-taxable","16":"purchasable","17":"product-type-simple"},"_links":{"self":[{"href":"https:\/\/roveyayinevi.com.tr\/index.php\/wp-json\/wp\/v2\/product\/745762","targetHints":{"allow":["GET"]}}],"collection":[{"href":"https:\/\/roveyayinevi.com.tr\/index.php\/wp-json\/wp\/v2\/product"}],"about":[{"href":"https:\/\/roveyayinevi.com.tr\/index.php\/wp-json\/wp\/v2\/types\/product"}],"wp:attachment":[{"href":"https:\/\/roveyayinevi.com.tr\/index.php\/wp-json\/wp\/v2\/media?parent=745762"}],"wp:term":[{"taxonomy":"product_brand","embeddable":true,"href":"https:\/\/roveyayinevi.com.tr\/index.php\/wp-json\/wp\/v2\/product_brand?post=745762"},{"taxonomy":"product_cat","embeddable":true,"href":"https:\/\/roveyayinevi.com.tr\/index.php\/wp-json\/wp\/v2\/product_cat?post=745762"},{"taxonomy":"product_tag","embeddable":true,"href":"https:\/\/roveyayinevi.com.tr\/index.php\/wp-json\/wp\/v2\/product_tag?post=745762"}],"curies":[{"name":"wp","href":"https:\/\/api.w.org\/{rel}","templated":true}]}}