{"id":745759,"date":"2025-08-28T02:27:13","date_gmt":"2025-08-27T23:27:13","guid":{"rendered":"https:\/\/roveyayinevi.com.tr\/index.php\/urun\/kurumsal-itibarin-orgutsel-vatandaslik-davranisina-etkisi\/"},"modified":"2026-04-16T02:58:20","modified_gmt":"2026-04-15T23:58:20","slug":"kurumsal-itibarin-orgutsel-vatandaslik-davranisina-etkisi","status":"publish","type":"product","link":"https:\/\/roveyayinevi.com.tr\/index.php\/urun\/kurumsal-itibarin-orgutsel-vatandaslik-davranisina-etkisi\/","title":{"rendered":"Kurumsal \u0130tibar\u0131n \u00d6rg\u00fctsel Vatanda\u015fl\u0131k Davran\u0131\u015f\u0131na Etkisi"},"content":{"rendered":"<p>B\u0130R\u0130NC\u0130 B\u00d6L\u00dcM 1.DUYGUSAL ZEK\u00c2 KAVRAMI VE KAPSAMI   \u0130K\u0130NC\u0130 B\u00d6L\u00dcM 2. \u00d6RG\u00dcTSEL VATANDA\u015eLIK DAVRANI\u015eI KAVRAMI VE \u00d6NEM\u0130   \u00dc\u00c7\u00dcNC\u00dc B\u00d6L\u00dcM 3. KURUM KAVRAMI <\/p>\n","protected":false},"excerpt":{"rendered":"<p>B\u0130R\u0130NC\u0130 B\u00d6L\u00dcM 1.DUYGUSAL ZEK\u00c2 KAVRAMI VE KAPSAMI \u0130K\u0130NC\u0130 B\u00d6L\u00dcM 2. \u00d6RG\u00dcTSEL VATANDA\u015eLIK DAVRANI\u015eI KAVRAMI VE \u00d6NEM\u0130 \u00dc\u00c7\u00dcNC\u00dc B\u00d6L\u00dcM 3. KURUM KAVRAMI<\/p>\n","protected":false},"featured_media":0,"template":"","meta":{"_monsterinsights_skip_tracking":false,"_monsterinsights_sitenote_active":false,"_monsterinsights_sitenote_note":"","_monsterinsights_sitenote_category":0},"product_brand":[],"product_cat":[12573,12566],"product_tag":[],"class_list":{"0":"post-745759","1":"product","2":"type-product","3":"status-publish","5":"product_cat-akademik-kitaplar","6":"product_cat-egitim","7":"pa_cilt-ciltsiz","8":"pa_tur-kitap","9":"pa_yayinevi-gazi-kitabevi","10":"pa_yazar-mahmut-eser","12":"first","13":"instock","14":"sale","15":"shipping-taxable","16":"purchasable","17":"product-type-simple"},"_links":{"self":[{"href":"https:\/\/roveyayinevi.com.tr\/index.php\/wp-json\/wp\/v2\/product\/745759","targetHints":{"allow":["GET"]}}],"collection":[{"href":"https:\/\/roveyayinevi.com.tr\/index.php\/wp-json\/wp\/v2\/product"}],"about":[{"href":"https:\/\/roveyayinevi.com.tr\/index.php\/wp-json\/wp\/v2\/types\/product"}],"wp:attachment":[{"href":"https:\/\/roveyayinevi.com.tr\/index.php\/wp-json\/wp\/v2\/media?parent=745759"}],"wp:term":[{"taxonomy":"product_brand","embeddable":true,"href":"https:\/\/roveyayinevi.com.tr\/index.php\/wp-json\/wp\/v2\/product_brand?post=745759"},{"taxonomy":"product_cat","embeddable":true,"href":"https:\/\/roveyayinevi.com.tr\/index.php\/wp-json\/wp\/v2\/product_cat?post=745759"},{"taxonomy":"product_tag","embeddable":true,"href":"https:\/\/roveyayinevi.com.tr\/index.php\/wp-json\/wp\/v2\/product_tag?post=745759"}],"curies":[{"name":"wp","href":"https:\/\/api.w.org\/{rel}","templated":true}]}}