{"id":745758,"date":"2025-08-28T02:27:13","date_gmt":"2025-08-27T23:27:13","guid":{"rendered":"https:\/\/roveyayinevi.com.tr\/index.php\/urun\/dunyadaki-ve-turkiyedeki-uygulamalari-ile-islami-finansal-sistem\/"},"modified":"2026-04-16T02:58:20","modified_gmt":"2026-04-15T23:58:20","slug":"dunyadaki-ve-turkiyedeki-uygulamalari-ile-islami-finansal-sistem","status":"publish","type":"product","link":"https:\/\/roveyayinevi.com.tr\/index.php\/urun\/dunyadaki-ve-turkiyedeki-uygulamalari-ile-islami-finansal-sistem\/","title":{"rendered":"D\u00fcnya&#8217;daki ve T\u00fcrkiye&#8217;deki Uygulamalar\u0131 ile \u0130slami Finansal Sistem"},"content":{"rendered":"<p>B\u0130R\u0130NC\u0130 B\u00d6L\u00dcM F\u0130NANSAL S\u0130STEM VE FA\u0130Z   \u0130K\u0130NC\u0130 B\u00d6L\u00dcM \u0130SLAM\u0130 F\u0130NANSAL S\u0130STEM   \u00dc\u00c7\u00dcNC\u00dc B\u00d6L\u00dcM \u0130SLAM\u0130 BANKACILIK MODEL\u0130   D\u00d6RD\u00dcNC\u00dc B\u00d6L\u00dcM ISLAM\u0130 BANKACILIK S\u0130STEM\u0130NDE FON SA\u011eLAMA Y\u00d6NTEMLER\u0130   <\/p>\n","protected":false},"excerpt":{"rendered":"<p>B\u0130R\u0130NC\u0130 B\u00d6L\u00dcM F\u0130NANSAL S\u0130STEM VE FA\u0130Z \u0130K\u0130NC\u0130 B\u00d6L\u00dcM \u0130SLAM\u0130 F\u0130NANSAL S\u0130STEM \u00dc\u00c7\u00dcNC\u00dc B\u00d6L\u00dcM \u0130SLAM\u0130 BANKACILIK MODEL\u0130 D\u00d6RD\u00dcNC\u00dc B\u00d6L\u00dcM ISLAM\u0130 BANKACILIK S\u0130STEM\u0130NDE FON SA\u011eLAMA Y\u00d6NTEMLER\u0130<\/p>\n","protected":false},"featured_media":0,"template":"","meta":{"_monsterinsights_skip_tracking":false,"_monsterinsights_sitenote_active":false,"_monsterinsights_sitenote_note":"","_monsterinsights_sitenote_category":0},"product_brand":[],"product_cat":[20333,13043],"product_tag":[],"class_list":{"0":"post-745758","1":"product","2":"type-product","3":"status-publish","5":"product_cat-diger-ekonomi","6":"product_cat-ekonomi","7":"pa_cilt-ciltsiz","8":"pa_tur-kitap","9":"pa_yayinevi-gazi-kitabevi","10":"pa_yazar-ibrahim-cemberlitas","12":"first","13":"instock","14":"sale","15":"shipping-taxable","16":"purchasable","17":"product-type-simple"},"_links":{"self":[{"href":"https:\/\/roveyayinevi.com.tr\/index.php\/wp-json\/wp\/v2\/product\/745758","targetHints":{"allow":["GET"]}}],"collection":[{"href":"https:\/\/roveyayinevi.com.tr\/index.php\/wp-json\/wp\/v2\/product"}],"about":[{"href":"https:\/\/roveyayinevi.com.tr\/index.php\/wp-json\/wp\/v2\/types\/product"}],"wp:attachment":[{"href":"https:\/\/roveyayinevi.com.tr\/index.php\/wp-json\/wp\/v2\/media?parent=745758"}],"wp:term":[{"taxonomy":"product_brand","embeddable":true,"href":"https:\/\/roveyayinevi.com.tr\/index.php\/wp-json\/wp\/v2\/product_brand?post=745758"},{"taxonomy":"product_cat","embeddable":true,"href":"https:\/\/roveyayinevi.com.tr\/index.php\/wp-json\/wp\/v2\/product_cat?post=745758"},{"taxonomy":"product_tag","embeddable":true,"href":"https:\/\/roveyayinevi.com.tr\/index.php\/wp-json\/wp\/v2\/product_tag?post=745758"}],"curies":[{"name":"wp","href":"https:\/\/api.w.org\/{rel}","templated":true}]}}