{"id":745752,"date":"2025-08-28T02:27:05","date_gmt":"2025-08-27T23:27:05","guid":{"rendered":"https:\/\/roveyayinevi.com.tr\/index.php\/urun\/zeka-gelistiren-bulmacalar\/"},"modified":"2026-04-16T02:58:20","modified_gmt":"2026-04-15T23:58:20","slug":"zeka-gelistiren-bulmacalar","status":"publish","type":"product","link":"https:\/\/roveyayinevi.com.tr\/index.php\/urun\/zeka-gelistiren-bulmacalar\/","title":{"rendered":"Zeka Geli\u015ftiren Bulmacalar"},"content":{"rendered":"<p>\u00c7ocuklar\u0131n bili\u015fsel, sosyal, duygusal ve ince motor geli\u015fimleri ile dil becerilerini desteklemek amac\u0131yla haz\u0131rlanm\u0131\u015f bu kitaplarda; \u2022 ayn\u0131 ve farkl\u0131 olan\u0131 bulma\u2022 eksik bulma\u2022 g\u00f6rsel ve i\u015fitsel dikkat\u2022 k\u0131sa s\u00fcreli haf\u0131za \u2022 kavramlar ve uzamsal alg\u0131\u2022 tane kavram\u0131, say\u0131 tan\u0131ma ve yazma\u2022 labirent\u2022 par\u00e7a b\u00fct\u00fcn ili\u015fkisi\u2022 boyama ve \u00e7izgi tamamlama egzersizleri bulunmaktad\u0131r. Etkinlikleri yaparken \u00e7ocuklar hem e\u011flenecekler hem de \u00f6\u011frenecekler. <\/p>\n","protected":false},"excerpt":{"rendered":"<p>\u00c7ocuklar\u0131n bili\u015fsel, sosyal, duygusal ve ince motor geli\u015fimleri ile dil becerilerini desteklemek amac\u0131yla haz\u0131rlanm\u0131\u015f bu kitaplarda; \u2022 ayn\u0131 ve farkl\u0131 olan\u0131 bulma\u2022 eksik bulma\u2022 g\u00f6rsel ve<span class=\"excerpt-hellip\"> [\u2026]<\/span><\/p>\n","protected":false},"featured_media":0,"template":"","meta":{"_monsterinsights_skip_tracking":false,"_monsterinsights_sitenote_active":false,"_monsterinsights_sitenote_note":"","_monsterinsights_sitenote_category":0},"product_brand":[],"product_cat":[12274,15842],"product_tag":[],"class_list":{"0":"post-745752","1":"product","2":"type-product","3":"status-publish","5":"product_cat-cocuk-ve-genclik-kitaplari","6":"product_cat-egitici-kitaplar","7":"pa_cilt-ciltsiz","8":"pa_tur-kitap","9":"pa_yayinevi-cinar-yayinlari","10":"pa_yazar-kolektif","12":"first","13":"instock","14":"sale","15":"shipping-taxable","16":"purchasable","17":"product-type-simple"},"_links":{"self":[{"href":"https:\/\/roveyayinevi.com.tr\/index.php\/wp-json\/wp\/v2\/product\/745752","targetHints":{"allow":["GET"]}}],"collection":[{"href":"https:\/\/roveyayinevi.com.tr\/index.php\/wp-json\/wp\/v2\/product"}],"about":[{"href":"https:\/\/roveyayinevi.com.tr\/index.php\/wp-json\/wp\/v2\/types\/product"}],"wp:attachment":[{"href":"https:\/\/roveyayinevi.com.tr\/index.php\/wp-json\/wp\/v2\/media?parent=745752"}],"wp:term":[{"taxonomy":"product_brand","embeddable":true,"href":"https:\/\/roveyayinevi.com.tr\/index.php\/wp-json\/wp\/v2\/product_brand?post=745752"},{"taxonomy":"product_cat","embeddable":true,"href":"https:\/\/roveyayinevi.com.tr\/index.php\/wp-json\/wp\/v2\/product_cat?post=745752"},{"taxonomy":"product_tag","embeddable":true,"href":"https:\/\/roveyayinevi.com.tr\/index.php\/wp-json\/wp\/v2\/product_tag?post=745752"}],"curies":[{"name":"wp","href":"https:\/\/api.w.org\/{rel}","templated":true}]}}