{"id":745751,"date":"2025-08-28T02:27:04","date_gmt":"2025-08-27T23:27:04","guid":{"rendered":"https:\/\/roveyayinevi.com.tr\/index.php\/urun\/efsaneler-anilar-ve-kimliklerin-gosterimi\/"},"modified":"2026-04-16T02:58:20","modified_gmt":"2026-04-15T23:58:20","slug":"efsaneler-anilar-ve-kimliklerin-gosterimi","status":"publish","type":"product","link":"https:\/\/roveyayinevi.com.tr\/index.php\/urun\/efsaneler-anilar-ve-kimliklerin-gosterimi\/","title":{"rendered":"Efsaneler, An\u0131lar ve Kimliklerin G\u00f6sterimi"},"content":{"rendered":"<p>Ki\u015fisel an\u0131lar\u0131m\u0131z\u0131n zaman i\u00e7inde, onlar\u0131 hat\u0131rlad\u0131k\u00e7a ve anlatt\u0131k\u00e7a de\u011fi\u015fmesi gibi, toplumsal haf\u0131zam\u0131zda yer etmi\u015f olaylar ve hik\u00e2yeler de zaman i\u00e7inde farkl\u0131 anlat\u0131mlara ve anlamlara b\u00fcr\u00fcn\u00fcrler. Tarih, zaman \u00e7izelgesinde ger\u00e7ekle\u015fmi\u015f olaylarla bu bozulman\u0131n bir t\u00fcr birle\u015fimidir ve bunlar \u00e7o\u011fu zaman du\u0308nyan\u0131n neden bu durumda oldu\u011funu a\u00e7\u0131klamak ve \u00f6zellikle belirli baz\u0131 siyasi ya da toplumsal du\u0308zenlemeleri savunmak ya da \u201cme\u015frula\u015ft\u0131rmak\u201d i\u00e7in kullan\u0131l\u0131rlar. Ancak bu efsanele\u015ftirme yaln\u0131zca eski hik\u00e2yelerle ilgili de\u011fildir: R\u00f6nesans gibi uzun bir s\u00fcrece yay\u0131lan de\u011fi\u015fimler de zaman i\u00e7inde farkl\u0131 anlat\u0131m ve anlamlara b\u00fcr\u00fcn\u00fcrler. \u00dcnl\u00fc tarih\u00e7i Peter Burke, Efsaneler, An\u0131lar ve Kimliklerin G\u00f6sterimi\u2019nde bu d\u00fc\u015f\u00fcnceden yola \u00e7\u0131karak tarih ve efsane aras\u0131nda, ger\u00e7ek ve ger\u00e7ekd\u0131\u015f\u0131l\u0131k ile \u00f6zde\u015fle\u015ftirilen ikili kar\u015f\u0131tl\u0131\u011f\u0131 sorguluyor.   Okuru Demir Ta\u00e7\u2019tan R\u00f6nesans\u2019a, XIV. Louis\u2019nin etraf\u0131nda yarat\u0131lm\u0131\u015f olan G\u00fcne\u015f Kral imgesinden yeniden in\u015fa edilen rit\u00fcellere; efsaneler, ger\u00e7ek olaylar ve efsanele\u015ftirilmi\u015f ger\u00e7ek olaylar aras\u0131nda bir yolculu\u011fa \u00e7\u0131karan Peter Burke ayn\u0131 zamanda tarih alg\u0131m\u0131z\u0131 da mercek alt\u0131na al\u0131yor ve tarih \u00fczerine yeniden d\u00fc\u015f\u00fcnmemizi sa\u011fl\u0131yor.<\/p>\n","protected":false},"excerpt":{"rendered":"<p>Ki\u015fisel an\u0131lar\u0131m\u0131z\u0131n zaman i\u00e7inde, onlar\u0131 hat\u0131rlad\u0131k\u00e7a ve anlatt\u0131k\u00e7a de\u011fi\u015fmesi gibi, toplumsal haf\u0131zam\u0131zda yer etmi\u015f olaylar ve hik\u00e2yeler de zaman i\u00e7inde farkl\u0131 anlat\u0131mlara ve anlamlara b\u00fcr\u00fcn\u00fcrler. Tarih,<span class=\"excerpt-hellip\"> [\u2026]<\/span><\/p>\n","protected":false},"featured_media":0,"template":"","meta":{"_monsterinsights_skip_tracking":false,"_monsterinsights_sitenote_active":false,"_monsterinsights_sitenote_note":"","_monsterinsights_sitenote_category":0},"product_brand":[],"product_cat":[12312,12304],"product_tag":[],"class_list":{"0":"post-745751","1":"product","2":"type-product","3":"status-publish","5":"product_cat-diger","6":"product_cat-tarih","7":"pa_cilt-ciltsiz","8":"pa_tur-kitap","9":"pa_yayinevi-islik-yayinlari","10":"pa_yazar-peter-burke","12":"first","13":"instock","14":"sale","15":"shipping-taxable","16":"purchasable","17":"product-type-simple"},"_links":{"self":[{"href":"https:\/\/roveyayinevi.com.tr\/index.php\/wp-json\/wp\/v2\/product\/745751","targetHints":{"allow":["GET"]}}],"collection":[{"href":"https:\/\/roveyayinevi.com.tr\/index.php\/wp-json\/wp\/v2\/product"}],"about":[{"href":"https:\/\/roveyayinevi.com.tr\/index.php\/wp-json\/wp\/v2\/types\/product"}],"wp:attachment":[{"href":"https:\/\/roveyayinevi.com.tr\/index.php\/wp-json\/wp\/v2\/media?parent=745751"}],"wp:term":[{"taxonomy":"product_brand","embeddable":true,"href":"https:\/\/roveyayinevi.com.tr\/index.php\/wp-json\/wp\/v2\/product_brand?post=745751"},{"taxonomy":"product_cat","embeddable":true,"href":"https:\/\/roveyayinevi.com.tr\/index.php\/wp-json\/wp\/v2\/product_cat?post=745751"},{"taxonomy":"product_tag","embeddable":true,"href":"https:\/\/roveyayinevi.com.tr\/index.php\/wp-json\/wp\/v2\/product_tag?post=745751"}],"curies":[{"name":"wp","href":"https:\/\/api.w.org\/{rel}","templated":true}]}}