{"id":745750,"date":"2025-08-28T02:27:03","date_gmt":"2025-08-27T23:27:03","guid":{"rendered":"https:\/\/roveyayinevi.com.tr\/index.php\/urun\/jim-reaper-bazoom-operasyonu\/"},"modified":"2026-04-16T02:58:20","modified_gmt":"2026-04-15T23:58:20","slug":"jim-reaper-bazoom-operasyonu","status":"publish","type":"product","link":"https:\/\/roveyayinevi.com.tr\/index.php\/urun\/jim-reaper-bazoom-operasyonu\/","title":{"rendered":"J\u0131m Reaper: Bazoom Operasyonu"},"content":{"rendered":"<p>Jim Wimple i\u00e7in art\u0131k eski ve ayaktan ittirmeli Scooter\u2019\u0131n\u0131n yerine \u00e7ok haval\u0131 ve h\u0131zl\u0131 bir Bazoom! alman\u0131n zaman\u0131 gelmi\u015fti. Ancak Bazoom! \u0130\u00e7in ailesini ikna etmesi gerekiyordu. Arkada\u015f\u0131 Will Maggot ile yazd\u0131\u011f\u0131 \u0130kna Mektubu\u2019nu babas\u0131n\u0131n muhasebe ofisine ula\u015ft\u0131racak ve b\u00f6ylece ailesinin ona bir Bazoom! almas\u0131n\u0131 sa\u011flayabilecekti. Ancak Bazoom! Operasyonu umdu\u011fu gibi gidecek miydi? Peki ya babas\u0131?O ger\u00e7ekten ne i\u015f yap\u0131yordu?  Jim ve Will\u2019in maceras\u0131na tan\u0131k olmaya haz\u0131r m\u0131s\u0131n\u0131z?<\/p>\n","protected":false},"excerpt":{"rendered":"<p>Jim Wimple i\u00e7in art\u0131k eski ve ayaktan ittirmeli Scooter\u2019\u0131n\u0131n yerine \u00e7ok haval\u0131 ve h\u0131zl\u0131 bir Bazoom! alman\u0131n zaman\u0131 gelmi\u015fti. Ancak Bazoom! \u0130\u00e7in ailesini ikna etmesi gerekiyordu.<span class=\"excerpt-hellip\"> [\u2026]<\/span><\/p>\n","protected":false},"featured_media":0,"template":"","meta":{"_monsterinsights_skip_tracking":false,"_monsterinsights_sitenote_active":false,"_monsterinsights_sitenote_note":"","_monsterinsights_sitenote_category":0},"product_brand":[],"product_cat":[12689,12274],"product_tag":[],"class_list":{"0":"post-745750","1":"product","2":"type-product","3":"status-publish","5":"product_cat-cizgi-roman-cocuk-ve-genclik-kitaplari","6":"product_cat-cocuk-ve-genclik-kitaplari","7":"pa_cilt-ciltsiz","8":"pa_tur-kitap","9":"pa_yayinevi-epsilon-yayinlari","10":"pa_yazar-rachel-delahaye","12":"first","13":"instock","14":"sale","15":"shipping-taxable","16":"purchasable","17":"product-type-simple"},"_links":{"self":[{"href":"https:\/\/roveyayinevi.com.tr\/index.php\/wp-json\/wp\/v2\/product\/745750","targetHints":{"allow":["GET"]}}],"collection":[{"href":"https:\/\/roveyayinevi.com.tr\/index.php\/wp-json\/wp\/v2\/product"}],"about":[{"href":"https:\/\/roveyayinevi.com.tr\/index.php\/wp-json\/wp\/v2\/types\/product"}],"wp:attachment":[{"href":"https:\/\/roveyayinevi.com.tr\/index.php\/wp-json\/wp\/v2\/media?parent=745750"}],"wp:term":[{"taxonomy":"product_brand","embeddable":true,"href":"https:\/\/roveyayinevi.com.tr\/index.php\/wp-json\/wp\/v2\/product_brand?post=745750"},{"taxonomy":"product_cat","embeddable":true,"href":"https:\/\/roveyayinevi.com.tr\/index.php\/wp-json\/wp\/v2\/product_cat?post=745750"},{"taxonomy":"product_tag","embeddable":true,"href":"https:\/\/roveyayinevi.com.tr\/index.php\/wp-json\/wp\/v2\/product_tag?post=745750"}],"curies":[{"name":"wp","href":"https:\/\/api.w.org\/{rel}","templated":true}]}}