{"id":745747,"date":"2025-08-28T02:26:59","date_gmt":"2025-08-27T23:26:59","guid":{"rendered":"https:\/\/roveyayinevi.com.tr\/index.php\/urun\/ichigo-ichie\/"},"modified":"2026-04-08T03:05:29","modified_gmt":"2026-04-08T00:05:29","slug":"ichigo-ichie","status":"publish","type":"product","link":"https:\/\/roveyayinevi.com.tr\/index.php\/urun\/ichigo-ichie\/","title":{"rendered":"Ich\u0131go Ich\u0131e"},"content":{"rendered":"<p>Her An Bir Kere Ya\u015fan\u0131r   Japonlar\u0131n Her An\u0131 En \u0130yi \u015eekilde Ya\u015fama Sanat\u0131   \u201cB\u00fct\u00fcn karma\u015fas\u0131na, do\u011fumlara ve \u00f6l\u00fcmlere kar\u015f\u0131n do\u011fa bile kusursuz de\u011filken siz neden olas\u0131n\u0131z? Her ba\u015far\u0131s\u0131zl\u0131k farkl\u0131 bir yol denemeniz gerekti\u011fini s\u00f6yleyen bir i\u015farettir. Her kusur p\u0131rlantay\u0131 parlatman\u0131z i\u00e7in bir davettir. E\u011fer geli\u015fmek isterseniz kusurlu olmak m\u00fckemmel bir f\u0131rsatt\u0131r.\u201d   Her an\u0131 bir kez ya\u015far\u0131z ve kay\u0131p gitmesine izin verirsek onu sonsuza dek kaybederiz. Temeli on alt\u0131nc\u0131 y\u00fczy\u0131ldaki Japon \u00e7ay seremonilerine dayanan, her kar\u015f\u0131la\u015fman\u0131n benzersiz ve \u00f6zel oldu\u011funu ifade eden ichigo-ichie kavram\u0131 da bu noktada yepyeni bir fark\u0131ndal\u0131k kazanma f\u0131rsat\u0131 sunuyor.   Asl\u0131nda her birimiz dikkatli, di\u011ferleriyle uyumlu ve ya\u015fam sevgisiyle dolu bir hayata kap\u0131 a\u00e7abilecek bu anahtara sahibiz. Be\u015f duyumuzu \u015fimdiye odaklanabilece\u011fimiz \u015fekilde kullanman\u0131n y\u00f6ntemlerini anlatan bu eser, s\u00f6zkonusu as\u0131rl\u0131k gelene\u011fin a\u00e7t\u0131\u011f\u0131 yolda ilerlemek isteyenlere \u0131\u015f\u0131k tutuyor.   Uluslararas\u0131 \u00e7oksatan Ikigai&#8217;nin yazarlar\u0131n\u0131n bizlerle bulu\u015fturdu\u011fu, bu Japon sanat\u0131n\u0131 eksiksiz anlatan k\u0131lavuz niteli\u011findeki Ichigo-Ichie\u2019yle her an\u0131 e\u015fsiz bir deneyim haline getirebileceksiniz.   &#8220;Yaln\u0131zca bir kez ya\u015fars\u0131n\u0131z ama hayat\u0131n do\u011frular\u0131yla ya\u015farsan\u0131z o da yeterlidir.&#8221; <\/p>\n","protected":false},"excerpt":{"rendered":"<p>Her An Bir Kere Ya\u015fan\u0131r Japonlar\u0131n Her An\u0131 En \u0130yi \u015eekilde Ya\u015fama Sanat\u0131 \u201cB\u00fct\u00fcn karma\u015fas\u0131na, do\u011fumlara ve \u00f6l\u00fcmlere kar\u015f\u0131n do\u011fa bile kusursuz de\u011filken siz neden olas\u0131n\u0131z?<span class=\"excerpt-hellip\"> [\u2026]<\/span><\/p>\n","protected":false},"featured_media":0,"template":"","meta":{"_monsterinsights_skip_tracking":false,"_monsterinsights_sitenote_active":false,"_monsterinsights_sitenote_note":"","_monsterinsights_sitenote_category":0},"product_brand":[],"product_cat":[12364,12376],"product_tag":[],"class_list":{"0":"post-745747","1":"product","2":"type-product","3":"status-publish","5":"product_cat-genel-konular","6":"product_cat-kisisel-gelisim","7":"pa_cilt-ciltsiz","8":"pa_tur-kitap","9":"pa_yayinevi-nepal-kitap","10":"pa_yazar-hector-garcia-francesc-miralles","12":"first","13":"instock","14":"sale","15":"shipping-taxable","16":"purchasable","17":"product-type-simple"},"_links":{"self":[{"href":"https:\/\/roveyayinevi.com.tr\/index.php\/wp-json\/wp\/v2\/product\/745747","targetHints":{"allow":["GET"]}}],"collection":[{"href":"https:\/\/roveyayinevi.com.tr\/index.php\/wp-json\/wp\/v2\/product"}],"about":[{"href":"https:\/\/roveyayinevi.com.tr\/index.php\/wp-json\/wp\/v2\/types\/product"}],"wp:attachment":[{"href":"https:\/\/roveyayinevi.com.tr\/index.php\/wp-json\/wp\/v2\/media?parent=745747"}],"wp:term":[{"taxonomy":"product_brand","embeddable":true,"href":"https:\/\/roveyayinevi.com.tr\/index.php\/wp-json\/wp\/v2\/product_brand?post=745747"},{"taxonomy":"product_cat","embeddable":true,"href":"https:\/\/roveyayinevi.com.tr\/index.php\/wp-json\/wp\/v2\/product_cat?post=745747"},{"taxonomy":"product_tag","embeddable":true,"href":"https:\/\/roveyayinevi.com.tr\/index.php\/wp-json\/wp\/v2\/product_tag?post=745747"}],"curies":[{"name":"wp","href":"https:\/\/api.w.org\/{rel}","templated":true}]}}