{"id":745746,"date":"2025-08-28T02:26:58","date_gmt":"2025-08-27T23:26:58","guid":{"rendered":"https:\/\/roveyayinevi.com.tr\/index.php\/urun\/tablodaki-kadin\/"},"modified":"2026-04-16T02:58:20","modified_gmt":"2026-04-15T23:58:20","slug":"tablodaki-kadin","status":"publish","type":"product","link":"https:\/\/roveyayinevi.com.tr\/index.php\/urun\/tablodaki-kadin\/","title":{"rendered":"Tablodaki Kad\u0131n"},"content":{"rendered":"<p>&#8220;Kad\u0131nlar\u0131n y\u00fczy\u0131llar boyunca gezmeleri, kendi ba\u015flar\u0131na maceraya at\u0131l-malar\u0131, zek\u00e2 ve yeteneklerini g\u00f6sterecek i\u015flerde \u00e7al\u0131\u015fmalar\u0131 toplumsalolarak engellendi\u011fi i\u00e7indir ki, dinledikleri ve okuduklar\u0131 hik\u00e2yeler onlari\u00e7in \u00e7ok \u00f6nemli olmu\u015ftur. Ancak bu \u015fekilde zihinsel yolculuklara \u00e7\u0131ka-bilir, g\u00f6rmedikleri d\u00fcnya hakk\u0131nda bilgi edinebilirlerdi. \u0130\u015fte tam da buy\u00fczden kad\u0131n ile kitap aras\u0131nda \u00e7ok \u00f6zel, hatta b\u00fcy\u00fcl\u00fc bir ba\u011f oldu\u011funud\u00fc\u015f\u00fcnmeden edemem.     &#8220;Ressamlar \u00f6teden beri kitap okuyanlar\u0131, \u00f6zellikle de kitap okuyankad\u0131nlar\u0131 resmetmeyi sevmi\u015fler. Her kitab\u0131n farkl\u0131 mimikler ve duru\u015f-la okundu\u011funu izlemek, ayr\u0131ca bir d\u00fc\u015f\u00fcnme nedeni olmu\u015f ressamlara.Bizler de okuyan kad\u0131nlar\u0131n resimlerine bakt\u0131\u011f\u0131m\u0131zda, kim olduklar\u0131, neokuduklar\u0131 ve nas\u0131l okuduklar\u0131 hakk\u0131nda bilgi edinebiliriz \u00e7\u00fcnk\u00fc oku-nan metin bir \u015fekilde bedene yans\u0131r: Merak, dikkat, heyecan, h\u00fcz\u00fcn yada s\u0131k\u0131nt\u0131 izlerini g\u00f6rebiliriz. Okuma eylemi \u00fczerine yo\u011funla\u015fmak ayr\u0131cabize kitab\u0131n y\u00fczy\u0131llar i\u00e7inde nas\u0131l farkl\u0131 \u015fekillere b\u00fcr\u00fcnd\u00fc\u011f\u00fcn\u00fc de g\u00f6s-terir.     &#8220;Sanat tarihi bilgim s\u0131n\u0131rl\u0131 oldu\u011fu i\u00e7in, bu kitapta yer alan resimleresanatsal de\u011ferleri ya da teknikleri a\u00e7\u0131s\u0131ndan de\u011fil, bas\u0131l\u0131 kitab\u0131n tarihiniyans\u0131tmalar\u0131 a\u00e7\u0131s\u0131ndan bakt\u0131m. Anlayaca\u011f\u0131n\u0131z, bu klasik bir sanat tari-hi ya da sanat ele\u015ftirisi kitab\u0131 de\u011fil, sadece resimlere hayranl\u0131kla bakan,g\u00f6rd\u00fcklerini payla\u015fmaktan zevk alan birinin denemeleri&#8230;&#8221;                                                                              \u2013Asuman Kafao\u011flu-B\u00fcke<\/p>\n","protected":false},"excerpt":{"rendered":"<p>&#8220;Kad\u0131nlar\u0131n y\u00fczy\u0131llar boyunca gezmeleri, kendi ba\u015flar\u0131na maceraya at\u0131l-malar\u0131, zek\u00e2 ve yeteneklerini g\u00f6sterecek i\u015flerde \u00e7al\u0131\u015fmalar\u0131 toplumsalolarak engellendi\u011fi i\u00e7indir ki, dinledikleri ve okuduklar\u0131 hik\u00e2yeler onlari\u00e7in \u00e7ok \u00f6nemli olmu\u015ftur.<span class=\"excerpt-hellip\"> [\u2026]<\/span><\/p>\n","protected":false},"featured_media":0,"template":"","meta":{"_monsterinsights_skip_tracking":false,"_monsterinsights_sitenote_active":false,"_monsterinsights_sitenote_note":"","_monsterinsights_sitenote_category":0},"product_brand":[],"product_cat":[12408,14197],"product_tag":[],"class_list":{"0":"post-745746","1":"product","2":"type-product","3":"status-publish","5":"product_cat-sanat","6":"product_cat-sanat-tarihi","7":"pa_cilt-ciltsiz","8":"pa_tur-kitap","9":"pa_yayinevi-epsilon-yayinlari","10":"pa_yazar-asuman-kafaoglu-buke","12":"first","13":"instock","14":"sale","15":"shipping-taxable","16":"purchasable","17":"product-type-simple"},"_links":{"self":[{"href":"https:\/\/roveyayinevi.com.tr\/index.php\/wp-json\/wp\/v2\/product\/745746","targetHints":{"allow":["GET"]}}],"collection":[{"href":"https:\/\/roveyayinevi.com.tr\/index.php\/wp-json\/wp\/v2\/product"}],"about":[{"href":"https:\/\/roveyayinevi.com.tr\/index.php\/wp-json\/wp\/v2\/types\/product"}],"wp:attachment":[{"href":"https:\/\/roveyayinevi.com.tr\/index.php\/wp-json\/wp\/v2\/media?parent=745746"}],"wp:term":[{"taxonomy":"product_brand","embeddable":true,"href":"https:\/\/roveyayinevi.com.tr\/index.php\/wp-json\/wp\/v2\/product_brand?post=745746"},{"taxonomy":"product_cat","embeddable":true,"href":"https:\/\/roveyayinevi.com.tr\/index.php\/wp-json\/wp\/v2\/product_cat?post=745746"},{"taxonomy":"product_tag","embeddable":true,"href":"https:\/\/roveyayinevi.com.tr\/index.php\/wp-json\/wp\/v2\/product_tag?post=745746"}],"curies":[{"name":"wp","href":"https:\/\/api.w.org\/{rel}","templated":true}]}}