{"id":745744,"date":"2025-08-28T02:26:55","date_gmt":"2025-08-27T23:26:55","guid":{"rendered":"https:\/\/roveyayinevi.com.tr\/index.php\/urun\/natalie-kirik-kalpler-ve-kurbaga-yagmurlari\/"},"modified":"2026-04-16T02:58:20","modified_gmt":"2026-04-15T23:58:20","slug":"natalie-kirik-kalpler-ve-kurbaga-yagmurlari","status":"publish","type":"product","link":"https:\/\/roveyayinevi.com.tr\/index.php\/urun\/natalie-kirik-kalpler-ve-kurbaga-yagmurlari\/","title":{"rendered":"Natalie \u2013 K\u0131r\u0131k Kalpler ve Kurba\u011fa Ya\u011fmurlar\u0131"},"content":{"rendered":"<p>T\u00dcM D\u00dcNYADA Y\u00dcZ B\u0130NLERCE OKURUNG\u00d6NL\u00dcNE TAHT KURAN NATALIE, \u0130LKMACERASIYLA N\u0130HAYET ARAMIZDA! ARKADA\u015e OALB\u0130LMEK H\u0130\u00c7 KOLAY DE\u011e\u0130L.\u00dcST\u00dcNE \u00dcSTL\u00dcK, KAYBETMES\u0130 DE \u00c7OK \u00dcZ\u00dcC\u00dc!  Natalie kendini hi\u00e7bir zaman yeterince atletik, tarz ya da yetenekli hissetmedi. Bu nedenle ortaokula ba\u015flad\u0131\u011f\u0131 ilk g\u00fcn, i\u015flerin d\u00fc\u015f\u00fcnd\u00fc\u011f\u00fcnden de zor olaca\u011f\u0131n\u0131 biliyordu. Sonu\u00e7ta en iyi arkada\u015f\u0131 Lily i\u00e7in bile yeterince haval\u0131 de\u011fildi art\u0131k! Ans\u0131z\u0131n kaybetti\u011fi en iyi dostunu yeniden kazanmaki\u00e7in u\u011fra\u015f\u0131p tahmin etti\u011finden de b\u00fcy\u00fck bir maceraya at\u0131l\u0131rken, yol boyunca kendisi ve yetenekleri hakk\u0131nda onlarca yeni \u015fey \u00f6\u011frenece\u011finden de habersiz&#8230; Natalie bu yolculukta kim olmad\u0131\u011f\u0131ndan \u00e7ok kim oldu\u011funa odaklan\u0131rsa fazlas\u0131yla YETERL\u0130 oldu\u011funu ke\u015ffedebilecek. Okurlar\u0131 olarak bize d\u00fc\u015fense onu ve renkli d\u00fcnyas\u0131n\u0131 yak\u0131ndan tan\u0131yabilme mutlulu\u011fu olacak!<\/p>\n","protected":false},"excerpt":{"rendered":"<p>T\u00dcM D\u00dcNYADA Y\u00dcZ B\u0130NLERCE OKURUNG\u00d6NL\u00dcNE TAHT KURAN NATALIE, \u0130LKMACERASIYLA N\u0130HAYET ARAMIZDA! ARKADA\u015e OALB\u0130LMEK H\u0130\u00c7 KOLAY DE\u011e\u0130L.\u00dcST\u00dcNE \u00dcSTL\u00dcK, KAYBETMES\u0130 DE \u00c7OK \u00dcZ\u00dcC\u00dc! Natalie kendini hi\u00e7bir zaman yeterince<span class=\"excerpt-hellip\"> [\u2026]<\/span><\/p>\n","protected":false},"featured_media":0,"template":"","meta":{"_monsterinsights_skip_tracking":false,"_monsterinsights_sitenote_active":false,"_monsterinsights_sitenote_note":"","_monsterinsights_sitenote_category":0},"product_brand":[],"product_cat":[12689,12274],"product_tag":[],"class_list":{"0":"post-745744","1":"product","2":"type-product","3":"status-publish","5":"product_cat-cizgi-roman-cocuk-ve-genclik-kitaplari","6":"product_cat-cocuk-ve-genclik-kitaplari","7":"pa_cilt-ciltsiz","8":"pa_tur-kitap","9":"pa_yayinevi-epsilon-yayinlari","10":"pa_yazar-maria-scrivan","12":"first","13":"instock","14":"sale","15":"shipping-taxable","16":"purchasable","17":"product-type-simple"},"_links":{"self":[{"href":"https:\/\/roveyayinevi.com.tr\/index.php\/wp-json\/wp\/v2\/product\/745744","targetHints":{"allow":["GET"]}}],"collection":[{"href":"https:\/\/roveyayinevi.com.tr\/index.php\/wp-json\/wp\/v2\/product"}],"about":[{"href":"https:\/\/roveyayinevi.com.tr\/index.php\/wp-json\/wp\/v2\/types\/product"}],"wp:attachment":[{"href":"https:\/\/roveyayinevi.com.tr\/index.php\/wp-json\/wp\/v2\/media?parent=745744"}],"wp:term":[{"taxonomy":"product_brand","embeddable":true,"href":"https:\/\/roveyayinevi.com.tr\/index.php\/wp-json\/wp\/v2\/product_brand?post=745744"},{"taxonomy":"product_cat","embeddable":true,"href":"https:\/\/roveyayinevi.com.tr\/index.php\/wp-json\/wp\/v2\/product_cat?post=745744"},{"taxonomy":"product_tag","embeddable":true,"href":"https:\/\/roveyayinevi.com.tr\/index.php\/wp-json\/wp\/v2\/product_tag?post=745744"}],"curies":[{"name":"wp","href":"https:\/\/api.w.org\/{rel}","templated":true}]}}