{"id":745742,"date":"2025-08-28T02:26:52","date_gmt":"2025-08-27T23:26:52","guid":{"rendered":"https:\/\/roveyayinevi.com.tr\/index.php\/urun\/denizin-kiyisinda\/"},"modified":"2026-04-08T03:05:29","modified_gmt":"2026-04-08T00:05:29","slug":"denizin-kiyisinda","status":"publish","type":"product","link":"https:\/\/roveyayinevi.com.tr\/index.php\/urun\/denizin-kiyisinda\/","title":{"rendered":"Denizin K\u0131y\u0131s\u0131nda"},"content":{"rendered":"<p>Nefes ald\u0131k\u00e7a \u00e7are bulunurken ac\u0131lara, ya\u015fad\u0131k\u00e7a devam ediyordu umut\u2026 \u0130ntikam\u0131n k\u0131y\u0131s\u0131nda bedelini \u00f6d\u00fcyordu insan ge\u00e7mi\u015finin\u2026 Her \u015feye ra\u011fmen a\u015fka yenilenlerin, hayata direnenlerin, vazge\u00e7meyenlerin hik\u00e2yesi bu\u2026 <\/p>\n","protected":false},"excerpt":{"rendered":"<p>Nefes ald\u0131k\u00e7a \u00e7are bulunurken ac\u0131lara, ya\u015fad\u0131k\u00e7a devam ediyordu umut\u2026 \u0130ntikam\u0131n k\u0131y\u0131s\u0131nda bedelini \u00f6d\u00fcyordu insan ge\u00e7mi\u015finin\u2026 Her \u015feye ra\u011fmen a\u015fka yenilenlerin, hayata direnenlerin, vazge\u00e7meyenlerin hik\u00e2yesi bu\u2026<\/p>\n","protected":false},"featured_media":0,"template":"","meta":{"_monsterinsights_skip_tracking":false,"_monsterinsights_sitenote_active":false,"_monsterinsights_sitenote_note":"","_monsterinsights_sitenote_category":0},"product_brand":[],"product_cat":[12291,12711],"product_tag":[],"class_list":{"0":"post-745742","1":"product","2":"type-product","3":"status-publish","5":"product_cat-edebiyat","6":"product_cat-roman-oyku","7":"pa_cilt-ciltsiz","8":"pa_tur-kitap","9":"pa_yayinevi-indigo-kitap","10":"pa_yazar-isilca","12":"first","13":"instock","14":"sale","15":"shipping-taxable","16":"purchasable","17":"product-type-simple"},"_links":{"self":[{"href":"https:\/\/roveyayinevi.com.tr\/index.php\/wp-json\/wp\/v2\/product\/745742","targetHints":{"allow":["GET"]}}],"collection":[{"href":"https:\/\/roveyayinevi.com.tr\/index.php\/wp-json\/wp\/v2\/product"}],"about":[{"href":"https:\/\/roveyayinevi.com.tr\/index.php\/wp-json\/wp\/v2\/types\/product"}],"wp:attachment":[{"href":"https:\/\/roveyayinevi.com.tr\/index.php\/wp-json\/wp\/v2\/media?parent=745742"}],"wp:term":[{"taxonomy":"product_brand","embeddable":true,"href":"https:\/\/roveyayinevi.com.tr\/index.php\/wp-json\/wp\/v2\/product_brand?post=745742"},{"taxonomy":"product_cat","embeddable":true,"href":"https:\/\/roveyayinevi.com.tr\/index.php\/wp-json\/wp\/v2\/product_cat?post=745742"},{"taxonomy":"product_tag","embeddable":true,"href":"https:\/\/roveyayinevi.com.tr\/index.php\/wp-json\/wp\/v2\/product_tag?post=745742"}],"curies":[{"name":"wp","href":"https:\/\/api.w.org\/{rel}","templated":true}]}}