{"id":745741,"date":"2025-08-28T02:26:51","date_gmt":"2025-08-27T23:26:51","guid":{"rendered":"https:\/\/roveyayinevi.com.tr\/index.php\/urun\/mobukonun-aski-somizli\/"},"modified":"2026-04-16T02:58:20","modified_gmt":"2026-04-15T23:58:20","slug":"mobukonun-aski-somizli","status":"publish","type":"product","link":"https:\/\/roveyayinevi.com.tr\/index.php\/urun\/mobukonun-aski-somizli\/","title":{"rendered":"Mobuko\u2019nun A\u015fk\u0131 (\u015e\u00f6mizli)"},"content":{"rendered":"<p>K\u00fc\u00e7\u00fck bir k\u00f6\u015fede tomurcuklanan bir a\u015fk\u0131n hikayesi bu\u2026   20 y\u0131ld\u0131r kendi k\u00f6\u015fesinde \u201cyan karakter\u2019\u2019 olarak ya\u015fam\u0131n\u0131 s\u00fcrd\u00fcren Tanaka Nobuko\u2019nun i\u00e7inde tomurcuklanmaya ba\u015flayan o ilk a\u015fk\u2026   Giri\u015fken hamleler yapmada k\u00f6t\u00fc olmas\u0131na ra\u011fmen cesaretini toplay\u0131p ad\u0131m ad\u0131m da olsa aralar\u0131ndaki mesafeyi kapatmaya gayret ediyor.   Kalp at\u0131\u015flar\u0131n\u0131n h\u0131z\u0131, ba\u015f karakter veya yan karakter olmay\u0131 \u00f6nemsiz hale getiriyor.   Ba\u015f karakterlerin a\u015fk hikayelerini okumaktan b\u0131kanlar i\u00e7in m\u00fctevaz\u0131 ve capcanl\u0131 bir a\u015fk hikayesi.   Akane Tamura\u2019n\u0131n Yorumu   Tanaka-san\u2019\u0131 zorla s\u0131rt\u0131ndan itekleyerek de\u011fil de onu g\u00f6zeten hislerle \u00e7iziyorum. Okurlar da g\u00fcl\u00fcmseyerek, i\u00e7ten bir \u015fekilde ona g\u00f6z kulak olursa \u00e7ok sevinirim. <\/p>\n","protected":false},"excerpt":{"rendered":"<p>K\u00fc\u00e7\u00fck bir k\u00f6\u015fede tomurcuklanan bir a\u015fk\u0131n hikayesi bu\u2026 20 y\u0131ld\u0131r kendi k\u00f6\u015fesinde \u201cyan karakter\u2019\u2019 olarak ya\u015fam\u0131n\u0131 s\u00fcrd\u00fcren Tanaka Nobuko\u2019nun i\u00e7inde tomurcuklanmaya ba\u015flayan o ilk a\u015fk\u2026 Giri\u015fken<span class=\"excerpt-hellip\"> [\u2026]<\/span><\/p>\n","protected":false},"featured_media":0,"template":"","meta":{"_monsterinsights_skip_tracking":false,"_monsterinsights_sitenote_active":false,"_monsterinsights_sitenote_note":"","_monsterinsights_sitenote_category":0},"product_brand":[],"product_cat":[12689,12274],"product_tag":[],"class_list":{"0":"post-745741","1":"product","2":"type-product","3":"status-publish","5":"product_cat-cizgi-roman-cocuk-ve-genclik-kitaplari","6":"product_cat-cocuk-ve-genclik-kitaplari","7":"pa_cilt-ciltsiz","8":"pa_tur-kitap","9":"pa_yayinevi-kayip-kita-yayinlari","10":"pa_yazar-akane-tamura","12":"first","13":"instock","14":"sale","15":"shipping-taxable","16":"purchasable","17":"product-type-simple"},"_links":{"self":[{"href":"https:\/\/roveyayinevi.com.tr\/index.php\/wp-json\/wp\/v2\/product\/745741","targetHints":{"allow":["GET"]}}],"collection":[{"href":"https:\/\/roveyayinevi.com.tr\/index.php\/wp-json\/wp\/v2\/product"}],"about":[{"href":"https:\/\/roveyayinevi.com.tr\/index.php\/wp-json\/wp\/v2\/types\/product"}],"wp:attachment":[{"href":"https:\/\/roveyayinevi.com.tr\/index.php\/wp-json\/wp\/v2\/media?parent=745741"}],"wp:term":[{"taxonomy":"product_brand","embeddable":true,"href":"https:\/\/roveyayinevi.com.tr\/index.php\/wp-json\/wp\/v2\/product_brand?post=745741"},{"taxonomy":"product_cat","embeddable":true,"href":"https:\/\/roveyayinevi.com.tr\/index.php\/wp-json\/wp\/v2\/product_cat?post=745741"},{"taxonomy":"product_tag","embeddable":true,"href":"https:\/\/roveyayinevi.com.tr\/index.php\/wp-json\/wp\/v2\/product_tag?post=745741"}],"curies":[{"name":"wp","href":"https:\/\/api.w.org\/{rel}","templated":true}]}}