{"id":745740,"date":"2025-08-28T02:26:50","date_gmt":"2025-08-27T23:26:50","guid":{"rendered":"https:\/\/roveyayinevi.com.tr\/index.php\/urun\/simdi-yap\/"},"modified":"2025-09-25T08:25:18","modified_gmt":"2025-09-25T05:25:18","slug":"simdi-yap","status":"publish","type":"product","link":"https:\/\/roveyayinevi.com.tr\/index.php\/urun\/simdi-yap\/","title":{"rendered":"\u015eimdi Yap!"},"content":{"rendered":"<p>Dikkatinizi da\u011f\u0131tan \u015feyleri ortadan kald\u0131r\u0131n ve oda\u011f\u0131n\u0131z\u0131 besleyin. Verimlilik ve zaman y\u00f6netimi uzman\u0131 Brian Tracy, otuz y\u0131l\u0131 a\u015fk\u0131n bir s\u00fcredir \u00e7oksatan kitaplar yaz\u0131yor ve bu konularda seminerler veriyor. Modern d\u00fcnyam\u0131zda optimum d\u00fczeyde \u00fcretken kalman\u0131n yollar\u0131 hakk\u0131nda pratik \u00e7\u00f6z\u00fcmler sunuyor. Peki, bunu nas\u0131l yap\u0131yor? Tarihin teknolojik olarak en geli\u015fmi\u015f d\u00f6neminde ya\u015f\u0131yoruz. Cep telefonlar\u0131n\u0131n, muhte\u015fem uygulamalar\u0131n, \u015fa\u015f\u0131rt\u0131c\u0131 internet h\u0131zlar\u0131n\u0131n ve neredeyse her t\u00fcrl\u00fc bilgi, \u00fcr\u00fcn ve \u00e7\u00f6z\u00fcm\u00fcn varl\u0131\u011f\u0131na ra\u011fmen optimum d\u00fczeyde \u00fcretken kalmak, nas\u0131l bu kadar \u00e7ok insan i\u00e7in bu kadar zor olabiliyor? Cevap basit: D\u0130KKAT DA\u011eINIKLI\u011eI. Bir\u00e7o\u011fumuz, ba\u015far\u0131m\u0131z ve mutlulu\u011fumuz i\u00e7in \u00f6nemli, hatta acil gibi g\u00f6r\u00fcnen ancak ger\u00e7ekte sadece hayat\u0131m\u0131z\u0131 karma\u015f\u0131kla\u015ft\u0131ran aral\u0131ks\u0131z e-postalara, metinlere, bildirimlere, reklamlara vb. odaklanarak de\u011ferli zaman\u0131m\u0131z\u0131 bo\u015fa harc\u0131yoruz. \u015eimdi Yap! dikkat da\u011f\u0131n\u0131kl\u0131\u011f\u0131n\u0131n nedenlerini detayl\u0131 bir \u015fekilde incelemenize yard\u0131mc\u0131 olurken g\u00fcnl\u00fck ya\u015fam\u0131n\u0131zda oda\u011f\u0131n\u0131z\u0131 nas\u0131l besleyece\u011finizi \u00f6\u011frenmenize rehberlik ediyor!<\/p>\n","protected":false},"excerpt":{"rendered":"<p>Dikkatinizi da\u011f\u0131tan \u015feyleri ortadan kald\u0131r\u0131n ve oda\u011f\u0131n\u0131z\u0131 besleyin. Verimlilik ve zaman y\u00f6netimi uzman\u0131 Brian Tracy, otuz y\u0131l\u0131 a\u015fk\u0131n bir s\u00fcredir \u00e7oksatan kitaplar yaz\u0131yor ve bu konularda<span class=\"excerpt-hellip\"> [\u2026]<\/span><\/p>\n","protected":false},"featured_media":0,"template":"","meta":{"_monsterinsights_skip_tracking":false,"_monsterinsights_sitenote_active":false,"_monsterinsights_sitenote_note":"","_monsterinsights_sitenote_category":0},"product_brand":[],"product_cat":[12364,12376],"product_tag":[],"class_list":{"0":"post-745740","1":"product","2":"type-product","3":"status-publish","5":"product_cat-genel-konular","6":"product_cat-kisisel-gelisim","7":"pa_cilt-ciltsiz","8":"pa_tur-kitap","9":"pa_yayinevi-sola-unitas","10":"pa_yazar-brian-tracy","12":"first","13":"instock","14":"sale","15":"shipping-taxable","16":"purchasable","17":"product-type-simple"},"_links":{"self":[{"href":"https:\/\/roveyayinevi.com.tr\/index.php\/wp-json\/wp\/v2\/product\/745740","targetHints":{"allow":["GET"]}}],"collection":[{"href":"https:\/\/roveyayinevi.com.tr\/index.php\/wp-json\/wp\/v2\/product"}],"about":[{"href":"https:\/\/roveyayinevi.com.tr\/index.php\/wp-json\/wp\/v2\/types\/product"}],"wp:attachment":[{"href":"https:\/\/roveyayinevi.com.tr\/index.php\/wp-json\/wp\/v2\/media?parent=745740"}],"wp:term":[{"taxonomy":"product_brand","embeddable":true,"href":"https:\/\/roveyayinevi.com.tr\/index.php\/wp-json\/wp\/v2\/product_brand?post=745740"},{"taxonomy":"product_cat","embeddable":true,"href":"https:\/\/roveyayinevi.com.tr\/index.php\/wp-json\/wp\/v2\/product_cat?post=745740"},{"taxonomy":"product_tag","embeddable":true,"href":"https:\/\/roveyayinevi.com.tr\/index.php\/wp-json\/wp\/v2\/product_tag?post=745740"}],"curies":[{"name":"wp","href":"https:\/\/api.w.org\/{rel}","templated":true}]}}