{"id":745734,"date":"2025-08-28T02:26:42","date_gmt":"2025-08-27T23:26:42","guid":{"rendered":"https:\/\/roveyayinevi.com.tr\/index.php\/urun\/kedi-felsefesi\/"},"modified":"2026-04-16T02:58:20","modified_gmt":"2026-04-15T23:58:20","slug":"kedi-felsefesi","status":"publish","type":"product","link":"https:\/\/roveyayinevi.com.tr\/index.php\/urun\/kedi-felsefesi\/","title":{"rendered":"Kedi Felsefesi"},"content":{"rendered":"<p>\u201cUYANDI\u011eINDA DAHA \u00c7OK \u00c7ALI\u015eAB\u0130LMEK U\u011eRUNA UYUMAK, ACINASI B\u0130R YA\u015eAM B\u0130\u00c7\u0130M\u0130D\u0130R. KEY\u0130F \u0130\u00c7\u0130N UYU, K\u00c2R \u0130\u00c7\u0130N DE\u011e\u0130L.\u201d En zeki ve yarat\u0131c\u0131 zihne sahip t\u00fcr biziz. Sadece biz, t\u00fcr\u00fcn\u00fcn huzursuzlu\u011funa deva bulmak i\u00e7in bir d\u00fc\u015f\u00fcnce disiplinini \u2013felsefeyi\u2013 yaratt\u0131k. \u00d6yleyse nas\u0131l oluyor da kediler bir \u015fekilde hep memnun ama biz hep dertliyiz? Belki de b\u00fcy\u00fck filozoflar\u0131m\u0131zdan \u00e7ok, kedilerden \u00f6\u011freneceklerimiz vard\u0131r. \u00c7a\u011fda\u015f d\u00fc\u015f\u00fcn\u00fcr John Gray insan\u0131n felsefeyle, inan\u0131\u015flarla ve modern ara\u00e7larla kurdu\u011fu d\u00fcnyas\u0131n\u0131n k\u0131r\u0131lganl\u0131\u011f\u0131n\u0131 bir kedinin patisiyle yoklay\u0131p test ediyor; sevgi, ba\u011fl\u0131l\u0131k, \u00f6l\u00fcml\u00fcl\u00fck, ahlak, k\u0131skan\u00e7l\u0131k ve benlik gibi belal\u0131 konular\u0131n kediler i\u00e7in neden meseleye d\u00f6n\u00fc\u015fmedi\u011fini anlamaya \u00e7al\u0131\u015f\u0131yor. Montaigne\u2019in me\u015fhur kedisinden, Vietnam Sava\u015f\u0131\u2019n\u0131 cesaret ve ne\u015fesini kaybetmeden atlatm\u0131\u015f kedi M\u00e8o\u2019ya, oradan da kedilerle ilgili kendi g\u00f6zlemlerine uzanarak bir canl\u0131n\u0131n \u201cdo\u011fas\u0131na sad\u0131k olmas\u0131n\u0131n\u201d iyi ya\u015famak i\u00e7in kilit \u00f6nemini vurguluyor. Bebeklikten itibaren toplumsal kabullere g\u00f6re in\u015fa etti\u011fimiz kendimize dair imgelerin \u00e7o\u011fu zaman bedenimiz ya da ya\u015fam\u0131m\u0131z\u0131n ger\u00e7ekli\u011fiyle uyu\u015fmad\u0131\u011f\u0131n\u0131, dolay\u0131s\u0131yla onlar\u0131n pe\u015finden ko\u015fman\u0131n mutluluktan \u00e7ok hayal k\u0131r\u0131kl\u0131\u011f\u0131 getirece\u011finin alt\u0131n\u0131 \u00e7izerek, hayatlar\u0131m\u0131z\u0131n her t\u00fcrl\u00fc m\u00fckemmellik fikrinden daha zengin ve daha anlaml\u0131 oldu\u011funu g\u00f6steriyor. Kedi Felsefesi, k\u0131\u015fk\u0131rt\u0131c\u0131 fikirleriyle okurlar\u0131n\u0131 silkeleyen, y\u00fcn yuma\u011f\u0131na dolanman\u0131n kedilere \u00f6zg\u00fc olmad\u0131\u011f\u0131n\u0131 g\u00f6steren k\u00fc\u00e7\u00fck ama tesirli bir kitap. \u201cGray fikirlerimizde kendimizi pohpohlay\u0131c\u0131, aldat\u0131c\u0131 ve s\u0131\u011f ne varsa tespit etmesini sa\u011flayan bir alt\u0131nc\u0131 hisse sahip sanki.\u201d Costica Bradatan, The Washington Post <\/p>\n","protected":false},"excerpt":{"rendered":"<p>\u201cUYANDI\u011eINDA DAHA \u00c7OK \u00c7ALI\u015eAB\u0130LMEK U\u011eRUNA UYUMAK, ACINASI B\u0130R YA\u015eAM B\u0130\u00c7\u0130M\u0130D\u0130R. KEY\u0130F \u0130\u00c7\u0130N UYU, K\u00c2R \u0130\u00c7\u0130N DE\u011e\u0130L.\u201d En zeki ve yarat\u0131c\u0131 zihne sahip t\u00fcr biziz. Sadece biz,<span class=\"excerpt-hellip\"> [\u2026]<\/span><\/p>\n","protected":false},"featured_media":0,"template":"","meta":{"_monsterinsights_skip_tracking":false,"_monsterinsights_sitenote_active":false,"_monsterinsights_sitenote_note":"","_monsterinsights_sitenote_category":0},"product_brand":[],"product_cat":[12389,12388],"product_tag":[],"class_list":{"0":"post-745734","1":"product","2":"type-product","3":"status-publish","5":"product_cat-diger-felsefe","6":"product_cat-felsefe","7":"pa_cilt-ciltsiz","8":"pa_tur-kitap","9":"pa_yayinevi-domingo-yayinevi","10":"pa_yazar-john-gray","12":"first","13":"instock","14":"sale","15":"shipping-taxable","16":"purchasable","17":"product-type-simple"},"_links":{"self":[{"href":"https:\/\/roveyayinevi.com.tr\/index.php\/wp-json\/wp\/v2\/product\/745734","targetHints":{"allow":["GET"]}}],"collection":[{"href":"https:\/\/roveyayinevi.com.tr\/index.php\/wp-json\/wp\/v2\/product"}],"about":[{"href":"https:\/\/roveyayinevi.com.tr\/index.php\/wp-json\/wp\/v2\/types\/product"}],"wp:attachment":[{"href":"https:\/\/roveyayinevi.com.tr\/index.php\/wp-json\/wp\/v2\/media?parent=745734"}],"wp:term":[{"taxonomy":"product_brand","embeddable":true,"href":"https:\/\/roveyayinevi.com.tr\/index.php\/wp-json\/wp\/v2\/product_brand?post=745734"},{"taxonomy":"product_cat","embeddable":true,"href":"https:\/\/roveyayinevi.com.tr\/index.php\/wp-json\/wp\/v2\/product_cat?post=745734"},{"taxonomy":"product_tag","embeddable":true,"href":"https:\/\/roveyayinevi.com.tr\/index.php\/wp-json\/wp\/v2\/product_tag?post=745734"}],"curies":[{"name":"wp","href":"https:\/\/api.w.org\/{rel}","templated":true}]}}