{"id":745732,"date":"2025-08-28T02:26:40","date_gmt":"2025-08-27T23:26:40","guid":{"rendered":"https:\/\/roveyayinevi.com.tr\/index.php\/urun\/toplumsal-yasamin-temelleri\/"},"modified":"2026-04-16T02:58:20","modified_gmt":"2026-04-15T23:58:20","slug":"toplumsal-yasamin-temelleri","status":"publish","type":"product","link":"https:\/\/roveyayinevi.com.tr\/index.php\/urun\/toplumsal-yasamin-temelleri\/","title":{"rendered":"Toplumsal Ya\u015fam\u0131n Temelleri"},"content":{"rendered":"<p>Toplumsal ili\u015fki nedir? \u0130nsan\u0131n bir \u2018\u2018\u00f6z\u00fc\u2019\u2019 var m\u0131d\u0131r? Ne t\u00fcr akrabal\u0131k sistemleri mevcuttur? H\u00e2s\u0131l\u0131, anropolo\u011fun g\u00f6z\u00fcnde toplumsal ya\u015fam\u0131n temelleri nelerdir? Sosyal bilimlerin hem saha ara\u015ft\u0131rmalar\u0131n\u0131n hem de sorgulamalar\u0131n\u0131n merkezindeki bu sorular\u0131 ele alan Maurice Godelier bu kitab\u0131nda insan varolu\u015funun be\u015f \u00f6nko\u015fulunu tan\u0131ml\u0131yor. Yazar\u2019a g\u00f6re insan, en ba\u015f\u0131ndan beri hem biyolojik hem toplumsal hem de tarihsel bir varl\u0131kt\u0131r. E\u011fer b\u00f6yleyse, k\u00fclt\u00fcr\u00fcn insan varolu\u015funa sonradan \u2018\u2018eklendi\u011fi\u2019\u2019 iddias\u0131 temelsizdir. \u0130nsanlar toplumsal ba\u011flar\u0131 ne bir anda ke\u015ffetmi\u015f ne de bir s\u00f6zle\u015fme vas\u0131tas\u0131yla ans\u0131z\u0131n toplumu \u2018\u2018kurmu\u015ftur\u2019\u2019. \u0130nsan do\u011fal olarak sosyal bir t\u00fcrd\u00fcr, toplum halinde ya\u015famay\u0131 sonradan ke\u015ffetmemi\u015ftir. Ancak bu belirlenim insan ger\u00e7ekli\u011finin tamam\u0131n\u0131 da kapsamaz \u00e7\u00fcnk\u00fc buna bir de tarih eklenir. Ne s\u00f6ylenirse s\u00f6ylensin tarihin bir sonu yoktur. Tarih, bireyler i\u00e7in oldu\u011fu kadar toplumlar i\u00e7in de her zaman ucu a\u00e7\u0131k bir m\u00fcmk\u00fcnler uzam\u0131d\u0131r. <\/p>\n","protected":false},"excerpt":{"rendered":"<p>Toplumsal ili\u015fki nedir? \u0130nsan\u0131n bir \u2018\u2018\u00f6z\u00fc\u2019\u2019 var m\u0131d\u0131r? Ne t\u00fcr akrabal\u0131k sistemleri mevcuttur? H\u00e2s\u0131l\u0131, anropolo\u011fun g\u00f6z\u00fcnde toplumsal ya\u015fam\u0131n temelleri nelerdir? Sosyal bilimlerin hem saha ara\u015ft\u0131rmalar\u0131n\u0131n hem<span class=\"excerpt-hellip\"> [\u2026]<\/span><\/p>\n","protected":false},"featured_media":0,"template":"","meta":{"_monsterinsights_skip_tracking":false,"_monsterinsights_sitenote_active":false,"_monsterinsights_sitenote_note":"","_monsterinsights_sitenote_category":0},"product_brand":[],"product_cat":[15499,13488],"product_tag":[],"class_list":{"0":"post-745732","1":"product","2":"type-product","3":"status-publish","5":"product_cat-antropoloji","6":"product_cat-toplum-ve-insan","7":"pa_cilt-ciltsiz","8":"pa_tur-kitap","9":"pa_yayinevi-heretik-yayincilik","10":"pa_yazar-maurice-godelier","12":"first","13":"instock","14":"sale","15":"shipping-taxable","16":"purchasable","17":"product-type-simple"},"_links":{"self":[{"href":"https:\/\/roveyayinevi.com.tr\/index.php\/wp-json\/wp\/v2\/product\/745732","targetHints":{"allow":["GET"]}}],"collection":[{"href":"https:\/\/roveyayinevi.com.tr\/index.php\/wp-json\/wp\/v2\/product"}],"about":[{"href":"https:\/\/roveyayinevi.com.tr\/index.php\/wp-json\/wp\/v2\/types\/product"}],"wp:attachment":[{"href":"https:\/\/roveyayinevi.com.tr\/index.php\/wp-json\/wp\/v2\/media?parent=745732"}],"wp:term":[{"taxonomy":"product_brand","embeddable":true,"href":"https:\/\/roveyayinevi.com.tr\/index.php\/wp-json\/wp\/v2\/product_brand?post=745732"},{"taxonomy":"product_cat","embeddable":true,"href":"https:\/\/roveyayinevi.com.tr\/index.php\/wp-json\/wp\/v2\/product_cat?post=745732"},{"taxonomy":"product_tag","embeddable":true,"href":"https:\/\/roveyayinevi.com.tr\/index.php\/wp-json\/wp\/v2\/product_tag?post=745732"}],"curies":[{"name":"wp","href":"https:\/\/api.w.org\/{rel}","templated":true}]}}