{"id":745731,"date":"2025-08-28T02:26:38","date_gmt":"2025-08-27T23:26:38","guid":{"rendered":"https:\/\/roveyayinevi.com.tr\/index.php\/urun\/multeci-entegrasyonu-ve-ulusasiri-baglarin-korunmasi\/"},"modified":"2026-04-16T02:58:20","modified_gmt":"2026-04-15T23:58:20","slug":"multeci-entegrasyonu-ve-ulusasiri-baglarin-korunmasi","status":"publish","type":"product","link":"https:\/\/roveyayinevi.com.tr\/index.php\/urun\/multeci-entegrasyonu-ve-ulusasiri-baglarin-korunmasi\/","title":{"rendered":"M\u00fclteci Entegrasyonu ve Ulusa\u015f\u0131r\u0131 Ba\u011flar\u0131n Korunmas\u0131"},"content":{"rendered":"<p>B\u0130R\u0130NC\u0130 B\u00d6L\u00dcM G\u00d6\u00c7, ULUSA\u015eIRI BA\u011eLAR VE ENTEGRASYON   \u0130K\u0130NC\u0130 B\u00d6L\u00dcM B\u0130RLE\u015e\u0130K KRALLIK\u2019TA M\u00dcLTEC\u0130 ENTEGRASYON POL\u0130T\u0130KALARI   \u00dc\u00c7\u00dcNC\u00dc B\u00d6L\u00dcM SUR\u0130YEL\u0130 M\u00dcLTEC\u0130LER\u0130N G\u00d6\u00c7 G\u00dcZERGAHINI ETK\u0130LEYEN B\u0130LE\u015eENLER   D\u00d6RD\u00dcNC\u00dc B\u00d6L\u00dcM YAPISAL ENTEGRASYON   BE\u015e\u0130NC\u0130 B\u00d6L\u00dcM ULUSA\u015eIRI BA\u011eLARIN KORUNMASI VE KULLANIMI   ALTINCI B\u00d6L\u00dcM A\u0130D\u0130YET VE EV\u0130N YEN\u0130DEN \u0130N\u015eASI   <\/p>\n","protected":false},"excerpt":{"rendered":"<p>B\u0130R\u0130NC\u0130 B\u00d6L\u00dcM G\u00d6\u00c7, ULUSA\u015eIRI BA\u011eLAR VE ENTEGRASYON \u0130K\u0130NC\u0130 B\u00d6L\u00dcM B\u0130RLE\u015e\u0130K KRALLIK\u2019TA M\u00dcLTEC\u0130 ENTEGRASYON POL\u0130T\u0130KALARI \u00dc\u00c7\u00dcNC\u00dc B\u00d6L\u00dcM SUR\u0130YEL\u0130 M\u00dcLTEC\u0130LER\u0130N G\u00d6\u00c7 G\u00dcZERGAHINI ETK\u0130LEYEN B\u0130LE\u015eENLER D\u00d6RD\u00dcNC\u00dc B\u00d6L\u00dcM YAPISAL ENTEGRASYON<span class=\"excerpt-hellip\"> [\u2026]<\/span><\/p>\n","protected":false},"featured_media":0,"template":"","meta":{"_monsterinsights_skip_tracking":false,"_monsterinsights_sitenote_active":false,"_monsterinsights_sitenote_note":"","_monsterinsights_sitenote_category":0},"product_brand":[],"product_cat":[12573,12566],"product_tag":[],"class_list":{"0":"post-745731","1":"product","2":"type-product","3":"status-publish","5":"product_cat-akademik-kitaplar","6":"product_cat-egitim","7":"pa_cilt-ciltsiz","8":"pa_tur-kitap","9":"pa_yayinevi-gazi-kitabevi","10":"pa_yazar-zahide-erdogan","12":"first","13":"instock","14":"sale","15":"shipping-taxable","16":"purchasable","17":"product-type-simple"},"_links":{"self":[{"href":"https:\/\/roveyayinevi.com.tr\/index.php\/wp-json\/wp\/v2\/product\/745731","targetHints":{"allow":["GET"]}}],"collection":[{"href":"https:\/\/roveyayinevi.com.tr\/index.php\/wp-json\/wp\/v2\/product"}],"about":[{"href":"https:\/\/roveyayinevi.com.tr\/index.php\/wp-json\/wp\/v2\/types\/product"}],"wp:attachment":[{"href":"https:\/\/roveyayinevi.com.tr\/index.php\/wp-json\/wp\/v2\/media?parent=745731"}],"wp:term":[{"taxonomy":"product_brand","embeddable":true,"href":"https:\/\/roveyayinevi.com.tr\/index.php\/wp-json\/wp\/v2\/product_brand?post=745731"},{"taxonomy":"product_cat","embeddable":true,"href":"https:\/\/roveyayinevi.com.tr\/index.php\/wp-json\/wp\/v2\/product_cat?post=745731"},{"taxonomy":"product_tag","embeddable":true,"href":"https:\/\/roveyayinevi.com.tr\/index.php\/wp-json\/wp\/v2\/product_tag?post=745731"}],"curies":[{"name":"wp","href":"https:\/\/api.w.org\/{rel}","templated":true}]}}