{"id":745729,"date":"2025-08-28T02:26:37","date_gmt":"2025-08-27T23:26:37","guid":{"rendered":"https:\/\/roveyayinevi.com.tr\/index.php\/urun\/spor-bilimlerinde-yenilikci-arastirmalar-1\/"},"modified":"2026-04-16T02:58:20","modified_gmt":"2026-04-15T23:58:20","slug":"spor-bilimlerinde-yenilikci-arastirmalar-1","status":"publish","type":"product","link":"https:\/\/roveyayinevi.com.tr\/index.php\/urun\/spor-bilimlerinde-yenilikci-arastirmalar-1\/","title":{"rendered":"Spor Bilimlerinde Yenilik\u00e7i Ara\u015ft\u0131rmalar &#8211; 1"},"content":{"rendered":"<p>1.      B\u00d6L\u00dcM: D\u0130J\u0130TAL YERL\u0130, MELEZ VE G\u00d6\u00c7MENLER\u0130N A\u015eIRI \u0130ZLEME (B\u0130NGE WATCH\u0130NG) MOT\u0130VASYONLARI VE KAZANIMLARI: NETFL\u0130X \u00d6RNE\u011e\u0130 2.      B\u00d6L\u00dcM: PANDEM\u0130 SPOR G\u00d6N\u00dcLL\u00dcL\u00dc\u011e\u00dc YAPISINI DE\u011e\u0130\u015eT\u0130RD\u0130 M\u0130?: \u00d6RNEK B\u0130R PROJE \u201cSANAL SPOR G\u00d6N\u00dcLL\u00dcL\u00dc\u011e\u00dc\u2019\u2019 3.      B\u00d6L\u00dcM: SA\u011eLIK H\u0130ZMETLER\u0130 MESLEK Y\u00dcKSEKOKULU \u00d6\u011eRENC\u0130LER\u0130N\u0130N EMPAT\u0130 D\u00dcZEYLER\u0130N\u0130N SPORT\u0130F AKT\u0130V\u0130TE VE FARKLI DE\u011e\u0130\u015eKENLER A\u00c7ISINDAN \u0130NCELENMES\u0130 (ATAT\u00dcRK \u00dcN\u0130VERS\u0130TES\u0130 \u00d6RNE\u011e\u0130) 4.      B\u00d6L\u00dcM: \u00d6ZEL E\u011e\u0130T\u0130M VE FARKLI B\u00d6L\u00dcMLERDE \u00d6\u011eREN\u0130M G\u00d6REN \u00d6\u011eRETMEN ADAYLARININ \u00d6FKE \u0130FADE TARZLARININ SPORT\u0130F AKT\u0130V\u0130TE VE FARKLI DE\u011e\u0130\u015eKENLER A\u00c7ISINDAN \u0130NCELENMES\u0130 5.      B\u00d6L\u00dcM: M\u0130LL\u0130 E\u011e\u0130T\u0130M M\u00dcD\u00dcRL\u00dcKL\u00dcLER\u0130NDE \u00c7ALI\u015eAN PERSONELLER\u0130N \u0130LET\u0130\u015e\u0130M BECER\u0130LER\u0130N\u0130N \u0130NCELENMES\u0130 (ERZURUM \u0130L\u0130 \u00d6RNE\u011e\u0130) 6.      B\u00d6L\u00dcM: \u00d6\u011eRETMEN ADAYLARININ SIKINTIYA DAYANMA D\u00dcZEYLER\u0130N\u0130N SPOR VE FARKLI DE\u011e\u0130\u015eKENLER A\u00c7ISINDAN \u0130NCELENMES\u0130 7.      B\u00d6L\u00dcM: \u00dcN\u0130VERS\u0130TE PERSONELLER\u0130N A\u00c7IK ALAN REKREASYON AKT\u0130V\u0130TELER\u0130NE KATILIM MOT\u0130VE D\u00dcZEYLER\u0130N\u0130N FARKLI DE\u011e\u0130\u015eKENLER A\u00c7ISINDAN \u0130NCELENMES\u0130 8.      B\u00d6L\u00dcM: FARKLI PROGRAMLARDAK\u0130 \u00d6\u011eRETMEN ADAYLARININ KONU\u015eMA KAYGI D\u00dcZEYLER\u0130 \u0130LE YA\u015eAM BECER\u0130LER\u0130 ARASINDAK\u0130 \u0130L\u0130\u015eK\u0130N\u0130N \u0130NCELENMES\u0130 (ATAT\u00dcRK \u00dcN\u0130VERS\u0130TES\u0130 \u00d6RNE\u011e\u0130) 9.      B\u00d6L\u00dcM: M\u0130LL\u0130 E\u011e\u0130T\u0130M M\u00dcD\u00dcRL\u00dcKL\u00dcLER\u0130NDE \u00c7ALI\u015eAN PERSONELLER\u0130N EMPAT\u0130 D\u00dcZEYLER\u0130N\u0130N SPORT\u0130F AKT\u0130V\u0130TE VE FARKLI DE\u011e\u0130\u015eKENLER A\u00c7ISINDAN \u0130NCELENMES\u0130 10.      B\u00d6L\u00dcM: SPOR B\u0130L\u0130MLER\u0130 FAK\u00dcLTES\u0130 \u00d6\u011eRENC\u0130LER\u0130N\u0130N F\u0130Z\u0130KSEL BENL\u0130K ALGILARININ BAZI PS\u0130KOMETR\u0130K \u00d6ZELL\u0130KLER\u0130N\u0130N \u0130NCELENMES\u0130 <\/p>\n","protected":false},"excerpt":{"rendered":"<p>1. B\u00d6L\u00dcM: D\u0130J\u0130TAL YERL\u0130, MELEZ VE G\u00d6\u00c7MENLER\u0130N A\u015eIRI \u0130ZLEME (B\u0130NGE WATCH\u0130NG) MOT\u0130VASYONLARI VE KAZANIMLARI: NETFL\u0130X \u00d6RNE\u011e\u0130 2. B\u00d6L\u00dcM: PANDEM\u0130 SPOR G\u00d6N\u00dcLL\u00dcL\u00dc\u011e\u00dc YAPISINI DE\u011e\u0130\u015eT\u0130RD\u0130 M\u0130?: \u00d6RNEK B\u0130R<span class=\"excerpt-hellip\"> [\u2026]<\/span><\/p>\n","protected":false},"featured_media":0,"template":"","meta":{"_monsterinsights_skip_tracking":false,"_monsterinsights_sitenote_active":false,"_monsterinsights_sitenote_note":"","_monsterinsights_sitenote_category":0},"product_brand":[],"product_cat":[15563,15564],"product_tag":[],"class_list":{"0":"post-745729","1":"product","2":"type-product","3":"status-publish","5":"product_cat-hobi","6":"product_cat-spor","7":"pa_cilt-ciltsiz","8":"pa_tur-kitap","9":"pa_yayinevi-gazi-kitabevi","10":"pa_yazar-kolektif","12":"first","13":"instock","14":"sale","15":"shipping-taxable","16":"purchasable","17":"product-type-simple"},"_links":{"self":[{"href":"https:\/\/roveyayinevi.com.tr\/index.php\/wp-json\/wp\/v2\/product\/745729","targetHints":{"allow":["GET"]}}],"collection":[{"href":"https:\/\/roveyayinevi.com.tr\/index.php\/wp-json\/wp\/v2\/product"}],"about":[{"href":"https:\/\/roveyayinevi.com.tr\/index.php\/wp-json\/wp\/v2\/types\/product"}],"wp:attachment":[{"href":"https:\/\/roveyayinevi.com.tr\/index.php\/wp-json\/wp\/v2\/media?parent=745729"}],"wp:term":[{"taxonomy":"product_brand","embeddable":true,"href":"https:\/\/roveyayinevi.com.tr\/index.php\/wp-json\/wp\/v2\/product_brand?post=745729"},{"taxonomy":"product_cat","embeddable":true,"href":"https:\/\/roveyayinevi.com.tr\/index.php\/wp-json\/wp\/v2\/product_cat?post=745729"},{"taxonomy":"product_tag","embeddable":true,"href":"https:\/\/roveyayinevi.com.tr\/index.php\/wp-json\/wp\/v2\/product_tag?post=745729"}],"curies":[{"name":"wp","href":"https:\/\/api.w.org\/{rel}","templated":true}]}}