{"id":745727,"date":"2025-08-28T02:26:35","date_gmt":"2025-08-27T23:26:35","guid":{"rendered":"https:\/\/roveyayinevi.com.tr\/index.php\/urun\/ekonomi-uzerine-guncel-arastirmalar-i\/"},"modified":"2026-04-16T02:58:20","modified_gmt":"2026-04-15T23:58:20","slug":"ekonomi-uzerine-guncel-arastirmalar-i","status":"publish","type":"product","link":"https:\/\/roveyayinevi.com.tr\/index.php\/urun\/ekonomi-uzerine-guncel-arastirmalar-i\/","title":{"rendered":"Ekonomi \u00dczerine G\u00fcncel Ara\u015ft\u0131rmalar &#8211; I"},"content":{"rendered":"<p>\u00b7         Blockchain Teknolojisi ve Makro D\u00fczeyde Finansal Etkileri \u00dczerine Bir Ara\u015ft\u0131rma \u00b7         B\u00f6lgesel Kalk\u0131nma ve Turizm Sekt\u00f6r\u00fc: TR72 B\u00f6lgesi \u00dczerine Bir De\u011ferlendirme \u00b7         Ekonomik Karma\u015f\u0131kl\u0131k Endeksi ve CO2 Emisyonu Aras\u0131ndaki \u0130li\u015fkinin T\u00fcrkiye ve CEE \u00dclkeleri \u0130\u00e7in Analizi \u00b7         Yenilenebilir Enerji T\u00fcketimi ve \u00c7evre Kirlili\u011fi: Se\u00e7ilmi\u015f \u00dclkeler \u00dczerine Bir Uygulama \u00b7         OECD \u00dclkelerinde Likidite Riskinin Banka Performans\u0131 \u00dczerindeki Etkisi \u00b7         Bankac\u0131l\u0131k Sekt\u00f6r\u00fcndeki Bireysel, Sistemik ve Sistematik Risklerin Makroekonomik Belirleyicilerinin Teorik Olarak \u0130ncelenmesi \u00b7         Ekonomik B\u00fcy\u00fcmenin S\u00fcrd\u00fcr\u00fclebilirli\u011finde Enflasyon, Maliye Politikas\u0131 ve Para Politikas\u0131 \u00b7         T\u00fcrkiye\u2019de \u0130klim Krizinde S\u00fcrd\u00fcr\u00fclebilirli\u011fin Sa\u011flanabilmesinde Sigortac\u0131l\u0131k Sekt\u00f6r\u00fcn\u00fcn Rol\u00fc \u00b7         Makroekonomik De\u011fi\u015fkenlerin Se\u00e7ili Borsa Endeksleri \u00dczerindeki Etkisi: T\u00fcrkiye \u00d6rne\u011fi \u00b7         Cari \u0130\u015flemler Dengesi ve Reel Efektif D\u00f6viz Kuru \u0130li\u015fkisi: T\u00fcrkiye \u00d6rne\u011fi \u00b7         D\u0131\u015f Ticaret ve Enerji T\u00fcketimi \u0130li\u015fkisi \u00b7         Ekonomik B\u00fcy\u00fcme ve Enflasyon \u0130li\u015fkisi: Avrupa \u00dclkeleri \u00d6rne\u011fi <\/p>\n","protected":false},"excerpt":{"rendered":"<p>\u00b7 Blockchain Teknolojisi ve Makro D\u00fczeyde Finansal Etkileri \u00dczerine Bir Ara\u015ft\u0131rma \u00b7 B\u00f6lgesel Kalk\u0131nma ve Turizm Sekt\u00f6r\u00fc: TR72 B\u00f6lgesi \u00dczerine Bir De\u011ferlendirme \u00b7 Ekonomik Karma\u015f\u0131kl\u0131k Endeksi<span class=\"excerpt-hellip\"> [\u2026]<\/span><\/p>\n","protected":false},"featured_media":0,"template":"","meta":{"_monsterinsights_skip_tracking":false,"_monsterinsights_sitenote_active":false,"_monsterinsights_sitenote_note":"","_monsterinsights_sitenote_category":0},"product_brand":[],"product_cat":[20333,13043],"product_tag":[],"class_list":{"0":"post-745727","1":"product","2":"type-product","3":"status-publish","5":"product_cat-diger-ekonomi","6":"product_cat-ekonomi","7":"pa_cilt-ciltsiz","8":"pa_tur-kitap","9":"pa_yayinevi-gazi-kitabevi","10":"pa_yazar-kolektif","12":"first","13":"instock","14":"sale","15":"shipping-taxable","16":"purchasable","17":"product-type-simple"},"_links":{"self":[{"href":"https:\/\/roveyayinevi.com.tr\/index.php\/wp-json\/wp\/v2\/product\/745727","targetHints":{"allow":["GET"]}}],"collection":[{"href":"https:\/\/roveyayinevi.com.tr\/index.php\/wp-json\/wp\/v2\/product"}],"about":[{"href":"https:\/\/roveyayinevi.com.tr\/index.php\/wp-json\/wp\/v2\/types\/product"}],"wp:attachment":[{"href":"https:\/\/roveyayinevi.com.tr\/index.php\/wp-json\/wp\/v2\/media?parent=745727"}],"wp:term":[{"taxonomy":"product_brand","embeddable":true,"href":"https:\/\/roveyayinevi.com.tr\/index.php\/wp-json\/wp\/v2\/product_brand?post=745727"},{"taxonomy":"product_cat","embeddable":true,"href":"https:\/\/roveyayinevi.com.tr\/index.php\/wp-json\/wp\/v2\/product_cat?post=745727"},{"taxonomy":"product_tag","embeddable":true,"href":"https:\/\/roveyayinevi.com.tr\/index.php\/wp-json\/wp\/v2\/product_tag?post=745727"}],"curies":[{"name":"wp","href":"https:\/\/api.w.org\/{rel}","templated":true}]}}