{"id":745726,"date":"2025-08-28T02:26:34","date_gmt":"2025-08-27T23:26:34","guid":{"rendered":"https:\/\/roveyayinevi.com.tr\/index.php\/urun\/ciddi-bos-zaman-algisi-optimum-performans-duygu-durumu-ve-rekreasyonel-basketbol\/"},"modified":"2026-04-16T02:58:20","modified_gmt":"2026-04-15T23:58:20","slug":"ciddi-bos-zaman-algisi-optimum-performans-duygu-durumu-ve-rekreasyonel-basketbol","status":"publish","type":"product","link":"https:\/\/roveyayinevi.com.tr\/index.php\/urun\/ciddi-bos-zaman-algisi-optimum-performans-duygu-durumu-ve-rekreasyonel-basketbol\/","title":{"rendered":"Ciddi Bo\u015f Zaman Alg\u0131s\u0131, Optimum Performans Duygu Durumu ve Rekreasyonel Basketbol"},"content":{"rendered":"<p>B\u00d6L\u00dcM I G\u0130R\u0130\u015e   B\u00d6L\u00dcM II BO\u015e ZAMAN VE C\u0130DD\u0130 BO\u015e ZAMAN KAVRAMLARI   B\u00d6L\u00dcM III C\u0130DD\u0130 BO\u015e ZAMAN BAKI\u015eI VE TAR\u0130H\u00c7ES\u0130   B\u00d6L\u00dcM IV OPT\u0130MUM PERFORMANS DUYGU DURUMU   B\u00d6L\u00dcM V BASKETBOL   <\/p>\n","protected":false},"excerpt":{"rendered":"<p>B\u00d6L\u00dcM I G\u0130R\u0130\u015e B\u00d6L\u00dcM II BO\u015e ZAMAN VE C\u0130DD\u0130 BO\u015e ZAMAN KAVRAMLARI B\u00d6L\u00dcM III C\u0130DD\u0130 BO\u015e ZAMAN BAKI\u015eI VE TAR\u0130H\u00c7ES\u0130 B\u00d6L\u00dcM IV OPT\u0130MUM PERFORMANS DUYGU DURUMU<span class=\"excerpt-hellip\"> [\u2026]<\/span><\/p>\n","protected":false},"featured_media":0,"template":"","meta":{"_monsterinsights_skip_tracking":false,"_monsterinsights_sitenote_active":false,"_monsterinsights_sitenote_note":"","_monsterinsights_sitenote_category":0},"product_brand":[],"product_cat":[15563,15564],"product_tag":[],"class_list":{"0":"post-745726","1":"product","2":"type-product","3":"status-publish","5":"product_cat-hobi","6":"product_cat-spor","7":"pa_cilt-ciltsiz","8":"pa_tur-kitap","9":"pa_yayinevi-gazi-kitabevi","10":"pa_yazar-kivanc-dinler-hamdi-alper-gungormus","12":"first","13":"instock","14":"sale","15":"shipping-taxable","16":"purchasable","17":"product-type-simple"},"_links":{"self":[{"href":"https:\/\/roveyayinevi.com.tr\/index.php\/wp-json\/wp\/v2\/product\/745726","targetHints":{"allow":["GET"]}}],"collection":[{"href":"https:\/\/roveyayinevi.com.tr\/index.php\/wp-json\/wp\/v2\/product"}],"about":[{"href":"https:\/\/roveyayinevi.com.tr\/index.php\/wp-json\/wp\/v2\/types\/product"}],"wp:attachment":[{"href":"https:\/\/roveyayinevi.com.tr\/index.php\/wp-json\/wp\/v2\/media?parent=745726"}],"wp:term":[{"taxonomy":"product_brand","embeddable":true,"href":"https:\/\/roveyayinevi.com.tr\/index.php\/wp-json\/wp\/v2\/product_brand?post=745726"},{"taxonomy":"product_cat","embeddable":true,"href":"https:\/\/roveyayinevi.com.tr\/index.php\/wp-json\/wp\/v2\/product_cat?post=745726"},{"taxonomy":"product_tag","embeddable":true,"href":"https:\/\/roveyayinevi.com.tr\/index.php\/wp-json\/wp\/v2\/product_tag?post=745726"}],"curies":[{"name":"wp","href":"https:\/\/api.w.org\/{rel}","templated":true}]}}