{"id":745723,"date":"2025-08-28T02:26:31","date_gmt":"2025-08-27T23:26:31","guid":{"rendered":"https:\/\/roveyayinevi.com.tr\/index.php\/urun\/kirmizi-kedi-cocuk-ajanda-2023-sokak-oyunlari\/"},"modified":"2026-04-16T02:58:20","modified_gmt":"2026-04-15T23:58:20","slug":"kirmizi-kedi-cocuk-ajanda-2023-sokak-oyunlari","status":"publish","type":"product","link":"https:\/\/roveyayinevi.com.tr\/index.php\/urun\/kirmizi-kedi-cocuk-ajanda-2023-sokak-oyunlari\/","title":{"rendered":"K\u0131rm\u0131z\u0131 Kedi \u00c7ocuk Ajanda 2023-Sokak Oyunlar\u0131"},"content":{"rendered":"<p>\u00c7ocuk demek oyun demek, oyuna dal\u0131p karn\u0131n\u0131n ac\u0131kt\u0131\u011f\u0131n\u0131, \u00fc\u015f\u00fcd\u00fc\u011f\u00fcn\u00fc, d\u00fcnyan\u0131n d\u00f6n\u00fc\u015f\u00fcn\u00fc unutmak demek. Sokak oyunlar\u0131 ise bir \u00e7ocu\u011fun evden \u00e7\u0131k\u0131p hayat\u0131n i\u00e7ine kar\u0131\u015ft\u0131\u011f\u0131, oyun kurup oyun bozdu\u011fu, arkada\u015f ili\u015fkilerini \u00f6\u011frendi\u011fi, kazan\u0131p kaybetmeyi deneyimledi\u011fi kendine has var olma alan\u0131 ayn\u0131 zamanda. Kalabal\u0131k \u00e7ocuk gruplar\u0131n\u0131n ne\u015feli \u00e7\u0131\u011fl\u0131klar\u0131n\u0131 duymak, d\u00fcnyan\u0131n dertlerini unutmak i\u00e7in daha \u00e7ok oyuna ve \u00e7ocuk oyun alanlar\u0131na ihtiyac\u0131m\u0131z var.    &#8220;\u00c7ocuk!&#8221; diye ba\u011f\u0131r\u0131p bir top at\u0131yoruz havaya, yakalay\u0131p kat\u0131lmak ister misiniz bu oyuna?  <\/p>\n","protected":false},"excerpt":{"rendered":"<p>\u00c7ocuk demek oyun demek, oyuna dal\u0131p karn\u0131n\u0131n ac\u0131kt\u0131\u011f\u0131n\u0131, \u00fc\u015f\u00fcd\u00fc\u011f\u00fcn\u00fc, d\u00fcnyan\u0131n d\u00f6n\u00fc\u015f\u00fcn\u00fc unutmak demek. Sokak oyunlar\u0131 ise bir \u00e7ocu\u011fun evden \u00e7\u0131k\u0131p hayat\u0131n i\u00e7ine kar\u0131\u015ft\u0131\u011f\u0131, oyun kurup oyun<span class=\"excerpt-hellip\"> [\u2026]<\/span><\/p>\n","protected":false},"featured_media":0,"template":"","meta":{"_monsterinsights_skip_tracking":false,"_monsterinsights_sitenote_active":false,"_monsterinsights_sitenote_note":"","_monsterinsights_sitenote_category":0},"product_brand":[],"product_cat":[28265,15563],"product_tag":[],"class_list":{"0":"post-745723","1":"product","2":"type-product","3":"status-publish","5":"product_cat-diger-hobi","6":"product_cat-hobi","7":"pa_cilt-ciltsiz","8":"pa_tur-kitap","9":"pa_yayinevi-kirmizi-kedi-yayinevi","10":"pa_yazar-kolektif","12":"first","13":"instock","14":"sale","15":"shipping-taxable","16":"purchasable","17":"product-type-simple"},"_links":{"self":[{"href":"https:\/\/roveyayinevi.com.tr\/index.php\/wp-json\/wp\/v2\/product\/745723","targetHints":{"allow":["GET"]}}],"collection":[{"href":"https:\/\/roveyayinevi.com.tr\/index.php\/wp-json\/wp\/v2\/product"}],"about":[{"href":"https:\/\/roveyayinevi.com.tr\/index.php\/wp-json\/wp\/v2\/types\/product"}],"wp:attachment":[{"href":"https:\/\/roveyayinevi.com.tr\/index.php\/wp-json\/wp\/v2\/media?parent=745723"}],"wp:term":[{"taxonomy":"product_brand","embeddable":true,"href":"https:\/\/roveyayinevi.com.tr\/index.php\/wp-json\/wp\/v2\/product_brand?post=745723"},{"taxonomy":"product_cat","embeddable":true,"href":"https:\/\/roveyayinevi.com.tr\/index.php\/wp-json\/wp\/v2\/product_cat?post=745723"},{"taxonomy":"product_tag","embeddable":true,"href":"https:\/\/roveyayinevi.com.tr\/index.php\/wp-json\/wp\/v2\/product_tag?post=745723"}],"curies":[{"name":"wp","href":"https:\/\/api.w.org\/{rel}","templated":true}]}}