{"id":745720,"date":"2025-08-28T02:26:28","date_gmt":"2025-08-27T23:26:28","guid":{"rendered":"https:\/\/roveyayinevi.com.tr\/index.php\/urun\/bu-mektuplar-da-sana\/"},"modified":"2026-04-08T03:05:29","modified_gmt":"2026-04-08T00:05:29","slug":"bu-mektuplar-da-sana","status":"publish","type":"product","link":"https:\/\/roveyayinevi.com.tr\/index.php\/urun\/bu-mektuplar-da-sana\/","title":{"rendered":"Bu Mektuplar da Sana"},"content":{"rendered":"<p>\u201cKalbim en \u00e7ok ko\u015farken bir de mektuplar\u0131n\u0131 a\u00e7arken \u00e7arp\u0131yor. Ya\u015fad\u0131\u011f\u0131n maceralar\u0131 merak ediyorum \u00fcstelik beni yery\u00fcz\u00fcnde en \u00e7ok g\u00fcld\u00fcren ki\u015fi sensin. Bir de ne var biliyor musun, komik olmak i\u00e7in \u00e7aba sarf etmene gerek yok. Bu senin do\u011fal halin. Ayr\u0131ca arkada\u015flar\u0131n\u0131n ve \u00e7\u0131lg\u0131n day\u0131n\u0131n ba\u015f\u0131na gelenler en sevdi\u011fim konular. \u0130yi ki mektup arkada\u015f\u0131 olmu\u015fuz. Ben de senden esinlenip bizimkilerin b\u00fct\u00fcn kirli \u00e7ama\u015f\u0131rlar\u0131n\u0131 ortaya d\u00f6k\u00fcyorum. Bu dedikodu say\u0131lm\u0131yordur umar\u0131m.  Yine de mektuplar\u0131m\u0131z b\u00fcy\u00fcklerin eline ge\u00e7mese iyi olur bence. Okurken bizim kadar e\u011flenmeyebilirler.\u201d  Mektup arkada\u015f\u0131n Masal Nilay \u015eanl\u0131\u2019n\u0131n, Bu Mektuplar da Sana kitab\u0131nda, iki mektup arkada\u015f\u0131 Ege ile Masal\u2019\u0131n maceralar\u0131 devam eder. Ama bu kez \u00e7ocuklar biraz daha b\u00fcy\u00fcm\u00fc\u015f, s\u0131rlar\u0131 biraz daha \u00e7etrefilli hale gelmi\u015ftir\u2026 <\/p>\n","protected":false},"excerpt":{"rendered":"<p>\u201cKalbim en \u00e7ok ko\u015farken bir de mektuplar\u0131n\u0131 a\u00e7arken \u00e7arp\u0131yor. Ya\u015fad\u0131\u011f\u0131n maceralar\u0131 merak ediyorum \u00fcstelik beni yery\u00fcz\u00fcnde en \u00e7ok g\u00fcld\u00fcren ki\u015fi sensin. Bir de ne var biliyor<span class=\"excerpt-hellip\"> [\u2026]<\/span><\/p>\n","protected":false},"featured_media":0,"template":"","meta":{"_monsterinsights_skip_tracking":false,"_monsterinsights_sitenote_active":false,"_monsterinsights_sitenote_note":"","_monsterinsights_sitenote_category":0},"product_brand":[],"product_cat":[12274,12284],"product_tag":[],"class_list":{"0":"post-745720","1":"product","2":"type-product","3":"status-publish","5":"product_cat-cocuk-ve-genclik-kitaplari","6":"product_cat-hikayeler","7":"pa_cilt-ciltsiz","8":"pa_tur-kitap","9":"pa_yayinevi-dinozor-cocuk","10":"pa_yazar-nilay-sanli","12":"first","13":"instock","14":"sale","15":"shipping-taxable","16":"purchasable","17":"product-type-simple"},"_links":{"self":[{"href":"https:\/\/roveyayinevi.com.tr\/index.php\/wp-json\/wp\/v2\/product\/745720","targetHints":{"allow":["GET"]}}],"collection":[{"href":"https:\/\/roveyayinevi.com.tr\/index.php\/wp-json\/wp\/v2\/product"}],"about":[{"href":"https:\/\/roveyayinevi.com.tr\/index.php\/wp-json\/wp\/v2\/types\/product"}],"wp:attachment":[{"href":"https:\/\/roveyayinevi.com.tr\/index.php\/wp-json\/wp\/v2\/media?parent=745720"}],"wp:term":[{"taxonomy":"product_brand","embeddable":true,"href":"https:\/\/roveyayinevi.com.tr\/index.php\/wp-json\/wp\/v2\/product_brand?post=745720"},{"taxonomy":"product_cat","embeddable":true,"href":"https:\/\/roveyayinevi.com.tr\/index.php\/wp-json\/wp\/v2\/product_cat?post=745720"},{"taxonomy":"product_tag","embeddable":true,"href":"https:\/\/roveyayinevi.com.tr\/index.php\/wp-json\/wp\/v2\/product_tag?post=745720"}],"curies":[{"name":"wp","href":"https:\/\/api.w.org\/{rel}","templated":true}]}}