{"id":745719,"date":"2025-08-28T02:26:27","date_gmt":"2025-08-27T23:26:27","guid":{"rendered":"https:\/\/roveyayinevi.com.tr\/index.php\/urun\/akiskan-kotuluk\/"},"modified":"2026-04-16T02:58:20","modified_gmt":"2026-04-15T23:58:20","slug":"akiskan-kotuluk","status":"publish","type":"product","link":"https:\/\/roveyayinevi.com.tr\/index.php\/urun\/akiskan-kotuluk\/","title":{"rendered":"Ak\u0131\u015fkan K\u00f6t\u00fcl\u00fck"},"content":{"rendered":"<p>K\u00f6t\u00fcl\u00fc\u011fe dair yeni bir \u015fey yok, ezelden beri bizimle birlikte. Ancak g\u00fcn\u00fcm\u00fczde ak\u0131\u015fkan-modern d\u00fcnyam\u0131z\u0131 karakterize eden t\u00fcrde yeni bir k\u00f6t\u00fcl\u00fck s\u00f6z konusu. Daha \u00f6nceki kat\u0131 modernite bi\u00e7imlerini karakterize eden k\u00f6t\u00fcl\u00fck, bask\u0131 ara\u00e7lar\u0131 \u00fczerinde tekel olu\u015fturan ve zaman zaman korkun\u00e7 derecede vah\u015fi ve barbar ama\u00e7lar\u0131na ula\u015fmak i\u00e7in ellerindeki ara\u00e7lar\u0131 kullanan devletlerin elinde yo\u011funla\u015fm\u0131\u015ft\u0131. Buna kar\u015f\u0131l\u0131k, \u00e7a\u011fda\u015f ak\u0131\u015fkan-modern toplumlar\u0131m\u0131zda, k\u00f6t\u00fcl\u00fck tamamen daha yayg\u0131n ve ayn\u0131 zamanda daha g\u00f6r\u00fcnmez hale geldi. Ak\u0131\u015fkan k\u00f6t\u00fcl\u00fck, insan etkile\u015fiminin ve ticaretin ak\u0131\u015fkan-modern bi\u00e7imleri taraf\u0131ndan dokunan kuma\u015f\u0131n diki\u015flerinde, insanlar\u0131n birlikte ya\u015fama dokusunda ve rutin i\u015fleyi\u015f s\u00fcre\u00e7lerinde gizlenir. \u015eiddetli bireyselle\u015fme, insanlar aras\u0131 ba\u011flar\u0131n g\u00fcc\u00fcn\u00fc a\u015f\u0131nd\u0131r\u0131rken, k\u00f6t\u00fcl\u00fck, ac\u0131mas\u0131z rekabetin ve kar\u015f\u0131l\u0131kl\u0131 yabanc\u0131la\u015fman\u0131n i\u015fbirli\u011fi ve dayan\u0131\u015fman\u0131n yerini ald\u0131\u011f\u0131, tamamen kurals\u0131zla\u015ft\u0131r\u0131lm\u0131\u015f ve \u00f6zelle\u015ftirilmi\u015f bir sosyal alan\u0131n kara deliklerinde gizlenir. Mevcut haliyle k\u00f6t\u00fcl\u00fc\u011f\u00fc tespit etmek, ortaya \u00e7\u0131karmak ve direnmek zordur. S\u0131radanl\u0131\u011f\u0131yla bizi ba\u015ftan \u00e7\u0131kar\u0131r ve sonra aniden d\u0131\u015far\u0131 f\u0131rlar, g\u00f6r\u00fcn\u00fc\u015fte rastgele vurur. Sonu\u00e7, may\u0131n tarlas\u0131na benzeyen sosyal bir d\u00fcnyad\u0131r: Patlay\u0131c\u0131larla dolu oldu\u011funu ve patlamalar\u0131n er ya da ge\u00e7 olaca\u011f\u0131n\u0131 biliyoruz ama ne zaman ve nerede patlayacaklar\u0131 hakk\u0131nda hi\u00e7bir fikrimiz yok. Zygmunt Bauman ve Leonidas Donskis k\u00f6t\u00fcl\u00fc\u011f\u00fcn hem daha s\u0131radan hem de daha sinsi hale geldi\u011fi, insanl\u0131\u011f\u0131 hayallerinden, alternatif projelerden ve muhalefet g\u00fcc\u00fcnden ar\u0131nd\u0131rma noktas\u0131na ula\u015ft\u0131\u011f\u0131 bu yeni co\u011frafyada okura rehberlik ediyor. <\/p>\n","protected":false},"excerpt":{"rendered":"<p>K\u00f6t\u00fcl\u00fc\u011fe dair yeni bir \u015fey yok, ezelden beri bizimle birlikte. Ancak g\u00fcn\u00fcm\u00fczde ak\u0131\u015fkan-modern d\u00fcnyam\u0131z\u0131 karakterize eden t\u00fcrde yeni bir k\u00f6t\u00fcl\u00fck s\u00f6z konusu. Daha \u00f6nceki kat\u0131 modernite<span class=\"excerpt-hellip\"> [\u2026]<\/span><\/p>\n","protected":false},"featured_media":0,"template":"","meta":{"_monsterinsights_skip_tracking":false,"_monsterinsights_sitenote_active":false,"_monsterinsights_sitenote_note":"","_monsterinsights_sitenote_category":0},"product_brand":[],"product_cat":[14787,13488],"product_tag":[],"class_list":{"0":"post-745719","1":"product","2":"type-product","3":"status-publish","5":"product_cat-diger-toplum-ve-insan","6":"product_cat-toplum-ve-insan","7":"pa_cilt-ciltsiz","8":"pa_tur-kitap","9":"pa_yayinevi-ayrinti-yayinlari","10":"pa_yazar-zygmunt-bauman-leonidas-donskis","12":"first","13":"instock","14":"sale","15":"shipping-taxable","16":"purchasable","17":"product-type-simple"},"_links":{"self":[{"href":"https:\/\/roveyayinevi.com.tr\/index.php\/wp-json\/wp\/v2\/product\/745719","targetHints":{"allow":["GET"]}}],"collection":[{"href":"https:\/\/roveyayinevi.com.tr\/index.php\/wp-json\/wp\/v2\/product"}],"about":[{"href":"https:\/\/roveyayinevi.com.tr\/index.php\/wp-json\/wp\/v2\/types\/product"}],"wp:attachment":[{"href":"https:\/\/roveyayinevi.com.tr\/index.php\/wp-json\/wp\/v2\/media?parent=745719"}],"wp:term":[{"taxonomy":"product_brand","embeddable":true,"href":"https:\/\/roveyayinevi.com.tr\/index.php\/wp-json\/wp\/v2\/product_brand?post=745719"},{"taxonomy":"product_cat","embeddable":true,"href":"https:\/\/roveyayinevi.com.tr\/index.php\/wp-json\/wp\/v2\/product_cat?post=745719"},{"taxonomy":"product_tag","embeddable":true,"href":"https:\/\/roveyayinevi.com.tr\/index.php\/wp-json\/wp\/v2\/product_tag?post=745719"}],"curies":[{"name":"wp","href":"https:\/\/api.w.org\/{rel}","templated":true}]}}