{"id":745717,"date":"2025-08-28T02:26:24","date_gmt":"2025-08-27T23:26:24","guid":{"rendered":"https:\/\/roveyayinevi.com.tr\/index.php\/urun\/seveceksin\/"},"modified":"2026-04-16T02:58:20","modified_gmt":"2026-04-15T23:58:20","slug":"seveceksin","status":"publish","type":"product","link":"https:\/\/roveyayinevi.com.tr\/index.php\/urun\/seveceksin\/","title":{"rendered":"Seveceksin"},"content":{"rendered":"<p>Elbet \u00f6zlemin dile gelir bir g\u00fcn Nakaratlar\u0131nda g\u00f6zlerinin oldu\u011fu bir \u015fark\u0131yla Sensiz ge\u00e7en her g\u00fcn haz\u0131r k\u0131ta durur Hesapla\u015f\u0131r\u0131z yoklu\u011funla Sonra bir keman sesi duyar\u0131z Y\u00fcz\u00fc kir pas i\u00e7indeki \u00e7ocuklar\u0131n kulaklar\u0131yla \u0130\u015fte o g\u00fcn kaybolurum G\u00f6zlerini buldu\u011fum nakaratlarda <\/p>\n","protected":false},"excerpt":{"rendered":"<p>Elbet \u00f6zlemin dile gelir bir g\u00fcn Nakaratlar\u0131nda g\u00f6zlerinin oldu\u011fu bir \u015fark\u0131yla Sensiz ge\u00e7en her g\u00fcn haz\u0131r k\u0131ta durur Hesapla\u015f\u0131r\u0131z yoklu\u011funla Sonra bir keman sesi duyar\u0131z Y\u00fcz\u00fc<span class=\"excerpt-hellip\"> [\u2026]<\/span><\/p>\n","protected":false},"featured_media":0,"template":"","meta":{"_monsterinsights_skip_tracking":false,"_monsterinsights_sitenote_active":false,"_monsterinsights_sitenote_note":"","_monsterinsights_sitenote_category":0},"product_brand":[],"product_cat":[12291,12509],"product_tag":[],"class_list":{"0":"post-745717","1":"product","2":"type-product","3":"status-publish","5":"product_cat-edebiyat","6":"product_cat-siir","7":"pa_cilt-ciltsiz","8":"pa_tur-kitap","9":"pa_yayinevi-sinirsiz-kitap","10":"pa_yazar-necip-eren","12":"first","13":"instock","14":"sale","15":"shipping-taxable","16":"purchasable","17":"product-type-simple"},"_links":{"self":[{"href":"https:\/\/roveyayinevi.com.tr\/index.php\/wp-json\/wp\/v2\/product\/745717","targetHints":{"allow":["GET"]}}],"collection":[{"href":"https:\/\/roveyayinevi.com.tr\/index.php\/wp-json\/wp\/v2\/product"}],"about":[{"href":"https:\/\/roveyayinevi.com.tr\/index.php\/wp-json\/wp\/v2\/types\/product"}],"wp:attachment":[{"href":"https:\/\/roveyayinevi.com.tr\/index.php\/wp-json\/wp\/v2\/media?parent=745717"}],"wp:term":[{"taxonomy":"product_brand","embeddable":true,"href":"https:\/\/roveyayinevi.com.tr\/index.php\/wp-json\/wp\/v2\/product_brand?post=745717"},{"taxonomy":"product_cat","embeddable":true,"href":"https:\/\/roveyayinevi.com.tr\/index.php\/wp-json\/wp\/v2\/product_cat?post=745717"},{"taxonomy":"product_tag","embeddable":true,"href":"https:\/\/roveyayinevi.com.tr\/index.php\/wp-json\/wp\/v2\/product_tag?post=745717"}],"curies":[{"name":"wp","href":"https:\/\/api.w.org\/{rel}","templated":true}]}}