{"id":745716,"date":"2025-08-28T02:26:23","date_gmt":"2025-08-27T23:26:23","guid":{"rendered":"https:\/\/roveyayinevi.com.tr\/index.php\/urun\/hic-4\/"},"modified":"2026-04-16T02:58:20","modified_gmt":"2026-04-15T23:58:20","slug":"hic-4","status":"publish","type":"product","link":"https:\/\/roveyayinevi.com.tr\/index.php\/urun\/hic-4\/","title":{"rendered":"Hi\u00e7"},"content":{"rendered":"<p>Cansam canandan arda kalan bir pay olsam G\u00f6zlerim cemalinin hasm\u0131yken, h\u0131sm\u0131n gibi dola\u015fsam Tabidir kanl\u0131ma akl\u0131m, di\u015flerinle kirpiklerine ba\u011flansam Milyon kez \u00f6ld\u00fcrd\u00fcn, diriyken bir g\u00fcn seni \u00e7a\u011f\u0131rsam   G\u00f6r ki vahdetisin ulemas\u0131z olan bu derdin Dipsizli\u011finde bir dibi varm\u0131\u015f ey cevheri derin Ate\u015fin ta\u015f\u0131r\u0131m, beni yakar sana d\u00f6nd\u00fc\u011f\u00fcnde serin K\u00fcl\u00fcnde a\u011f\u0131r\u0131 olur, savrulmaz senin k\u00fclfetin   Ya\u011fmurunla \u0131sland\u0131 \u00e7amur oldu cengaver Bir an dahi ya\u015famaz art\u0131k kelebekler \u0130nsan\u0131 kamil bana meczup demi\u015f ya, sana dilber \u00d6lse de meczup, bu yolun dura\u011f\u0131na son seferi de\u011fer <\/p>\n","protected":false},"excerpt":{"rendered":"<p>Cansam canandan arda kalan bir pay olsam G\u00f6zlerim cemalinin hasm\u0131yken, h\u0131sm\u0131n gibi dola\u015fsam Tabidir kanl\u0131ma akl\u0131m, di\u015flerinle kirpiklerine ba\u011flansam Milyon kez \u00f6ld\u00fcrd\u00fcn, diriyken bir g\u00fcn seni<span class=\"excerpt-hellip\"> [\u2026]<\/span><\/p>\n","protected":false},"featured_media":0,"template":"","meta":{"_monsterinsights_skip_tracking":false,"_monsterinsights_sitenote_active":false,"_monsterinsights_sitenote_note":"","_monsterinsights_sitenote_category":0},"product_brand":[],"product_cat":[12291,12509],"product_tag":[],"class_list":{"0":"post-745716","1":"product","2":"type-product","3":"status-publish","5":"product_cat-edebiyat","6":"product_cat-siir","7":"pa_cilt-ciltsiz","8":"pa_tur-kitap","9":"pa_yayinevi-sinirsiz-kitap","10":"pa_yazar-necip-eren","12":"first","13":"instock","14":"sale","15":"shipping-taxable","16":"purchasable","17":"product-type-simple"},"_links":{"self":[{"href":"https:\/\/roveyayinevi.com.tr\/index.php\/wp-json\/wp\/v2\/product\/745716","targetHints":{"allow":["GET"]}}],"collection":[{"href":"https:\/\/roveyayinevi.com.tr\/index.php\/wp-json\/wp\/v2\/product"}],"about":[{"href":"https:\/\/roveyayinevi.com.tr\/index.php\/wp-json\/wp\/v2\/types\/product"}],"wp:attachment":[{"href":"https:\/\/roveyayinevi.com.tr\/index.php\/wp-json\/wp\/v2\/media?parent=745716"}],"wp:term":[{"taxonomy":"product_brand","embeddable":true,"href":"https:\/\/roveyayinevi.com.tr\/index.php\/wp-json\/wp\/v2\/product_brand?post=745716"},{"taxonomy":"product_cat","embeddable":true,"href":"https:\/\/roveyayinevi.com.tr\/index.php\/wp-json\/wp\/v2\/product_cat?post=745716"},{"taxonomy":"product_tag","embeddable":true,"href":"https:\/\/roveyayinevi.com.tr\/index.php\/wp-json\/wp\/v2\/product_tag?post=745716"}],"curies":[{"name":"wp","href":"https:\/\/api.w.org\/{rel}","templated":true}]}}