{"id":745715,"date":"2025-08-28T02:26:22","date_gmt":"2025-08-27T23:26:22","guid":{"rendered":"https:\/\/roveyayinevi.com.tr\/index.php\/urun\/genisletilmis-zihin\/"},"modified":"2026-04-16T02:58:19","modified_gmt":"2026-04-15T23:58:19","slug":"genisletilmis-zihin","status":"publish","type":"product","link":"https:\/\/roveyayinevi.com.tr\/index.php\/urun\/genisletilmis-zihin\/","title":{"rendered":"Geni\u015fletilmi\u015f Zihin"},"content":{"rendered":"<p>Akl\u0131n\u0131 kullan! Bir sorunla kar\u015f\u0131la\u015ft\u0131\u011f\u0131m\u0131zda kendimize bunu s\u00f6yleriz. Peki, ne kadar uyguluyoruz? Yazar Annie Murphy Paul, yap\u0131lmas\u0131 gerekenin beynin d\u0131\u015f\u0131nda d\u00fc\u015f\u00fcnmek oldu\u011funu s\u00f6yl\u00fcyor. Hislerimiz, hareketlerimiz, i\u00e7inde bulundu\u011fumuz fiziksel alanlar ve etraf\u0131m\u0131zdakilerin zihinleri gibi bir\u00e7ok \u201cekstra-n\u00f6ral\u201d kaynak; daha dikkatli odaklanmam\u0131z\u0131, daha derinden kavramam\u0131z\u0131 ve daha yarat\u0131c\u0131 d\u00fc\u015f\u00fcnmemizi sa\u011flayabilir. Geni\u015fletilmi\u015f Zihin; sinirbilimcilerin, bilim adamlar\u0131n\u0131n ve psikologlar\u0131n bulgular\u0131n\u0131n yan\u0131 s\u0131ra e\u011fitimcilerin, y\u00f6neticilerin ve liderlerin uygulamalar\u0131n\u0131 g\u00f6zlemleyerek bu heyecan verici vizyonun arkas\u0131ndaki ara\u015ft\u0131rmay\u0131 \u00f6zetliyor. Sanat\u00e7\u0131lar\u0131n ve yazarlar\u0131n sorunlar\u0131 \u00e7\u00f6zmek, ke\u015fifler yap\u0131p yarat\u0131c\u0131 olmak i\u00e7in zihinlerini nas\u0131l kulland\u0131klar\u0131n\u0131 inceliyor. Annie Murphy Paul&#8217;\u00fcn bu cesur kitab\u0131; beynimizin \u00f6tesinde, bedenlerimizde, \u00e7evremizde ve ili\u015fkilerimizde var olan zek\u00e2dan nas\u0131l yararlanabilece\u011fimize dair pratik tavsiyelerle dolu bir rehber.  <\/p>\n","protected":false},"excerpt":{"rendered":"<p>Akl\u0131n\u0131 kullan! Bir sorunla kar\u015f\u0131la\u015ft\u0131\u011f\u0131m\u0131zda kendimize bunu s\u00f6yleriz. Peki, ne kadar uyguluyoruz? Yazar Annie Murphy Paul, yap\u0131lmas\u0131 gerekenin beynin d\u0131\u015f\u0131nda d\u00fc\u015f\u00fcnmek oldu\u011funu s\u00f6yl\u00fcyor. Hislerimiz, hareketlerimiz, i\u00e7inde<span class=\"excerpt-hellip\"> [\u2026]<\/span><\/p>\n","protected":false},"featured_media":0,"template":"","meta":{"_monsterinsights_skip_tracking":false,"_monsterinsights_sitenote_active":false,"_monsterinsights_sitenote_note":"","_monsterinsights_sitenote_category":0},"product_brand":[],"product_cat":[13005,13006],"product_tag":[],"class_list":{"0":"post-745715","1":"product","2":"type-product","3":"status-publish","5":"product_cat-bilim-muhendislik","6":"product_cat-populer-bilim","7":"pa_cilt-ciltsiz","8":"pa_tur-kitap","9":"pa_yayinevi-serenad-yayinevi","10":"pa_yazar-annie-murphy-paul","12":"first","13":"instock","14":"sale","15":"shipping-taxable","16":"purchasable","17":"product-type-simple"},"_links":{"self":[{"href":"https:\/\/roveyayinevi.com.tr\/index.php\/wp-json\/wp\/v2\/product\/745715","targetHints":{"allow":["GET"]}}],"collection":[{"href":"https:\/\/roveyayinevi.com.tr\/index.php\/wp-json\/wp\/v2\/product"}],"about":[{"href":"https:\/\/roveyayinevi.com.tr\/index.php\/wp-json\/wp\/v2\/types\/product"}],"wp:attachment":[{"href":"https:\/\/roveyayinevi.com.tr\/index.php\/wp-json\/wp\/v2\/media?parent=745715"}],"wp:term":[{"taxonomy":"product_brand","embeddable":true,"href":"https:\/\/roveyayinevi.com.tr\/index.php\/wp-json\/wp\/v2\/product_brand?post=745715"},{"taxonomy":"product_cat","embeddable":true,"href":"https:\/\/roveyayinevi.com.tr\/index.php\/wp-json\/wp\/v2\/product_cat?post=745715"},{"taxonomy":"product_tag","embeddable":true,"href":"https:\/\/roveyayinevi.com.tr\/index.php\/wp-json\/wp\/v2\/product_tag?post=745715"}],"curies":[{"name":"wp","href":"https:\/\/api.w.org\/{rel}","templated":true}]}}