{"id":745714,"date":"2025-08-28T02:26:21","date_gmt":"2025-08-27T23:26:21","guid":{"rendered":"https:\/\/roveyayinevi.com.tr\/index.php\/urun\/ruzgarlar-da-konusur\/"},"modified":"2026-04-16T02:58:19","modified_gmt":"2026-04-15T23:58:19","slug":"ruzgarlar-da-konusur","status":"publish","type":"product","link":"https:\/\/roveyayinevi.com.tr\/index.php\/urun\/ruzgarlar-da-konusur\/","title":{"rendered":"R\u00fczgarlar da Konu\u015fur"},"content":{"rendered":"<p>Sevdan basar T\u0131ls\u0131m\u0131na yenilir g\u00f6zlerim Bakmalar\u0131n en g\u00fczel g\u00f6rmeleri G\u00f6rmeleriyle bakan taneleri kurur Yast\u0131\u011f\u0131m \u0131slan\u0131r \u00d6rt\u00fclmez yorgan\u0131m Vebas\u0131 beslenen bir resmin Al\u0131r bir ba\u015f\u0131na \u00fcfler kula\u011f\u0131mda as\u0131l\u0131 a\u011f\u0131tlara Seni sen yapan Bendeki \u00f6zleme benzer \u00e7aresiz Bir an gelip u\u00e7uracak gibi Bir an durup donduracak gibi Oysa uzak bir da\u011f g\u00f6l\u00fc misali Mavisiyle yaln\u0131z ye\u015filine hasret Kurals\u0131z bir sava\u015f Ve yenilginin yenilenmedi\u011fi bir meydan Zira esrar\u0131na uzanamamak dayan\u0131lmaz \u00dc\u015f\u00fcr her k\u0131p\u0131rdayan fikrim Efendisiz sevmelerin Irgat bekleyi\u015fleri gibi\u2026 <\/p>\n","protected":false},"excerpt":{"rendered":"<p>Sevdan basar T\u0131ls\u0131m\u0131na yenilir g\u00f6zlerim Bakmalar\u0131n en g\u00fczel g\u00f6rmeleri G\u00f6rmeleriyle bakan taneleri kurur Yast\u0131\u011f\u0131m \u0131slan\u0131r \u00d6rt\u00fclmez yorgan\u0131m Vebas\u0131 beslenen bir resmin Al\u0131r bir ba\u015f\u0131na \u00fcfler kula\u011f\u0131mda<span class=\"excerpt-hellip\"> [\u2026]<\/span><\/p>\n","protected":false},"featured_media":0,"template":"","meta":{"_monsterinsights_skip_tracking":false,"_monsterinsights_sitenote_active":false,"_monsterinsights_sitenote_note":"","_monsterinsights_sitenote_category":0},"product_brand":[],"product_cat":[12291,12509],"product_tag":[],"class_list":{"0":"post-745714","1":"product","2":"type-product","3":"status-publish","5":"product_cat-edebiyat","6":"product_cat-siir","7":"pa_cilt-ciltsiz","8":"pa_tur-kitap","9":"pa_yayinevi-sinirsiz-kitap","10":"pa_yazar-necip-eren","12":"first","13":"instock","14":"sale","15":"shipping-taxable","16":"purchasable","17":"product-type-simple"},"_links":{"self":[{"href":"https:\/\/roveyayinevi.com.tr\/index.php\/wp-json\/wp\/v2\/product\/745714","targetHints":{"allow":["GET"]}}],"collection":[{"href":"https:\/\/roveyayinevi.com.tr\/index.php\/wp-json\/wp\/v2\/product"}],"about":[{"href":"https:\/\/roveyayinevi.com.tr\/index.php\/wp-json\/wp\/v2\/types\/product"}],"wp:attachment":[{"href":"https:\/\/roveyayinevi.com.tr\/index.php\/wp-json\/wp\/v2\/media?parent=745714"}],"wp:term":[{"taxonomy":"product_brand","embeddable":true,"href":"https:\/\/roveyayinevi.com.tr\/index.php\/wp-json\/wp\/v2\/product_brand?post=745714"},{"taxonomy":"product_cat","embeddable":true,"href":"https:\/\/roveyayinevi.com.tr\/index.php\/wp-json\/wp\/v2\/product_cat?post=745714"},{"taxonomy":"product_tag","embeddable":true,"href":"https:\/\/roveyayinevi.com.tr\/index.php\/wp-json\/wp\/v2\/product_tag?post=745714"}],"curies":[{"name":"wp","href":"https:\/\/api.w.org\/{rel}","templated":true}]}}