{"id":745702,"date":"2025-08-28T02:26:02","date_gmt":"2025-08-27T23:26:02","guid":{"rendered":"https:\/\/roveyayinevi.com.tr\/index.php\/urun\/derimden\/"},"modified":"2026-04-08T03:05:28","modified_gmt":"2026-04-08T00:05:28","slug":"derimden","status":"publish","type":"product","link":"https:\/\/roveyayinevi.com.tr\/index.php\/urun\/derimden\/","title":{"rendered":"Derimden"},"content":{"rendered":"<p>\u0130nsan\u0131 \u00e7eviren duvar\u0131n arkas\u0131ndaki f\u0131s\u0131lt\u0131lar\u0131 dinliyor. D\u0131\u015f\u0131ndan \u00e7ok, i\u00e7inden konu\u015fanlara kulak kesiliyor. Anne-baba-\u00e7ocuk olma\/olamama h\u00e2linin sert, yak\u0131c\u0131, ac\u0131tan ve dillendirilmeyen yan\u0131n\u0131 kurcal\u0131yor. T\u0131rnak i\u00e7inde ev, aile, ger\u00e7eklik, yan\u0131lsama ve mutluluk aray\u0131\u015f\u0131n\u0131; g\u00f6lgelerine denk geldi\u011fimiz silik ve sinik karakterleri g\u00f6z \u00f6n\u00fcnde tutarak sorguluyor. \u201cHayatta, gitmek h\u00e2linde kalm\u0131\u015f kahramanlar da var.\u201d diyor. <\/p>\n","protected":false},"excerpt":{"rendered":"<p>\u0130nsan\u0131 \u00e7eviren duvar\u0131n arkas\u0131ndaki f\u0131s\u0131lt\u0131lar\u0131 dinliyor. D\u0131\u015f\u0131ndan \u00e7ok, i\u00e7inden konu\u015fanlara kulak kesiliyor. Anne-baba-\u00e7ocuk olma\/olamama h\u00e2linin sert, yak\u0131c\u0131, ac\u0131tan ve dillendirilmeyen yan\u0131n\u0131 kurcal\u0131yor. T\u0131rnak i\u00e7inde ev, aile,<span class=\"excerpt-hellip\"> [\u2026]<\/span><\/p>\n","protected":false},"featured_media":0,"template":"","meta":{"_monsterinsights_skip_tracking":false,"_monsterinsights_sitenote_active":false,"_monsterinsights_sitenote_note":"","_monsterinsights_sitenote_category":0},"product_brand":[],"product_cat":[12291,12711],"product_tag":[],"class_list":{"0":"post-745702","1":"product","2":"type-product","3":"status-publish","5":"product_cat-edebiyat","6":"product_cat-roman-oyku","7":"pa_cilt-ciltsiz","8":"pa_tur-kitap","9":"pa_yayinevi-smirna-yayinlari","10":"pa_yazar-feyza-akbulut-oner","12":"first","13":"instock","14":"sale","15":"shipping-taxable","16":"purchasable","17":"product-type-simple"},"_links":{"self":[{"href":"https:\/\/roveyayinevi.com.tr\/index.php\/wp-json\/wp\/v2\/product\/745702","targetHints":{"allow":["GET"]}}],"collection":[{"href":"https:\/\/roveyayinevi.com.tr\/index.php\/wp-json\/wp\/v2\/product"}],"about":[{"href":"https:\/\/roveyayinevi.com.tr\/index.php\/wp-json\/wp\/v2\/types\/product"}],"wp:attachment":[{"href":"https:\/\/roveyayinevi.com.tr\/index.php\/wp-json\/wp\/v2\/media?parent=745702"}],"wp:term":[{"taxonomy":"product_brand","embeddable":true,"href":"https:\/\/roveyayinevi.com.tr\/index.php\/wp-json\/wp\/v2\/product_brand?post=745702"},{"taxonomy":"product_cat","embeddable":true,"href":"https:\/\/roveyayinevi.com.tr\/index.php\/wp-json\/wp\/v2\/product_cat?post=745702"},{"taxonomy":"product_tag","embeddable":true,"href":"https:\/\/roveyayinevi.com.tr\/index.php\/wp-json\/wp\/v2\/product_tag?post=745702"}],"curies":[{"name":"wp","href":"https:\/\/api.w.org\/{rel}","templated":true}]}}