{"id":745698,"date":"2025-08-28T02:25:56","date_gmt":"2025-08-27T23:25:56","guid":{"rendered":"https:\/\/roveyayinevi.com.tr\/index.php\/urun\/dalindan-dusmeyen-yaprak\/"},"modified":"2026-04-16T02:58:19","modified_gmt":"2026-04-15T23:58:19","slug":"dalindan-dusmeyen-yaprak","status":"publish","type":"product","link":"https:\/\/roveyayinevi.com.tr\/index.php\/urun\/dalindan-dusmeyen-yaprak\/","title":{"rendered":"Dal\u0131ndan D\u00fc\u015fmeyen Yaprak"},"content":{"rendered":"<p>Azim, inan\u0131lan bir d\u00fc\u015f\u00fcnce u\u011fruna harcanan \u00e7aba,Bu d\u00fc\u015f\u00fcnce d\u00f6n\u00fcnce s\u00fcrekli bir davran\u0131\u015faCeviz A\u011fac\u0131 da \u015fa\u015f\u0131rd\u0131 kald\u0131 dal\u0131ndaki yapra\u011fa!DALINDAN D\u00dc\u015eMEYEN YAPRAK, iyi bir lider&#8230; DALINDAN D\u00dc\u015eMEYEN YAPRAK, azminba\u015far\u0131ya giden kahraman\u0131&#8230;Toprak Ana, azmi i\u00e7in bu mevsim \u00f6d\u00fcl\u00fc veriyor mu ona? Bu masal ba\u015farmak isteyen t\u00fcm k\u00fc\u00e7\u00fck kahramanlara&#8230;<\/p>\n","protected":false},"excerpt":{"rendered":"<p>Azim, inan\u0131lan bir d\u00fc\u015f\u00fcnce u\u011fruna harcanan \u00e7aba,Bu d\u00fc\u015f\u00fcnce d\u00f6n\u00fcnce s\u00fcrekli bir davran\u0131\u015faCeviz A\u011fac\u0131 da \u015fa\u015f\u0131rd\u0131 kald\u0131 dal\u0131ndaki yapra\u011fa!DALINDAN D\u00dc\u015eMEYEN YAPRAK, iyi bir lider&#8230; DALINDAN D\u00dc\u015eMEYEN YAPRAK,<span class=\"excerpt-hellip\"> [\u2026]<\/span><\/p>\n","protected":false},"featured_media":0,"template":"","meta":{"_monsterinsights_skip_tracking":false,"_monsterinsights_sitenote_active":false,"_monsterinsights_sitenote_note":"","_monsterinsights_sitenote_category":0},"product_brand":[],"product_cat":[12274,12284],"product_tag":[],"class_list":{"0":"post-745698","1":"product","2":"type-product","3":"status-publish","5":"product_cat-cocuk-ve-genclik-kitaplari","6":"product_cat-hikayeler","7":"pa_cilt-ciltsiz","8":"pa_tur-kitap","9":"pa_yayinevi-parmak-cocuk-yayinlari","10":"pa_yazar-atay-sozer","12":"first","13":"instock","14":"sale","15":"shipping-taxable","16":"purchasable","17":"product-type-simple"},"_links":{"self":[{"href":"https:\/\/roveyayinevi.com.tr\/index.php\/wp-json\/wp\/v2\/product\/745698","targetHints":{"allow":["GET"]}}],"collection":[{"href":"https:\/\/roveyayinevi.com.tr\/index.php\/wp-json\/wp\/v2\/product"}],"about":[{"href":"https:\/\/roveyayinevi.com.tr\/index.php\/wp-json\/wp\/v2\/types\/product"}],"wp:attachment":[{"href":"https:\/\/roveyayinevi.com.tr\/index.php\/wp-json\/wp\/v2\/media?parent=745698"}],"wp:term":[{"taxonomy":"product_brand","embeddable":true,"href":"https:\/\/roveyayinevi.com.tr\/index.php\/wp-json\/wp\/v2\/product_brand?post=745698"},{"taxonomy":"product_cat","embeddable":true,"href":"https:\/\/roveyayinevi.com.tr\/index.php\/wp-json\/wp\/v2\/product_cat?post=745698"},{"taxonomy":"product_tag","embeddable":true,"href":"https:\/\/roveyayinevi.com.tr\/index.php\/wp-json\/wp\/v2\/product_tag?post=745698"}],"curies":[{"name":"wp","href":"https:\/\/api.w.org\/{rel}","templated":true}]}}