{"id":745696,"date":"2025-08-28T02:25:53","date_gmt":"2025-08-27T23:25:53","guid":{"rendered":"https:\/\/roveyayinevi.com.tr\/index.php\/urun\/dunyamizi-koruyalim-yesili-koruyalim\/"},"modified":"2026-04-16T02:58:19","modified_gmt":"2026-04-15T23:58:19","slug":"dunyamizi-koruyalim-yesili-koruyalim","status":"publish","type":"product","link":"https:\/\/roveyayinevi.com.tr\/index.php\/urun\/dunyamizi-koruyalim-yesili-koruyalim\/","title":{"rendered":"D\u00fcnyam\u0131z\u0131 Koruyal\u0131m &#8211; Ye\u015fili Koruyal\u0131m"},"content":{"rendered":"<p>D\u00fcnyam\u0131z\u0131 Koruyal\u0131m &#8211; Ye\u015fili Koruyal\u0131mYE\u015e\u0130L B\u0130R DO\u011eA rahat bir nefes, ya\u015fam demektir. Do\u011fada t\u00fcm canl\u0131lar birbirine ba\u011fl\u0131d\u0131r ve do\u011fa t\u00fcm canl\u0131lar\u0131n evidir. YE\u015e\u0130L\u0130 KORUYALIM! \u00c7etin ve arkada\u015flar\u0131 bu konuda neler \u00f6\u011frenmi\u015f? Biz de onlarla \u00f6\u011frenelim!<\/p>\n","protected":false},"excerpt":{"rendered":"<p>D\u00fcnyam\u0131z\u0131 Koruyal\u0131m &#8211; Ye\u015fili Koruyal\u0131mYE\u015e\u0130L B\u0130R DO\u011eA rahat bir nefes, ya\u015fam demektir. Do\u011fada t\u00fcm canl\u0131lar birbirine ba\u011fl\u0131d\u0131r ve do\u011fa t\u00fcm canl\u0131lar\u0131n evidir. YE\u015e\u0130L\u0130 KORUYALIM! \u00c7etin ve<span class=\"excerpt-hellip\"> [\u2026]<\/span><\/p>\n","protected":false},"featured_media":0,"template":"","meta":{"_monsterinsights_skip_tracking":false,"_monsterinsights_sitenote_active":false,"_monsterinsights_sitenote_note":"","_monsterinsights_sitenote_category":0},"product_brand":[],"product_cat":[12274,12284],"product_tag":[],"class_list":{"0":"post-745696","1":"product","2":"type-product","3":"status-publish","5":"product_cat-cocuk-ve-genclik-kitaplari","6":"product_cat-hikayeler","7":"pa_cilt-ciltsiz","8":"pa_tur-kitap","9":"pa_yayinevi-yagmur-cocuk-yayinlari","10":"pa_yazar-cihan-bahadir","12":"first","13":"instock","14":"sale","15":"shipping-taxable","16":"purchasable","17":"product-type-simple"},"_links":{"self":[{"href":"https:\/\/roveyayinevi.com.tr\/index.php\/wp-json\/wp\/v2\/product\/745696","targetHints":{"allow":["GET"]}}],"collection":[{"href":"https:\/\/roveyayinevi.com.tr\/index.php\/wp-json\/wp\/v2\/product"}],"about":[{"href":"https:\/\/roveyayinevi.com.tr\/index.php\/wp-json\/wp\/v2\/types\/product"}],"wp:attachment":[{"href":"https:\/\/roveyayinevi.com.tr\/index.php\/wp-json\/wp\/v2\/media?parent=745696"}],"wp:term":[{"taxonomy":"product_brand","embeddable":true,"href":"https:\/\/roveyayinevi.com.tr\/index.php\/wp-json\/wp\/v2\/product_brand?post=745696"},{"taxonomy":"product_cat","embeddable":true,"href":"https:\/\/roveyayinevi.com.tr\/index.php\/wp-json\/wp\/v2\/product_cat?post=745696"},{"taxonomy":"product_tag","embeddable":true,"href":"https:\/\/roveyayinevi.com.tr\/index.php\/wp-json\/wp\/v2\/product_tag?post=745696"}],"curies":[{"name":"wp","href":"https:\/\/api.w.org\/{rel}","templated":true}]}}