{"id":745695,"date":"2025-08-28T02:25:52","date_gmt":"2025-08-27T23:25:52","guid":{"rendered":"https:\/\/roveyayinevi.com.tr\/index.php\/urun\/dunyamizi-koruyalim-su-tasarrufu\/"},"modified":"2026-04-16T02:58:19","modified_gmt":"2026-04-15T23:58:19","slug":"dunyamizi-koruyalim-su-tasarrufu","status":"publish","type":"product","link":"https:\/\/roveyayinevi.com.tr\/index.php\/urun\/dunyamizi-koruyalim-su-tasarrufu\/","title":{"rendered":"D\u00fcnyam\u0131z\u0131 Koruyal\u0131m &#8211; Su Tasarrufu"},"content":{"rendered":"<p>D\u00fcnyam\u0131z\u0131 Koruyal\u0131m &#8211; Su TasarrufuSu, bu d\u00fcnyan\u0131n ya\u015fam kayna\u011f\u0131d\u0131r. Suyun yok olmas\u0131, can suyumuzun yok olmas\u0131; d\u00fcnyam\u0131z\u0131n yava\u015f yava\u015f t\u00fckenmesidir. Su Tasarrufu, gelecek i\u00e7in zorunludur. Yar\u0131n\u0131 ya\u015famak i\u00e7in bug\u00fcn harekete ge\u00e7meliyiz. Beril, Robin\u2019den bu konuda neler \u00f6\u011frenmi\u015f? Biz de onlara kat\u0131l\u0131p \u00f6\u011frenelim.<\/p>\n","protected":false},"excerpt":{"rendered":"<p>D\u00fcnyam\u0131z\u0131 Koruyal\u0131m &#8211; Su TasarrufuSu, bu d\u00fcnyan\u0131n ya\u015fam kayna\u011f\u0131d\u0131r. Suyun yok olmas\u0131, can suyumuzun yok olmas\u0131; d\u00fcnyam\u0131z\u0131n yava\u015f yava\u015f t\u00fckenmesidir. Su Tasarrufu, gelecek i\u00e7in zorunludur. Yar\u0131n\u0131<span class=\"excerpt-hellip\"> [\u2026]<\/span><\/p>\n","protected":false},"featured_media":0,"template":"","meta":{"_monsterinsights_skip_tracking":false,"_monsterinsights_sitenote_active":false,"_monsterinsights_sitenote_note":"","_monsterinsights_sitenote_category":0},"product_brand":[],"product_cat":[12274,12284],"product_tag":[],"class_list":{"0":"post-745695","1":"product","2":"type-product","3":"status-publish","5":"product_cat-cocuk-ve-genclik-kitaplari","6":"product_cat-hikayeler","7":"pa_cilt-ciltsiz","8":"pa_tur-kitap","9":"pa_yayinevi-yagmur-cocuk-yayinlari","10":"pa_yazar-cihan-bahadir","12":"first","13":"instock","14":"sale","15":"shipping-taxable","16":"purchasable","17":"product-type-simple"},"_links":{"self":[{"href":"https:\/\/roveyayinevi.com.tr\/index.php\/wp-json\/wp\/v2\/product\/745695","targetHints":{"allow":["GET"]}}],"collection":[{"href":"https:\/\/roveyayinevi.com.tr\/index.php\/wp-json\/wp\/v2\/product"}],"about":[{"href":"https:\/\/roveyayinevi.com.tr\/index.php\/wp-json\/wp\/v2\/types\/product"}],"wp:attachment":[{"href":"https:\/\/roveyayinevi.com.tr\/index.php\/wp-json\/wp\/v2\/media?parent=745695"}],"wp:term":[{"taxonomy":"product_brand","embeddable":true,"href":"https:\/\/roveyayinevi.com.tr\/index.php\/wp-json\/wp\/v2\/product_brand?post=745695"},{"taxonomy":"product_cat","embeddable":true,"href":"https:\/\/roveyayinevi.com.tr\/index.php\/wp-json\/wp\/v2\/product_cat?post=745695"},{"taxonomy":"product_tag","embeddable":true,"href":"https:\/\/roveyayinevi.com.tr\/index.php\/wp-json\/wp\/v2\/product_tag?post=745695"}],"curies":[{"name":"wp","href":"https:\/\/api.w.org\/{rel}","templated":true}]}}