{"id":745694,"date":"2025-08-28T02:25:51","date_gmt":"2025-08-27T23:25:51","guid":{"rendered":"https:\/\/roveyayinevi.com.tr\/index.php\/urun\/dunyamizi-koruyalim-havayi-temiz-tutalim\/"},"modified":"2026-04-16T02:58:19","modified_gmt":"2026-04-15T23:58:19","slug":"dunyamizi-koruyalim-havayi-temiz-tutalim","status":"publish","type":"product","link":"https:\/\/roveyayinevi.com.tr\/index.php\/urun\/dunyamizi-koruyalim-havayi-temiz-tutalim\/","title":{"rendered":"D\u00fcnyam\u0131z\u0131 Koruyal\u0131m &#8211; Havay\u0131 Temiz Tutal\u0131m"},"content":{"rendered":"<p>D\u00fcnyam\u0131z\u0131 Koruyal\u0131m &#8211; Havay\u0131 Temiz Tutal\u0131mTemiz havaya sahip bir d\u00fcnyada ya\u015famak, herkes i\u00e7in temel insan hakk\u0131d\u0131r. D\u00fcnyan\u0131n gelece\u011fi  ve sa\u011fl\u0131kl\u0131 bir ya\u015fam i\u00e7in havay\u0131 temiz tutacak \u00f6nlemler al\u0131nmal\u0131d\u0131r. Havay\u0131 Temiz Tutal\u0131m! Peki, nas\u0131l? Mehmet ile beraber Leyla, Arda ve arkada\u015flar\u0131 Efe bu konuyu ele al\u0131yor. Haydi, biz de onlarla \u00f6\u011frenelim!<\/p>\n","protected":false},"excerpt":{"rendered":"<p>D\u00fcnyam\u0131z\u0131 Koruyal\u0131m &#8211; Havay\u0131 Temiz Tutal\u0131mTemiz havaya sahip bir d\u00fcnyada ya\u015famak, herkes i\u00e7in temel insan hakk\u0131d\u0131r. D\u00fcnyan\u0131n gelece\u011fi ve sa\u011fl\u0131kl\u0131 bir ya\u015fam i\u00e7in havay\u0131 temiz tutacak<span class=\"excerpt-hellip\"> [\u2026]<\/span><\/p>\n","protected":false},"featured_media":0,"template":"","meta":{"_monsterinsights_skip_tracking":false,"_monsterinsights_sitenote_active":false,"_monsterinsights_sitenote_note":"","_monsterinsights_sitenote_category":0},"product_brand":[],"product_cat":[12274,12284],"product_tag":[],"class_list":{"0":"post-745694","1":"product","2":"type-product","3":"status-publish","5":"product_cat-cocuk-ve-genclik-kitaplari","6":"product_cat-hikayeler","7":"pa_cilt-ciltsiz","8":"pa_tur-kitap","9":"pa_yayinevi-yagmur-cocuk-yayinlari","10":"pa_yazar-cihan-bahadir","12":"first","13":"instock","14":"sale","15":"shipping-taxable","16":"purchasable","17":"product-type-simple"},"_links":{"self":[{"href":"https:\/\/roveyayinevi.com.tr\/index.php\/wp-json\/wp\/v2\/product\/745694","targetHints":{"allow":["GET"]}}],"collection":[{"href":"https:\/\/roveyayinevi.com.tr\/index.php\/wp-json\/wp\/v2\/product"}],"about":[{"href":"https:\/\/roveyayinevi.com.tr\/index.php\/wp-json\/wp\/v2\/types\/product"}],"wp:attachment":[{"href":"https:\/\/roveyayinevi.com.tr\/index.php\/wp-json\/wp\/v2\/media?parent=745694"}],"wp:term":[{"taxonomy":"product_brand","embeddable":true,"href":"https:\/\/roveyayinevi.com.tr\/index.php\/wp-json\/wp\/v2\/product_brand?post=745694"},{"taxonomy":"product_cat","embeddable":true,"href":"https:\/\/roveyayinevi.com.tr\/index.php\/wp-json\/wp\/v2\/product_cat?post=745694"},{"taxonomy":"product_tag","embeddable":true,"href":"https:\/\/roveyayinevi.com.tr\/index.php\/wp-json\/wp\/v2\/product_tag?post=745694"}],"curies":[{"name":"wp","href":"https:\/\/api.w.org\/{rel}","templated":true}]}}