{"id":745692,"date":"2025-08-28T02:25:48","date_gmt":"2025-08-27T23:25:48","guid":{"rendered":"https:\/\/roveyayinevi.com.tr\/index.php\/urun\/ah-kalbim-2\/"},"modified":"2026-04-16T02:58:19","modified_gmt":"2026-04-15T23:58:19","slug":"ah-kalbim-2","status":"publish","type":"product","link":"https:\/\/roveyayinevi.com.tr\/index.php\/urun\/ah-kalbim-2\/","title":{"rendered":"Ah Kalbim"},"content":{"rendered":"<p>Benim ad\u0131m LalHepiniz gibi benim de duygular\u0131m varBazen mutluluk \u0131s\u0131t\u0131r i\u00e7imiS\u0131cak bir yaz g\u00fcne\u015fi gibiBazen \u00fcz\u00fcl\u00fcr\u00fcm bulutlan\u0131r g\u00f6zlerimSo\u011fuk bir k\u0131\u015f g\u00fcn\u00fc gibi\u0130\u015fte benim duygular\u0131m daMevsimler gibiPeki \u015fimdi,Birlikte ke\u015ffetmeye ne dersin?Senin kalbindeki mevsimleri&#8230;<\/p>\n","protected":false},"excerpt":{"rendered":"<p>Benim ad\u0131m LalHepiniz gibi benim de duygular\u0131m varBazen mutluluk \u0131s\u0131t\u0131r i\u00e7imiS\u0131cak bir yaz g\u00fcne\u015fi gibiBazen \u00fcz\u00fcl\u00fcr\u00fcm bulutlan\u0131r g\u00f6zlerimSo\u011fuk bir k\u0131\u015f g\u00fcn\u00fc gibi\u0130\u015fte benim duygular\u0131m daMevsimler gibiPeki<span class=\"excerpt-hellip\"> [\u2026]<\/span><\/p>\n","protected":false},"featured_media":0,"template":"","meta":{"_monsterinsights_skip_tracking":false,"_monsterinsights_sitenote_active":false,"_monsterinsights_sitenote_note":"","_monsterinsights_sitenote_category":0},"product_brand":[],"product_cat":[12274,12284],"product_tag":[],"class_list":{"0":"post-745692","1":"product","2":"type-product","3":"status-publish","5":"product_cat-cocuk-ve-genclik-kitaplari","6":"product_cat-hikayeler","7":"pa_cilt-ciltsiz","8":"pa_tur-kitap","9":"pa_yayinevi-parmak-cocuk-yayinlari","10":"pa_yazar-sevil-koybasi","12":"first","13":"instock","14":"sale","15":"shipping-taxable","16":"purchasable","17":"product-type-simple"},"_links":{"self":[{"href":"https:\/\/roveyayinevi.com.tr\/index.php\/wp-json\/wp\/v2\/product\/745692","targetHints":{"allow":["GET"]}}],"collection":[{"href":"https:\/\/roveyayinevi.com.tr\/index.php\/wp-json\/wp\/v2\/product"}],"about":[{"href":"https:\/\/roveyayinevi.com.tr\/index.php\/wp-json\/wp\/v2\/types\/product"}],"wp:attachment":[{"href":"https:\/\/roveyayinevi.com.tr\/index.php\/wp-json\/wp\/v2\/media?parent=745692"}],"wp:term":[{"taxonomy":"product_brand","embeddable":true,"href":"https:\/\/roveyayinevi.com.tr\/index.php\/wp-json\/wp\/v2\/product_brand?post=745692"},{"taxonomy":"product_cat","embeddable":true,"href":"https:\/\/roveyayinevi.com.tr\/index.php\/wp-json\/wp\/v2\/product_cat?post=745692"},{"taxonomy":"product_tag","embeddable":true,"href":"https:\/\/roveyayinevi.com.tr\/index.php\/wp-json\/wp\/v2\/product_tag?post=745692"}],"curies":[{"name":"wp","href":"https:\/\/api.w.org\/{rel}","templated":true}]}}