{"id":745690,"date":"2025-08-28T02:25:45","date_gmt":"2025-08-27T23:25:45","guid":{"rendered":"https:\/\/roveyayinevi.com.tr\/index.php\/urun\/dunyamizi-koruyalim-enerji-verimliligi\/"},"modified":"2026-04-16T02:58:19","modified_gmt":"2026-04-15T23:58:19","slug":"dunyamizi-koruyalim-enerji-verimliligi","status":"publish","type":"product","link":"https:\/\/roveyayinevi.com.tr\/index.php\/urun\/dunyamizi-koruyalim-enerji-verimliligi\/","title":{"rendered":"D\u00fcnyam\u0131z\u0131 Koruyal\u0131m &#8211; Enerji Verimlili\u011fi"},"content":{"rendered":"<p>Enerji Verimlili\u011fi \u00fcretimde, i\u015f g\u00fcc\u00fcm\u00fczde, g\u00fcnl\u00fck ya\u015fam\u0131m\u0131z\u0131n ak\u0131\u015f h\u0131z\u0131nda ve konforunda herhangi bir azalma olmadan enerjiyi en do\u011fru \u015fekilde kullanmak, israf etmemektir. Enerjiyi do\u011fru kullanmak d\u00fcnyan\u0131n ya\u015fan\u0131r bir yer olmas\u0131, d\u00fcnyadaki ya\u015fam\u0131n devaml\u0131l\u0131\u011f\u0131 a\u00e7\u0131s\u0131ndan  \u00e7ok \u00f6nemlidir. Bu nedenle enerji tasarrufu ve enerjinin do\u011fru kullan\u0131m\u0131 herkesin g\u00f6revidir. Peki,  enerji nas\u0131l verimli kullan\u0131l\u0131r? Selin ve \u00c7a\u011flar, babalar\u0131yla bu konu \u00fczerine konu\u015fuyor. Onlara kat\u0131lal\u0131m ve ya\u015fam\u0131n enerjisini koruyal\u0131m.<\/p>\n","protected":false},"excerpt":{"rendered":"<p>Enerji Verimlili\u011fi \u00fcretimde, i\u015f g\u00fcc\u00fcm\u00fczde, g\u00fcnl\u00fck ya\u015fam\u0131m\u0131z\u0131n ak\u0131\u015f h\u0131z\u0131nda ve konforunda herhangi bir azalma olmadan enerjiyi en do\u011fru \u015fekilde kullanmak, israf etmemektir. Enerjiyi do\u011fru kullanmak d\u00fcnyan\u0131n<span class=\"excerpt-hellip\"> [\u2026]<\/span><\/p>\n","protected":false},"featured_media":0,"template":"","meta":{"_monsterinsights_skip_tracking":false,"_monsterinsights_sitenote_active":false,"_monsterinsights_sitenote_note":"","_monsterinsights_sitenote_category":0},"product_brand":[],"product_cat":[12274,12284],"product_tag":[],"class_list":{"0":"post-745690","1":"product","2":"type-product","3":"status-publish","5":"product_cat-cocuk-ve-genclik-kitaplari","6":"product_cat-hikayeler","7":"pa_cilt-ciltsiz","8":"pa_tur-kitap","9":"pa_yayinevi-yagmur-cocuk-yayinlari","10":"pa_yazar-cihan-bahadir","12":"first","13":"instock","14":"sale","15":"shipping-taxable","16":"purchasable","17":"product-type-simple"},"_links":{"self":[{"href":"https:\/\/roveyayinevi.com.tr\/index.php\/wp-json\/wp\/v2\/product\/745690","targetHints":{"allow":["GET"]}}],"collection":[{"href":"https:\/\/roveyayinevi.com.tr\/index.php\/wp-json\/wp\/v2\/product"}],"about":[{"href":"https:\/\/roveyayinevi.com.tr\/index.php\/wp-json\/wp\/v2\/types\/product"}],"wp:attachment":[{"href":"https:\/\/roveyayinevi.com.tr\/index.php\/wp-json\/wp\/v2\/media?parent=745690"}],"wp:term":[{"taxonomy":"product_brand","embeddable":true,"href":"https:\/\/roveyayinevi.com.tr\/index.php\/wp-json\/wp\/v2\/product_brand?post=745690"},{"taxonomy":"product_cat","embeddable":true,"href":"https:\/\/roveyayinevi.com.tr\/index.php\/wp-json\/wp\/v2\/product_cat?post=745690"},{"taxonomy":"product_tag","embeddable":true,"href":"https:\/\/roveyayinevi.com.tr\/index.php\/wp-json\/wp\/v2\/product_tag?post=745690"}],"curies":[{"name":"wp","href":"https:\/\/api.w.org\/{rel}","templated":true}]}}