{"id":745689,"date":"2025-08-28T02:25:44","date_gmt":"2025-08-27T23:25:44","guid":{"rendered":"https:\/\/roveyayinevi.com.tr\/index.php\/urun\/dunyamizi-koruyalim-neden-bu-kadar-sicak\/"},"modified":"2026-04-16T02:58:19","modified_gmt":"2026-04-15T23:58:19","slug":"dunyamizi-koruyalim-neden-bu-kadar-sicak","status":"publish","type":"product","link":"https:\/\/roveyayinevi.com.tr\/index.php\/urun\/dunyamizi-koruyalim-neden-bu-kadar-sicak\/","title":{"rendered":"D\u00fcnyam\u0131z\u0131 Koruyal\u0131m &#8211;  Neden Bu Kadar S\u0131cak?"},"content":{"rendered":"<p>D\u00fcnyam\u0131z\u0131 Koruyal\u0131m &#8211; Neden Bu Kadar S\u0131cak?D\u00fcnyam\u0131z neden bu kadar \u0131s\u0131n\u0131yor? Yoksa birileri onu kat kat giydiriyor mu? K\u00fcresel \u0131s\u0131nma,  t\u00fcm insanl\u0131\u011f\u0131n ortak sorunu. \u0130nsanl\u0131k devam edecekse bu sorunun \u00e7\u00f6z\u00fclmesi gerekiyor. K\u00fcresel Is\u0131nma Nedir, Nas\u0131l \u00d6nlenecek? Mine, annesi ile bu sorulara yan\u0131t ar\u0131yor. Ona kat\u0131lal\u0131m,  biz de d\u00fcnyam\u0131z i\u00e7in \u00fcst\u00fcm\u00fcze d\u00fc\u015feni yapal\u0131m.<\/p>\n","protected":false},"excerpt":{"rendered":"<p>D\u00fcnyam\u0131z\u0131 Koruyal\u0131m &#8211; Neden Bu Kadar S\u0131cak?D\u00fcnyam\u0131z neden bu kadar \u0131s\u0131n\u0131yor? Yoksa birileri onu kat kat giydiriyor mu? K\u00fcresel \u0131s\u0131nma, t\u00fcm insanl\u0131\u011f\u0131n ortak sorunu. \u0130nsanl\u0131k devam<span class=\"excerpt-hellip\"> [\u2026]<\/span><\/p>\n","protected":false},"featured_media":0,"template":"","meta":{"_monsterinsights_skip_tracking":false,"_monsterinsights_sitenote_active":false,"_monsterinsights_sitenote_note":"","_monsterinsights_sitenote_category":0},"product_brand":[],"product_cat":[12274,12284],"product_tag":[],"class_list":{"0":"post-745689","1":"product","2":"type-product","3":"status-publish","5":"product_cat-cocuk-ve-genclik-kitaplari","6":"product_cat-hikayeler","7":"pa_cilt-ciltsiz","8":"pa_tur-kitap","9":"pa_yayinevi-yagmur-cocuk-yayinlari","10":"pa_yazar-cihan-bahadir","12":"first","13":"instock","14":"sale","15":"shipping-taxable","16":"purchasable","17":"product-type-simple"},"_links":{"self":[{"href":"https:\/\/roveyayinevi.com.tr\/index.php\/wp-json\/wp\/v2\/product\/745689","targetHints":{"allow":["GET"]}}],"collection":[{"href":"https:\/\/roveyayinevi.com.tr\/index.php\/wp-json\/wp\/v2\/product"}],"about":[{"href":"https:\/\/roveyayinevi.com.tr\/index.php\/wp-json\/wp\/v2\/types\/product"}],"wp:attachment":[{"href":"https:\/\/roveyayinevi.com.tr\/index.php\/wp-json\/wp\/v2\/media?parent=745689"}],"wp:term":[{"taxonomy":"product_brand","embeddable":true,"href":"https:\/\/roveyayinevi.com.tr\/index.php\/wp-json\/wp\/v2\/product_brand?post=745689"},{"taxonomy":"product_cat","embeddable":true,"href":"https:\/\/roveyayinevi.com.tr\/index.php\/wp-json\/wp\/v2\/product_cat?post=745689"},{"taxonomy":"product_tag","embeddable":true,"href":"https:\/\/roveyayinevi.com.tr\/index.php\/wp-json\/wp\/v2\/product_tag?post=745689"}],"curies":[{"name":"wp","href":"https:\/\/api.w.org\/{rel}","templated":true}]}}