{"id":745684,"date":"2025-08-28T02:25:36","date_gmt":"2025-08-27T23:25:36","guid":{"rendered":"https:\/\/roveyayinevi.com.tr\/index.php\/urun\/gece-ucusu-5\/"},"modified":"2026-03-30T03:04:36","modified_gmt":"2026-03-30T00:04:36","slug":"gece-ucusu-5","status":"publish","type":"product","link":"https:\/\/roveyayinevi.com.tr\/index.php\/urun\/gece-ucusu-5\/","title":{"rendered":"Gece U\u00e7u\u015fu"},"content":{"rendered":"<p>Y\u00f6netici konumundaki ki\u015filerin insani duygular\u0131n\u0131 diyalektik bir yakla\u015f\u0131mla irdeleyen yazar\u0131n kendine \u00f6zg\u00fc \u00e7\u00f6z\u00fcmlemeleri\u2026 Abart\u0131lm\u0131\u015f gibi g\u00f6r\u00fcnen ama samimi duygularla beslenen \u00f6zg\u00fcn bir g\u00f6rev sorumluluk anlay\u0131\u015f\u0131\u2026 Kitab\u0131n her sat\u0131r\u0131nda hissedilen insan s\u0131cakl\u0131\u011f\u0131\u2026 Gidip de d\u00f6n(e)meyen bir pilotun hazin \u00f6yk\u00fcs\u00fcnden yola \u00e7\u0131k\u0131larak kurgulanm\u0131\u015f bir kitap GECE U\u00c7U\u015eU!<\/p>\n","protected":false},"excerpt":{"rendered":"<p>Y\u00f6netici konumundaki ki\u015filerin insani duygular\u0131n\u0131 diyalektik bir yakla\u015f\u0131mla irdeleyen yazar\u0131n kendine \u00f6zg\u00fc \u00e7\u00f6z\u00fcmlemeleri\u2026 Abart\u0131lm\u0131\u015f gibi g\u00f6r\u00fcnen ama samimi duygularla beslenen \u00f6zg\u00fcn bir g\u00f6rev sorumluluk anlay\u0131\u015f\u0131\u2026 Kitab\u0131n<span class=\"excerpt-hellip\"> [\u2026]<\/span><\/p>\n","protected":false},"featured_media":0,"template":"","meta":{"_monsterinsights_skip_tracking":false,"_monsterinsights_sitenote_active":false,"_monsterinsights_sitenote_note":"","_monsterinsights_sitenote_category":0},"product_brand":[],"product_cat":[12291,12711],"product_tag":[],"class_list":{"0":"post-745684","1":"product","2":"type-product","3":"status-publish","5":"product_cat-edebiyat","6":"product_cat-roman-oyku","7":"pa_cilt-ciltsiz","8":"pa_tur-kitap","9":"pa_yayinevi-smirna-yayinlari","10":"pa_yazar-antoine-de-saint-exupery","12":"first","13":"instock","14":"sale","15":"shipping-taxable","16":"purchasable","17":"product-type-simple"},"_links":{"self":[{"href":"https:\/\/roveyayinevi.com.tr\/index.php\/wp-json\/wp\/v2\/product\/745684","targetHints":{"allow":["GET"]}}],"collection":[{"href":"https:\/\/roveyayinevi.com.tr\/index.php\/wp-json\/wp\/v2\/product"}],"about":[{"href":"https:\/\/roveyayinevi.com.tr\/index.php\/wp-json\/wp\/v2\/types\/product"}],"wp:attachment":[{"href":"https:\/\/roveyayinevi.com.tr\/index.php\/wp-json\/wp\/v2\/media?parent=745684"}],"wp:term":[{"taxonomy":"product_brand","embeddable":true,"href":"https:\/\/roveyayinevi.com.tr\/index.php\/wp-json\/wp\/v2\/product_brand?post=745684"},{"taxonomy":"product_cat","embeddable":true,"href":"https:\/\/roveyayinevi.com.tr\/index.php\/wp-json\/wp\/v2\/product_cat?post=745684"},{"taxonomy":"product_tag","embeddable":true,"href":"https:\/\/roveyayinevi.com.tr\/index.php\/wp-json\/wp\/v2\/product_tag?post=745684"}],"curies":[{"name":"wp","href":"https:\/\/api.w.org\/{rel}","templated":true}]}}