{"id":745665,"date":"2025-08-28T02:25:11","date_gmt":"2025-08-27T23:25:11","guid":{"rendered":"https:\/\/roveyayinevi.com.tr\/index.php\/urun\/cocuklara-siirler-gun-olur\/"},"modified":"2026-04-16T02:58:18","modified_gmt":"2026-04-15T23:58:18","slug":"cocuklara-siirler-gun-olur","status":"publish","type":"product","link":"https:\/\/roveyayinevi.com.tr\/index.php\/urun\/cocuklara-siirler-gun-olur\/","title":{"rendered":"\u00c7ocuklara \u015eiirler G\u00fcn Olur"},"content":{"rendered":"<p>Bu kitap, Orhan Veli Kan\u0131k \u015fiirlerinden sizler i\u00e7in haz\u0131rlanan \u00f6zel bir se\u00e7kidir. Sizler i\u00e7in se\u00e7ti\u011fimiz ve severek okuyaca\u011f\u0131n\u0131za inand\u0131\u011f\u0131m\u0131z bu \u015fiirlerin Seviye MER\u0130H taraf\u0131ndan ger\u00e7ekle\u015ftirilen seslendirmeleri kitaptaki QR kodlar arac\u0131l\u0131\u011f\u0131yla dinleyebilirsiniz. Orhan Veli t\u00fcm \u00e7a\u011flara t\u00fcm ya\u015flara hitap eden b\u00fcy\u00fck bir \u015fairdir. Onun \u015fiirini \u00e7ocuklarla bulu\u015fturman\u0131n mutlulu\u011funu ya\u015f\u0131yoruz.<\/p>\n","protected":false},"excerpt":{"rendered":"<p>Bu kitap, Orhan Veli Kan\u0131k \u015fiirlerinden sizler i\u00e7in haz\u0131rlanan \u00f6zel bir se\u00e7kidir. Sizler i\u00e7in se\u00e7ti\u011fimiz ve severek okuyaca\u011f\u0131n\u0131za inand\u0131\u011f\u0131m\u0131z bu \u015fiirlerin Seviye MER\u0130H taraf\u0131ndan ger\u00e7ekle\u015ftirilen seslendirmeleri<span class=\"excerpt-hellip\"> [\u2026]<\/span><\/p>\n","protected":false},"featured_media":0,"template":"","meta":{"_monsterinsights_skip_tracking":false,"_monsterinsights_sitenote_active":false,"_monsterinsights_sitenote_note":"","_monsterinsights_sitenote_category":0},"product_brand":[],"product_cat":[35958],"product_tag":[],"class_list":{"0":"post-745665","1":"product","2":"type-product","3":"status-publish","5":"product_cat-siir-2","6":"pa_cilt-ciltsiz","7":"pa_tur-kitap","8":"pa_yayinevi-parmak-cocuk-yayinlari","9":"pa_yazar-orhan-veli","11":"first","12":"instock","13":"sale","14":"shipping-taxable","15":"purchasable","16":"product-type-simple"},"_links":{"self":[{"href":"https:\/\/roveyayinevi.com.tr\/index.php\/wp-json\/wp\/v2\/product\/745665","targetHints":{"allow":["GET"]}}],"collection":[{"href":"https:\/\/roveyayinevi.com.tr\/index.php\/wp-json\/wp\/v2\/product"}],"about":[{"href":"https:\/\/roveyayinevi.com.tr\/index.php\/wp-json\/wp\/v2\/types\/product"}],"wp:attachment":[{"href":"https:\/\/roveyayinevi.com.tr\/index.php\/wp-json\/wp\/v2\/media?parent=745665"}],"wp:term":[{"taxonomy":"product_brand","embeddable":true,"href":"https:\/\/roveyayinevi.com.tr\/index.php\/wp-json\/wp\/v2\/product_brand?post=745665"},{"taxonomy":"product_cat","embeddable":true,"href":"https:\/\/roveyayinevi.com.tr\/index.php\/wp-json\/wp\/v2\/product_cat?post=745665"},{"taxonomy":"product_tag","embeddable":true,"href":"https:\/\/roveyayinevi.com.tr\/index.php\/wp-json\/wp\/v2\/product_tag?post=745665"}],"curies":[{"name":"wp","href":"https:\/\/api.w.org\/{rel}","templated":true}]}}