{"id":745662,"date":"2025-08-28T02:25:07","date_gmt":"2025-08-27T23:25:07","guid":{"rendered":"https:\/\/roveyayinevi.com.tr\/index.php\/urun\/bir-kentin-gizli-tarihi\/"},"modified":"2026-04-16T02:58:18","modified_gmt":"2026-04-15T23:58:18","slug":"bir-kentin-gizli-tarihi","status":"publish","type":"product","link":"https:\/\/roveyayinevi.com.tr\/index.php\/urun\/bir-kentin-gizli-tarihi\/","title":{"rendered":"Bir Kentin Gizli Tarihi"},"content":{"rendered":"<p>Kent hisseder, dokunur, a\u011flar, g\u00fcler. \u0130nsana dair her \u015feydir kent. Bildliklerimiz, bilmediklerimiz, duyduklar\u0131m\u0131z, duymad\u0131klar\u0131m\u0131z, g\u00f6rd\u00fcklerimiz, g\u00f6rmediklerimiz\u2026 Bir Kentin, \u0130zmir\u2019in; kahkahalar\u0131 ve \u00e7\u0131\u011fl\u0131klar\u0131\u2026 O b\u00fcy\u00fcl\u00fc dizeleri \u00f6nce okuyup sonra QR kodu okutarak dinleyebilirsiniz.<\/p>\n","protected":false},"excerpt":{"rendered":"<p>Kent hisseder, dokunur, a\u011flar, g\u00fcler. \u0130nsana dair her \u015feydir kent. Bildliklerimiz, bilmediklerimiz, duyduklar\u0131m\u0131z, duymad\u0131klar\u0131m\u0131z, g\u00f6rd\u00fcklerimiz, g\u00f6rmediklerimiz\u2026 Bir Kentin, \u0130zmir\u2019in; kahkahalar\u0131 ve \u00e7\u0131\u011fl\u0131klar\u0131\u2026 O b\u00fcy\u00fcl\u00fc dizeleri \u00f6nce<span class=\"excerpt-hellip\"> [\u2026]<\/span><\/p>\n","protected":false},"featured_media":0,"template":"","meta":{"_monsterinsights_skip_tracking":false,"_monsterinsights_sitenote_active":false,"_monsterinsights_sitenote_note":"","_monsterinsights_sitenote_category":0},"product_brand":[],"product_cat":[12291,12509],"product_tag":[],"class_list":{"0":"post-745662","1":"product","2":"type-product","3":"status-publish","5":"product_cat-edebiyat","6":"product_cat-siir","7":"pa_cilt-ciltsiz","8":"pa_tur-kitap","9":"pa_yayinevi-smirna-yayinlari","10":"pa_yazar-haluk-isik","12":"first","13":"instock","14":"sale","15":"shipping-taxable","16":"purchasable","17":"product-type-simple"},"_links":{"self":[{"href":"https:\/\/roveyayinevi.com.tr\/index.php\/wp-json\/wp\/v2\/product\/745662","targetHints":{"allow":["GET"]}}],"collection":[{"href":"https:\/\/roveyayinevi.com.tr\/index.php\/wp-json\/wp\/v2\/product"}],"about":[{"href":"https:\/\/roveyayinevi.com.tr\/index.php\/wp-json\/wp\/v2\/types\/product"}],"wp:attachment":[{"href":"https:\/\/roveyayinevi.com.tr\/index.php\/wp-json\/wp\/v2\/media?parent=745662"}],"wp:term":[{"taxonomy":"product_brand","embeddable":true,"href":"https:\/\/roveyayinevi.com.tr\/index.php\/wp-json\/wp\/v2\/product_brand?post=745662"},{"taxonomy":"product_cat","embeddable":true,"href":"https:\/\/roveyayinevi.com.tr\/index.php\/wp-json\/wp\/v2\/product_cat?post=745662"},{"taxonomy":"product_tag","embeddable":true,"href":"https:\/\/roveyayinevi.com.tr\/index.php\/wp-json\/wp\/v2\/product_tag?post=745662"}],"curies":[{"name":"wp","href":"https:\/\/api.w.org\/{rel}","templated":true}]}}